{"id":29918,"date":"2019-02-04T16:04:48","date_gmt":"2019-02-04T16:04:48","guid":{"rendered":"https:\/\/youngexplorersclub.ch\/datenschutzrichtlinie\/"},"modified":"2025-08-06T05:46:15","modified_gmt":"2025-08-06T05:46:15","slug":"datenschutzrichtlinie","status":"publish","type":"page","link":"https:\/\/youngexplorersclub.ch\/de\/datenschutzrichtlinie\/","title":{"rendered":"Datenschutzbestimmungen"},"content":{"rendered":"<style>.kb-row-layout-wrap.wp-block-kadence-rowlayout.kb-row-layout-id29919_0b6a66-51{margin-top:-15px;margin-bottom:0px;}.kb-row-layout-id29919_0b6a66-51 > .kt-row-column-wrap{align-content:center;}:where(.kb-row-layout-id29919_0b6a66-51 > .kt-row-column-wrap) > .wp-block-kadence-column{justify-content:center;}.kb-row-layout-id29919_0b6a66-51 > .kt-row-column-wrap{column-gap:var(--global-kb-gap-md, 2rem);row-gap:var(--global-kb-gap-md, 2rem);max-width:1920px;margin-left:auto;margin-right:auto;padding-top:0px;padding-right:0px;padding-left:30px;grid-template-columns:minmax(0, 1fr);}.kb-row-layout-id29919_0b6a66-51 > .kt-row-layout-overlay{opacity:0.30;}@media all and (max-width: 1024px){.kb-row-layout-id29919_0b6a66-51 > .kt-row-column-wrap{grid-template-columns:minmax(0, 1fr);}}@media all and (max-width: 767px){.kb-row-layout-wrap.wp-block-kadence-rowlayout.kb-row-layout-id29919_0b6a66-51{margin-top:-25px;}.kb-row-layout-id29919_0b6a66-51 > .kt-row-column-wrap{padding-top:0px;padding-right:10px;padding-bottom:20px;padding-left:10px;grid-template-columns:minmax(0, 1fr);}}<\/style><div class=\"kb-row-layout-wrap kb-row-layout-id29919_0b6a66-51 alignfull wp-block-kadence-rowlayout\"><div class=\"kt-row-column-wrap kt-has-1-columns kt-row-layout-equal kt-tab-layout-inherit kt-mobile-layout-row kt-row-valign-middle\">\n<style>.kadence-column29919_4c3f97-29 > .kt-inside-inner-col{padding-top:0px;padding-right:0px;padding-bottom:0px;padding-left:0px;}.kadence-column29919_4c3f97-29 > .kt-inside-inner-col,.kadence-column29919_4c3f97-29 > .kt-inside-inner-col:before{border-top-left-radius:0px;border-top-right-radius:0px;border-bottom-right-radius:0px;border-bottom-left-radius:0px;}.kadence-column29919_4c3f97-29 > .kt-inside-inner-col{column-gap:var(--global-kb-gap-sm, 1rem);}.kadence-column29919_4c3f97-29 > .kt-inside-inner-col{flex-direction:column;}.kadence-column29919_4c3f97-29 > .kt-inside-inner-col > .aligncenter{width:100%;}.kadence-column29919_4c3f97-29 > .kt-inside-inner-col:before{opacity:0.3;}.kadence-column29919_4c3f97-29{position:relative;}@media all and (max-width: 1024px){.kadence-column29919_4c3f97-29 > .kt-inside-inner-col{flex-direction:column;justify-content:center;}}@media all and (max-width: 767px){.kadence-column29919_4c3f97-29 > .kt-inside-inner-col{flex-direction:column;justify-content:center;}}<\/style>\n<div class=\"wp-block-kadence-column kadence-column29919_4c3f97-29\"><div class=\"kt-inside-inner-col\"><style>.wp-block-kadence-advancedheading.kt-adv-heading29919_0a2a7f-e3, .wp-block-kadence-advancedheading.kt-adv-heading29919_0a2a7f-e3[data-kb-block=\"kb-adv-heading29919_0a2a7f-e3\"]{padding-top:0px;padding-right:10px;padding-bottom:0px;padding-left:10px;font-size:18px;font-weight:500;font-style:normal;font-family:Nunito;}.wp-block-kadence-advancedheading.kt-adv-heading29919_0a2a7f-e3 mark.kt-highlight, .wp-block-kadence-advancedheading.kt-adv-heading29919_0a2a7f-e3[data-kb-block=\"kb-adv-heading29919_0a2a7f-e3\"] mark.kt-highlight{font-style:normal;color:#f76a0c;-webkit-box-decoration-break:clone;box-decoration-break:clone;padding-top:0px;padding-right:0px;padding-bottom:0px;padding-left:0px;}.wp-block-kadence-advancedheading.kt-adv-heading29919_0a2a7f-e3 img.kb-inline-image, .wp-block-kadence-advancedheading.kt-adv-heading29919_0a2a7f-e3[data-kb-block=\"kb-adv-heading29919_0a2a7f-e3\"] img.kb-inline-image{width:150px;vertical-align:baseline;}@media all and (max-width: 767px){.wp-block-kadence-advancedheading.kt-adv-heading29919_0a2a7f-e3, .wp-block-kadence-advancedheading.kt-adv-heading29919_0a2a7f-e3[data-kb-block=\"kb-adv-heading29919_0a2a7f-e3\"]{padding-right:0px;padding-left:0px;font-size:15px;}}<\/style>\n<p class=\"kt-adv-heading29919_0a2a7f-e3 wp-block-kadence-advancedheading has-theme-palette-3-color has-text-color\" data-kb-block=\"kb-adv-heading29919_0a2a7f-e3\"><strong>A. Einf\u00fchrung<\/strong><br\/><br\/>1. Die Privatsph\u00e4re der Besucher unserer Website ist uns sehr wichtig, und wir verpflichten uns, sie zu sch\u00fctzen. Diese Richtlinie beschreibt, wie wir mit Ihren pers\u00f6nlichen Daten umgehen.<br\/>2. Wenn Sie bei Ihrem ersten Besuch auf unserer Website der Verwendung von Cookies in \u00dcbereinstimmung mit dieser Richtlinie zustimmen, k\u00f6nnen wir bei jedem Besuch unserer Website Cookies verwenden.<br\/><br\/><strong>B. Quelle<\/strong><br\/>Dieses Dokument wurde mit einer Vorlage von SEQ Legal (seqlegal.com) erstellt.<br\/>und wurde von Website Planet ( <a href=\"https:\/\/www.websiteplanet.com\/\" target=\"_blank\" rel=\"noreferrer noopener\">www.websiteplanet.com<\/a> ) ge\u00e4ndert.<br\/><br\/><strong>C. Erfassung pers\u00f6nlicher Informationen<\/strong><br\/>Die folgenden Arten von pers\u00f6nlichen Daten k\u00f6nnen gesammelt, gespeichert und verwendet werden:<br\/>1. Informationen \u00fcber Ihren Computer, einschlie\u00dflich Ihrer IP-Adresse, Ihres geografischen Standorts, des Browsertyps und der Browserversion sowie des Betriebssystems;<br\/>2. Informationen \u00fcber Ihre Besuche auf und die Nutzung dieser Website, einschlie\u00dflich der verweisenden Quelle, der Dauer des Besuchs, der Seitenaufrufe und der Navigationspfade auf der Website;<br\/>3. Informationen wie Ihre E-Mail-Adresse, die Sie uns bei der Registrierung auf der Website zur Verf\u00fcgung stellen;<br\/>4. Informationen, die Sie eingeben, wenn Sie ein Profil auf unserer Website erstellen, wie z. B. Ihren Namen, Ihr Profilbild, Ihr Geschlecht, Ihr Geburtsdatum, Ihren Beziehungsstatus, Ihre Interessen und Hobbys, Ihren Bildungshintergrund und Ihren beruflichen Werdegang;<br\/>5. Informationen wie Ihr Name und Ihre E-Mail-Adresse, die Sie eingeben, um unsere E-Mails und\/oder Newsletter zu abonnieren;<br\/>6. Informationen, die Sie eingeben, wenn Sie die Dienste unserer Website nutzen;<br\/>7. Informationen, die generiert werden, wenn Sie unsere Website nutzen, einschlie\u00dflich wann, wie oft und unter welchen Umst\u00e4nden Sie sie nutzen;<br\/>8. Informationen in Bezug auf K\u00e4ufe, die Sie t\u00e4tigen, Dienstleistungen, die Sie in Anspruch nehmen, oder Transaktionen, die Sie auf unserer Website durchf\u00fchren, einschlie\u00dflich Ihres Namens, Ihrer Adresse, Telefonnummer, E-Mail-Adresse und Bankdaten;<br\/>9. Informationen, die Sie auf unserer Website mit der Absicht einstellen, sie im Internet zu ver\u00f6ffentlichen, einschlie\u00dflich Ihres Benutzernamens, Ihrer Profilbilder und des Inhalts Ihrer Beitr\u00e4ge;<br\/>10. Informationen, die in Mitteilungen enthalten sind, die Sie per E-Mail oder \u00fcber unsere Website an uns senden, einschlie\u00dflich deren Inhalt und Metadaten;<br\/>11. Alle anderen pers\u00f6nlichen Informationen, die Sie uns zur Verf\u00fcgung stellen.<br\/>Bevor Sie personenbezogene Daten einer anderen Person an uns weitergeben, m\u00fcssen Sie die Zustimmung dieser Person in Bezug auf die Weitergabe und Verarbeitung dieser personenbezogenen Daten gem\u00e4\u00df den Bedingungen dieser Richtlinie einholen<br\/><br\/><strong>D. Verwendung Ihrer pers\u00f6nlichen Informationen<\/strong><br\/>Pers\u00f6nliche Daten, die Sie uns \u00fcber unsere Website zur Verf\u00fcgung stellen, werden f\u00fcr die in dieser Richtlinie oder auf den entsprechenden Seiten der Website beschriebenen Zwecke verwendet. Wir k\u00f6nnen Ihre pers\u00f6nlichen Daten verwenden, um: <br\/>1. Verwalten Sie unsere Website und unser Gesch\u00e4ft;<br\/>2. Personalisieren Sie unsere Website f\u00fcr Sie;<br\/>3. Um Ihnen die Nutzung der auf unserer Website angebotenen Dienste zu erm\u00f6glichen;<br\/>4. Ihnen auf unserer Website gekaufte Waren zusenden;<br\/>5. Um Ihnen die auf unserer Website gekauften Dienstleistungen zur Verf\u00fcgung zu stellen;<br\/>6. Wir senden Ihnen Ausz\u00fcge, Rechnungen und Zahlungserinnerungen und ziehen Ihre Zahlungen ein;<br\/>7. Ihnen nicht-marketingbezogene Marketingmitteilungen zu senden;<br\/>8. Ihnen E-Mail-Benachrichtigungen zu senden, die Sie ausdr\u00fccklich angefordert haben;<br\/>9. Ihnen unseren Newsletter per E-Mail zusenden, wenn Sie ihn angefordert haben (Sie k\u00f6nnen uns jederzeit mitteilen, dass Sie unseren Newsletter nicht mehr erhalten m\u00f6chten);<br\/>10. Ihnen Marketingmitteilungen in Bezug auf unser Gesch\u00e4ft oder sorgf\u00e4ltig ausgew\u00e4hlte Drittunternehmen, von denen wir glauben, dass sie f\u00fcr Sie von Interesse sein k\u00f6nnten, in Form von Postwurfsendungen oder, wenn Sie ausdr\u00fccklich Ihr Einverst\u00e4ndnis gegeben haben, per E-Mail oder \u00e4hnlicher Technologie zu senden (Sie k\u00f6nnen uns jederzeit mitteilen, dass Sie keine Marketingmitteilungen mehr erhalten m\u00f6chten);<br\/>11. Weitergabe von statistischen Informationen \u00fcber unsere Nutzer an Dritte (ohne dass diese Dritten in der Lage sind, einen einzelnen Nutzer anhand dieser Informationen zu identifizieren);<br\/>12. Zur Bearbeitung von Anfragen und Beschwerden, die von Ihnen oder \u00fcber Sie in Bezug auf Ihre Website eingereicht werden;<br\/>13. Die Sicherheit unserer Website aufrechtzuerhalten und Betrug zu verhindern;<br\/>14. die Einhaltung der Bedingungen f\u00fcr die Nutzung unserer Website zu \u00fcberpr\u00fcfen (einschlie\u00dflich der \u00dcberwachung privater Nachrichten, die \u00fcber den privaten Nachrichtendienst unserer Website gesendet werden); und<br\/>15. Andere Verwendungen.<br\/>Wenn Sie personenbezogene Daten zum Zwecke der Ver\u00f6ffentlichung an unsere Website \u00fcbermitteln, werden wir diese ver\u00f6ffentlichen und k\u00f6nnen diese Daten gem\u00e4\u00df den von Ihnen erteilten Genehmigungen verwenden.<br\/>Ihre Datenschutzeinstellungen k\u00f6nnen verwendet werden, um die Ver\u00f6ffentlichung Ihrer Informationen auf unserer Website einzuschr\u00e4nken und k\u00f6nnen in Ihren Datenschutzeinstellungen auf der Website angepasst werden.<br\/>Ohne Ihre ausdr\u00fcckliche Zustimmung werden wir Ihre pers\u00f6nlichen Daten nicht an Dritte f\u00fcr deren Direktmarketing oder das anderer Dritter weitergeben.<br\/><br\/><strong>E. Offenlegung Ihrer pers\u00f6nlichen Informationen<\/strong><br\/>Wir k\u00f6nnen Ihre pers\u00f6nlichen Daten an unsere Mitarbeiter, F\u00fchrungskr\u00e4fte, Versicherer, professionellen Berater, Vertreter, Lieferanten oder Subunternehmer weitergeben, soweit dies f\u00fcr die in dieser Richtlinie dargelegten Zwecke erforderlich ist.<br\/>Wir k\u00f6nnen Ihre pers\u00f6nlichen Daten an jedes Mitglied unserer Unternehmensgruppe (d.h. unsere Tochtergesellschaften, unsere oberste Holdinggesellschaft und alle ihre Tochtergesellschaften) weitergeben, soweit dies f\u00fcr die in dieser Richtlinie genannten Zwecke erforderlich ist.<br\/>Wir k\u00f6nnen Ihre pers\u00f6nlichen Daten weitergeben:<br\/>1. In dem Ma\u00dfe, in dem wir gesetzlich dazu verpflichtet sind;<br\/>2. In Verbindung mit einem laufenden oder zuk\u00fcnftigen Gerichtsverfahren;<br\/>3. Um unsere gesetzlichen Rechte zu begr\u00fcnden, auszu\u00fcben oder zu verteidigen (einschlie\u00dflich der Weitergabe von Informationen an andere zur Betrugspr\u00e4vention und Reduzierung des Kreditrisikos);<br\/>4. An den K\u00e4ufer (oder potenziellen K\u00e4ufer) eines Gesch\u00e4fts oder Verm\u00f6genswerts in unserem Besitz, den wir verkaufen m\u00f6chten (oder in Erw\u00e4gung ziehen); und<br\/>5. An jede Person, von der wir vern\u00fcnftigerweise annehmen, dass sie Teil eines Gerichts oder einer anderen Beh\u00f6rde ist, die f\u00fcr die Offenlegung dieser personenbezogenen Daten zust\u00e4ndig ist, wenn nach unserer Auffassung ein solches Gericht oder eine solche Beh\u00f6rde wahrscheinlich die Offenlegung dieser personenbezogenen Daten verlangen w\u00fcrde.<br\/>Sofern in dieser Richtlinie nicht anders angegeben, werden wir Ihre pers\u00f6nlichen Daten nicht an Dritte weitergeben.<br\/><br\/><strong>F. Internationale Daten\u00fcbertragungen<\/strong><br\/>1. Die von uns erfassten Daten k\u00f6nnen in jedem Land, in dem wir t\u00e4tig sind, gespeichert, verarbeitet und \u00fcbertragen werden, damit wir die Daten in \u00dcbereinstimmung mit dieser Richtlinie nutzen k\u00f6nnen.<br\/>2. Die von uns erfassten Daten k\u00f6nnen in die folgenden L\u00e4nder \u00fcbermittelt werden, deren Datenschutzgesetze nicht denen des Europ\u00e4ischen Wirtschaftsraums entsprechen: die Vereinigten Staaten von Amerika, Russland, Japan, China und Indien.<br\/>3. Pers\u00f6nliche Informationen, die Sie auf unserer Website ver\u00f6ffentlichen oder zur Ver\u00f6ffentlichung einreichen, k\u00f6nnen \u00fcber das Internet auf der ganzen Welt verf\u00fcgbar sein. Wir k\u00f6nnen die Verwendung oder den Missbrauch dieser Informationen durch Dritte nicht verhindern.<br\/>4. Sie erkl\u00e4ren sich ausdr\u00fccklich mit der in diesem Abschnitt F beschriebenen Weitergabe von pers\u00f6nlichen Daten einverstanden.<br\/><br\/><strong>G. Aufbewahrung Ihrer pers\u00f6nlichen Daten<\/strong><br\/>1. Dieser Abschnitt G beschreibt unsere Richtlinien und Verfahren zur Datenaufbewahrung, die uns dabei helfen sollen, unsere gesetzlichen Verpflichtungen hinsichtlich der Aufbewahrung und L\u00f6schung personenbezogener Daten zu erf\u00fcllen.<br\/>2. Pers\u00f6nliche Daten, die wir f\u00fcr einen bestimmten Zweck verarbeiten, werden nicht l\u00e4nger aufbewahrt, als es f\u00fcr diesen Zweck oder diese Zwecke erforderlich ist.<br\/>3. Unbeschadet des Abschnitts G-2 l\u00f6schen wir personenbezogene Daten in diesen Kategorien im Allgemeinen zu dem unten angegebenen Datum und Zeitpunkt: a. Diese Art von pers\u00f6nlichen Daten werden gel\u00f6scht b. {DATUM\/ZEIT EINGEBEN}; und<br\/>{ANDERE DATEN\/ZEITEN EINGEBEN}.<br\/>4. Ungeachtet der anderen Bestimmungen dieses Abschnitts G werden wir Dokumente (einschlie\u00dflich elektronischer Dokumente) mit personenbezogenen Daten aufbewahren: a. Soweit wir gesetzlich dazu verpflichtet sind;<br\/>b. Wenn wir glauben, dass die Dokumente f\u00fcr ein anh\u00e4ngiges oder m\u00f6gliches Gerichtsverfahren relevant sein k\u00f6nnten; und<br\/>c. Um unsere gesetzlichen Rechte zu begr\u00fcnden, auszu\u00fcben oder zu verteidigen (einschlie\u00dflich der Weitergabe von Informationen an andere zum Zwecke der Betrugsbek\u00e4mpfung und der Reduzierung des Kreditrisikos).<br\/><br\/><strong>H. Sicherheit Ihrer pers\u00f6nlichen Daten<\/strong><br\/>1. Wir werden angemessene technische und organisatorische Vorkehrungen treffen, um den Verlust, den Missbrauch oder die Ver\u00e4nderung Ihrer pers\u00f6nlichen Daten zu verhindern.<br\/>2. Wir speichern alle pers\u00f6nlichen Daten, die Sie uns zur Verf\u00fcgung stellen, auf sicheren Servern (passwortgesch\u00fctzt und mit einer Firewall versehen).<br\/>3. Alle elektronischen Finanztransaktionen, die \u00fcber unsere Website get\u00e4tigt werden, werden durch Verschl\u00fcsselungstechnologien gesch\u00fctzt.<br\/>4. Sie erkennen an, dass die \u00dcbertragung von Informationen \u00fcber das Internet von Natur aus unsicher ist und dass wir die Sicherheit Ihrer \u00fcber das Internet gesendeten Daten nicht garantieren k\u00f6nnen.<br\/>5. Sie sind f\u00fcr die Geheimhaltung des Passworts verantwortlich, das Sie f\u00fcr den Zugang zu unserer Website verwenden; wir werden Sie nicht nach Ihrem Passwort fragen (au\u00dfer wenn Sie sich auf unserer Website anmelden).<br\/><br\/><strong>I. \u00c4nderungsantr\u00e4ge<\/strong><br\/>Von Zeit zu Zeit k\u00f6nnen wir diese Richtlinie aktualisieren, indem wir eine neue Version auf unserer Website ver\u00f6ffentlichen. Sie sollten diese Seite regelm\u00e4\u00dfig \u00fcberpr\u00fcfen, um sicherzustellen, dass Sie \u00fcber alle \u00c4nderungen an dieser Richtlinie informiert sind. Wir k\u00f6nnen Sie per E-Mail oder \u00fcber den privaten Nachrichtendienst unserer Website \u00fcber \u00c4nderungen an dieser Richtlinie informieren.<br\/><br\/><strong>J. Ihre Rechte<\/strong><br\/>Sie k\u00f6nnen uns auffordern, Ihnen alle pers\u00f6nlichen Daten, die wir \u00fcber Sie gespeichert haben, zur Verf\u00fcgung zu stellen; die Weitergabe dieser Daten unterliegt den folgenden Bedingungen:<br\/>1. Geb\u00fchrenzahlung {GEBEN SIE GEGENST\u00c4NDLICH GEB\u00dcHREN EIN}; und<br\/>2. Vorlage eines ausreichenden Identit\u00e4tsnachweises {ANPASSEN SIE DEN TEXT IHRER POLIZEI AN} (f\u00fcr diese Zwecke akzeptieren wir in der Regel eine notariell beglaubigte Fotokopie Ihres Reisepasses sowie das Original einer Stromrechnung, aus der Ihre aktuelle Adresse hervorgeht).<br\/>Wir k\u00f6nnen die von Ihnen angeforderten pers\u00f6nlichen Daten in dem gesetzlich zul\u00e4ssigen Umfang aufbewahren.<br\/>Sie k\u00f6nnen uns jederzeit auffordern, Ihre pers\u00f6nlichen Daten nicht f\u00fcr Marketingzwecke zu verarbeiten.<br\/>In der Praxis werden Sie im Voraus ausdr\u00fccklich Ihre Zustimmung zur Verwendung Ihrer pers\u00f6nlichen Daten f\u00fcr Marketingzwecke geben oder wir werden Ihnen die M\u00f6glichkeit geben, die Verwendung Ihrer pers\u00f6nlichen Daten f\u00fcr Marketingzwecke abzulehnen.<br\/><br\/><strong>K. Websites von Drittanbietern<\/strong><br\/>Unsere Website enth\u00e4lt Hyperlinks zu Websites Dritter und Informationen \u00fcber diese. Wir haben keine Kontrolle \u00fcber diese Websites und sind nicht verantwortlich f\u00fcr deren Datenschutzrichtlinien oder -praktiken. <br\/><br\/><strong>L. Informationen aktualisieren<\/strong><br\/>Bitte teilen Sie uns mit, wenn die pers\u00f6nlichen Daten, die wir \u00fcber Sie gespeichert haben, korrigiert oder aktualisiert werden m\u00fcssen.<br\/><br\/><strong>M. Kekse<\/strong><br\/>Unsere Website verwendet Cookies. Ein Cookie ist eine Datei, die eine Kennung (eine Zeichenfolge aus Buchstaben und Zahlen) enth\u00e4lt, die von einem Webserver an einen Webbrowser gesendet und von diesem gespeichert wird. Die Kennung wird dann jedes Mal an den Server zur\u00fcckgeschickt, wenn der Browser eine Seite vom Server anfordert. Cookies k\u00f6nnen &#8220;persistent&#8221; oder &#8220;sitzungsbezogen&#8221; sein: Ein persistentes Cookie wird vom Browser gespeichert und bleibt bis zu seinem Ablaufdatum g\u00fcltig, es sei denn, es wird vom Benutzer vor diesem Ablaufdatum gel\u00f6scht. Ein sitzungsbezogenes Cookie l\u00e4uft am Ende der Benutzersitzung ab, wenn der Browser geschlossen wird. Cookies enthalten in der Regel keine Informationen, die zur pers\u00f6nlichen Identifizierung eines Nutzers verwendet werden k\u00f6nnen. Die pers\u00f6nlichen Daten, die wir \u00fcber Sie speichern, k\u00f6nnen jedoch mit den in den Cookies gespeicherten und durch die Cookies erhaltenen Informationen verkn\u00fcpft werden. Wir verwenden auf unserer Website nur Sitzungscookies \/ dauerhafte Cookies \/ Sitzungscookies und dauerhafte Cookies.}<br\/>1. Die Namen der Cookies, die wir auf unserer Website verwenden, und die Zwecke, f\u00fcr die wir sie einsetzen, werden im Folgenden beschrieben: a. Wir verwenden Google Analytics und Adwords auf unserer Website, um: (BESCHREIBEN SIE ALLE WEGE, AUF DENEN COOKIES AUF IHRER WEBSITE VERWENDET WERDEN), um einen Computer zu erkennen, wenn ein Benutzer die Website besucht\/ um Benutzer beim Navigieren auf der Website zu verfolgen\/ um die Verwendung eines Warenkorbs auf der Website zu erm\u00f6glichen\/ um die Nutzung einer Website zu verbessern\/ um die Nutzung der Website zu analysieren\/ um die Website zu verwalten\/ um Betrug zu verhindern und die Sicherheit der Website zu verbessern\/ um die Website f\u00fcr jeden Benutzer zu personalisieren\/ um gezielte Werbung zu senden, die f\u00fcr bestimmte Benutzer von Interesse sein k\u00f6nnte (beschreiben Sie Ihre anderen Zwecke);<br\/>2. Bei den meisten Browsern k\u00f6nnen Sie Cookies ablehnen oder akzeptieren. Was zum Beispiel: a. Mit dem Internet Explorer (Version 10) k\u00f6nnen Sie Cookies blockieren, indem Sie die Einstellungen zur \u00dcberschreibung der Cookie-Verwaltung verwenden, die Sie durch Klicken auf &#8220;Extras&#8221;, &#8220;Internetoptionen&#8221;, &#8220;Datenschutz&#8221; und dann &#8220;Erweitert&#8221; erreichen;<br\/>b. mit Firefox (Version 24) k\u00f6nnen Sie alle Cookies blockieren, indem Sie auf &#8220;Extras&#8221;, &#8220;Optionen&#8221;, &#8220;Datenschutz&#8221; klicken und dann &#8220;Benutzerdefinierte Einstellungen f\u00fcr den Verlauf verwenden&#8221; aus dem Dropdown-Men\u00fc ausw\u00e4hlen und das H\u00e4kchen bei &#8220;Cookies von Websites akzeptieren&#8221; entfernen; und<br\/>c. Bei Chrome (Version 29) k\u00f6nnen Sie alle Cookies blockieren, indem Sie im Men\u00fc &#8220;Anpassen &amp; Steuern&#8221; auf &#8220;Einstellungen&#8221;, &#8220;Erweiterte Einstellungen anzeigen&#8221; und &#8220;Inhaltseinstellungen&#8221; klicken und dann in der Rubrik &#8220;Cookies&#8221; die Option &#8220;Verhindern, dass Websites Daten setzen&#8221; ausw\u00e4hlen.<br\/>Wenn Sie alle Cookies blockieren, hat dies negative Auswirkungen auf die Nutzung vieler Websites. Wenn Sie Cookies blockieren, k\u00f6nnen Sie nicht alle Funktionen unserer Website nutzen. <br\/>3. Sie k\u00f6nnen Cookies l\u00f6schen, die bereits auf Ihrem Computer gespeichert sind. Beispiel: a. mit Internet Explorer (Version 10) m\u00fcssen Sie die Cookie-Datei manuell l\u00f6schen (eine Anleitung dazu finden Sie hier <a href=\"http:\/\/support.microsoft.com\/kb\/278835\" target=\"_blank\" rel=\"noreferrer noopener\">http:\/\/support.microsoft.com\/kb\/278835)<\/a>;<br\/>b. mit Firefox (Version 24) k\u00f6nnen Sie Cookies l\u00f6schen, indem Sie auf &#8220;Extras&#8221;, &#8220;Optionen&#8221; und &#8220;Datenschutz&#8221; klicken, dann &#8220;Benutzerdefinierte Einstellungen f\u00fcr den Verlauf verwenden&#8221; ausw\u00e4hlen und auf &#8220;Cookies anzeigen&#8221; und dann auf &#8220;Alle Cookies l\u00f6schen&#8221; klicken; und<br\/>c. Bei Chrome (Version 29) k\u00f6nnen Sie alle Cookies l\u00f6schen, indem Sie das Men\u00fc &#8220;Anpassen &amp; Kontrollieren&#8221; aufrufen und dann auf &#8220;Einstellungen&#8221;, &#8220;Erweiterte Einstellungen anzeigen&#8221; und &#8220;Browserdaten l\u00f6schen&#8221; klicken, bevor Sie auf &#8220;Browserdaten l\u00f6schen&#8221; klicken.<br\/>4. Das L\u00f6schen von Cookies wird sich negativ auf die Nutzung vieler Websites auswirken.<\/p>\n<\/div><\/div>\n\n<\/div><\/div>","protected":false},"excerpt":{"rendered":"<p>A. Einf\u00fchrung 1. Die Privatsph\u00e4re der Besucher unserer Website ist uns sehr wichtig, und wir verpflichten uns, sie zu sch\u00fctzen. Diese Richtlinie beschreibt, wie wir mit Ihren pers\u00f6nlichen Daten umgehen.2. Wenn Sie bei Ihrem ersten Besuch auf unserer Website der Verwendung von Cookies in \u00dcbereinstimmung mit dieser Richtlinie zustimmen, k\u00f6nnen wir bei jedem Besuch unserer&#8230;<\/p>\n","protected":false},"author":1,"featured_media":0,"parent":0,"menu_order":0,"comment_status":"closed","ping_status":"closed","template":"","meta":{"_kad_blocks_custom_css":"","_kad_blocks_head_custom_js":"","_kad_blocks_body_custom_js":"","_kad_blocks_footer_custom_js":"","_kad_post_transparent":"","_kad_post_title":"hide","_kad_post_layout":"fullwidth","_kad_post_sidebar_id":"","_kad_post_content_style":"","_kad_post_vertical_padding":"","_kad_post_feature":"","_kad_post_feature_position":"","_kad_post_header":false,"_kad_post_footer":false,"_kad_post_classname":"","_joinchat":[],"footnotes":""},"class_list":["post-29918","page","type-page","status-publish","hentry"],"wpml_language":null,"taxonomy_info":[],"featured_image_src_large":false,"author_info":{"display_name":"grivas","author_link":"https:\/\/youngexplorersclub.ch\/de\/author\/grivas\/"},"comment_info":"","_links":{"self":[{"href":"https:\/\/youngexplorersclub.ch\/de\/wp-json\/wp\/v2\/pages\/29918","targetHints":{"allow":["GET"]}}],"collection":[{"href":"https:\/\/youngexplorersclub.ch\/de\/wp-json\/wp\/v2\/pages"}],"about":[{"href":"https:\/\/youngexplorersclub.ch\/de\/wp-json\/wp\/v2\/types\/page"}],"author":[{"embeddable":true,"href":"https:\/\/youngexplorersclub.ch\/de\/wp-json\/wp\/v2\/users\/1"}],"replies":[{"embeddable":true,"href":"https:\/\/youngexplorersclub.ch\/de\/wp-json\/wp\/v2\/comments?post=29918"}],"version-history":[{"count":0,"href":"https:\/\/youngexplorersclub.ch\/de\/wp-json\/wp\/v2\/pages\/29918\/revisions"}],"wp:attachment":[{"href":"https:\/\/youngexplorersclub.ch\/de\/wp-json\/wp\/v2\/media?parent=29918"}],"curies":[{"name":"wp","href":"https:\/\/api.w.org\/{rel}","templated":true}]}}