{"id":18820,"date":"2019-02-04T16:04:48","date_gmt":"2019-02-04T16:04:48","guid":{"rendered":"https:\/\/youngexplorersclub.ch\/politica-de-privacidad\/"},"modified":"2025-08-06T06:01:59","modified_gmt":"2025-08-06T06:01:59","slug":"politica-de-privacidad","status":"publish","type":"page","link":"https:\/\/youngexplorersclub.ch\/es\/politica-de-privacidad\/","title":{"rendered":"Pol\u00edtica de privacidad"},"content":{"rendered":"<style>.kb-row-layout-wrap.wp-block-kadence-rowlayout.kb-row-layout-id29919_0b6a66-51{margin-top:-15px;margin-bottom:0px;}.kb-row-layout-id29919_0b6a66-51 > .kt-row-column-wrap{align-content:center;}:where(.kb-row-layout-id29919_0b6a66-51 > .kt-row-column-wrap) > .wp-block-kadence-column{justify-content:center;}.kb-row-layout-id29919_0b6a66-51 > .kt-row-column-wrap{column-gap:var(--global-kb-gap-md, 2rem);row-gap:var(--global-kb-gap-md, 2rem);max-width:1920px;margin-left:auto;margin-right:auto;padding-top:0px;padding-right:0px;padding-left:30px;grid-template-columns:minmax(0, 1fr);}.kb-row-layout-id29919_0b6a66-51 > .kt-row-layout-overlay{opacity:0.30;}@media all and (max-width: 1024px){.kb-row-layout-id29919_0b6a66-51 > .kt-row-column-wrap{grid-template-columns:minmax(0, 1fr);}}@media all and (max-width: 767px){.kb-row-layout-wrap.wp-block-kadence-rowlayout.kb-row-layout-id29919_0b6a66-51{margin-top:-25px;}.kb-row-layout-id29919_0b6a66-51 > .kt-row-column-wrap{padding-top:0px;padding-right:10px;padding-bottom:20px;padding-left:10px;grid-template-columns:minmax(0, 1fr);}}<\/style><div class=\"kb-row-layout-wrap kb-row-layout-id29919_0b6a66-51 alignfull wp-block-kadence-rowlayout\"><div class=\"kt-row-column-wrap kt-has-1-columns kt-row-layout-equal kt-tab-layout-inherit kt-mobile-layout-row kt-row-valign-middle\">\n<style>.kadence-column29919_4c3f97-29 > .kt-inside-inner-col{padding-top:0px;padding-right:0px;padding-bottom:0px;padding-left:0px;}.kadence-column29919_4c3f97-29 > .kt-inside-inner-col,.kadence-column29919_4c3f97-29 > .kt-inside-inner-col:before{border-top-left-radius:0px;border-top-right-radius:0px;border-bottom-right-radius:0px;border-bottom-left-radius:0px;}.kadence-column29919_4c3f97-29 > .kt-inside-inner-col{column-gap:var(--global-kb-gap-sm, 1rem);}.kadence-column29919_4c3f97-29 > .kt-inside-inner-col{flex-direction:column;}.kadence-column29919_4c3f97-29 > .kt-inside-inner-col > .aligncenter{width:100%;}.kadence-column29919_4c3f97-29 > .kt-inside-inner-col:before{opacity:0.3;}.kadence-column29919_4c3f97-29{position:relative;}@media all and (max-width: 1024px){.kadence-column29919_4c3f97-29 > .kt-inside-inner-col{flex-direction:column;justify-content:center;}}@media all and (max-width: 767px){.kadence-column29919_4c3f97-29 > .kt-inside-inner-col{flex-direction:column;justify-content:center;}}<\/style>\n<div class=\"wp-block-kadence-column kadence-column29919_4c3f97-29\"><div class=\"kt-inside-inner-col\"><style>.wp-block-kadence-advancedheading.kt-adv-heading29919_0a2a7f-e3, .wp-block-kadence-advancedheading.kt-adv-heading29919_0a2a7f-e3[data-kb-block=\"kb-adv-heading29919_0a2a7f-e3\"]{padding-top:0px;padding-right:10px;padding-bottom:0px;padding-left:10px;font-size:18px;font-weight:500;font-style:normal;font-family:Nunito;}.wp-block-kadence-advancedheading.kt-adv-heading29919_0a2a7f-e3 mark.kt-highlight, .wp-block-kadence-advancedheading.kt-adv-heading29919_0a2a7f-e3[data-kb-block=\"kb-adv-heading29919_0a2a7f-e3\"] mark.kt-highlight{font-style:normal;color:#f76a0c;-webkit-box-decoration-break:clone;box-decoration-break:clone;padding-top:0px;padding-right:0px;padding-bottom:0px;padding-left:0px;}.wp-block-kadence-advancedheading.kt-adv-heading29919_0a2a7f-e3 img.kb-inline-image, .wp-block-kadence-advancedheading.kt-adv-heading29919_0a2a7f-e3[data-kb-block=\"kb-adv-heading29919_0a2a7f-e3\"] img.kb-inline-image{width:150px;vertical-align:baseline;}@media all and (max-width: 767px){.wp-block-kadence-advancedheading.kt-adv-heading29919_0a2a7f-e3, .wp-block-kadence-advancedheading.kt-adv-heading29919_0a2a7f-e3[data-kb-block=\"kb-adv-heading29919_0a2a7f-e3\"]{padding-right:0px;padding-left:0px;font-size:15px;}}<\/style>\n<p class=\"kt-adv-heading29919_0a2a7f-e3 wp-block-kadence-advancedheading has-theme-palette-3-color has-text-color\" data-kb-block=\"kb-adv-heading29919_0a2a7f-e3\"><strong>A. Introducci\u00f3n<\/strong><br\/><br\/>1. La privacidad de los visitantes de nuestro sitio web es muy importante para nosotros, y nos comprometemos a protegerla. Esta pol\u00edtica detalla lo que hacemos con tu informaci\u00f3n personal.<br\/>2. Consentir nuestro uso de cookies de acuerdo con esta pol\u00edtica en tu primera visita a nuestro sitio web nos permite utilizar cookies cada vez que visites nuestro sitio.<br\/><br\/><strong>B. Fuente<\/strong><br\/>Este documento se ha creado utilizando una plantilla de SEQ Legal (seqlegal.com)<br\/>y ha sido modificado por Website Planet ( <a href=\"https:\/\/www.websiteplanet.com\/\" target=\"_blank\" rel=\"noreferrer noopener\">www.websiteplanet.com<\/a> )<br\/><br\/><strong>C. Recogida de informaci\u00f3n personal<\/strong><br\/>Los siguientes tipos de informaci\u00f3n personal pueden ser recogidos, almacenados y utilizados:<br\/>1. Informaci\u00f3n sobre tu ordenador, incluida tu direcci\u00f3n IP, ubicaci\u00f3n geogr\u00e1fica, tipo y versi\u00f3n de navegador y sistema operativo;<br\/>2. Informaci\u00f3n sobre tus visitas y uso de este sitio web, incluida la fuente de referencia, la duraci\u00f3n de la visita, las p\u00e1ginas vistas y las rutas de navegaci\u00f3n del sitio web;<br\/>3. Informaci\u00f3n como tu direcci\u00f3n de correo electr\u00f3nico, que nos proporcionas cuando te registras en el sitio;<br\/>4. Informaci\u00f3n que introduces cuando creas un perfil en nuestro sitio web, como tu nombre, foto de perfil, sexo, fecha de nacimiento, estado civil, intereses y aficiones, formaci\u00f3n acad\u00e9mica e historial laboral;<br\/>5. Informaci\u00f3n como tu nombre y direcci\u00f3n de correo electr\u00f3nico, que introduces para suscribirte a nuestros correos electr\u00f3nicos y\/o boletines;<br\/>6. Informaci\u00f3n que introduces cuando utilizas los servicios de nuestro sitio web;<br\/>7. Informaci\u00f3n generada cuando utilizas nuestro sitio, incluyendo cu\u00e1ndo, con qu\u00e9 frecuencia y en qu\u00e9 circunstancias lo utilizas;<br\/>8. Informaci\u00f3n relacionada con las compras que realizas, los servicios que utilizas o las transacciones que efect\u00faas en nuestro sitio, que incluye tu nombre, direcci\u00f3n, n\u00famero de tel\u00e9fono, direcci\u00f3n de correo electr\u00f3nico e informaci\u00f3n bancaria;<br\/>9. Informaci\u00f3n que publiques en nuestro sitio web con la intenci\u00f3n de publicarla en Internet, lo que incluye tu nombre de usuario, fotos de perfil y el contenido de tus publicaciones;<br\/>10. La informaci\u00f3n contenida en cualquier comunicaci\u00f3n que nos env\u00edes por correo electr\u00f3nico o a trav\u00e9s de nuestro sitio web, incluidos su contenido y metadatos;<br\/>11. Cualquier otra informaci\u00f3n personal que nos facilites.<br\/>Antes de revelarnos informaci\u00f3n personal sobre otra persona, debes obtener el consentimiento de esa persona con respecto a la revelaci\u00f3n y el tratamiento de esa informaci\u00f3n personal en los t\u00e9rminos de esta pol\u00edtica<br\/><br\/><strong>D. Uso de tus datos personales<\/strong><br\/>La informaci\u00f3n personal que nos proporciones a trav\u00e9s de nuestro sitio web se utilizar\u00e1 para los fines descritos en esta pol\u00edtica o en las p\u00e1ginas correspondientes del sitio. Podemos utilizar tu informaci\u00f3n personal para: <br\/>1. Administrar nuestro sitio web y nuestro negocio;<br\/>2. Personalizar nuestro sitio web para ti;<br\/>3. Para permitirte utilizar los servicios ofrecidos en nuestro sitio web;<br\/>4. Enviarte productos comprados en nuestro sitio;<br\/>5. Para prestarte servicios adquiridos en nuestro sitio;<br\/>6. Enviarte extractos, facturas y recordatorios de pago, y cobrar tus pagos;<br\/>7. Enviarte comunicaciones de marketing no comerciales;<br\/>8. Enviarte notificaciones por correo electr\u00f3nico que hayas solicitado expresamente;<br\/>9. Enviarte nuestro bolet\u00edn por correo electr\u00f3nico, si lo has solicitado (puedes comunicarnos en cualquier momento tu deseo de dejar de recibir nuestro bolet\u00edn);<br\/>10. Enviarte comunicaciones de marketing relacionadas con nuestro negocio o con terceras empresas cuidadosamente seleccionadas que consideremos que pueden ser de tu inter\u00e9s, en forma de correo postal, o si has dado expresamente tu consentimiento, por correo electr\u00f3nico o tecnolog\u00eda similar (puedes informarnos en cualquier momento de que ya no deseas recibir comunicaciones de marketing);<br\/>11. Proporcionar informaci\u00f3n estad\u00edstica sobre nuestros usuarios a terceros (sin que dichos terceros puedan identificar a un usuario individual con esa informaci\u00f3n);<br\/>12. Atender consultas y reclamaciones relacionadas con tu sitio web realizadas por ti o sobre ti;<br\/>13. Mantener la seguridad de nuestro sitio web y evitar el fraude;<br\/>14. Verificar el cumplimiento de los t\u00e9rminos y condiciones que rigen el uso de nuestro sitio web (incluida la supervisi\u00f3n de los mensajes privados enviados a trav\u00e9s del servicio de mensajer\u00eda privada de nuestro sitio web); y<br\/>15. Otros usos.<br\/>Si env\u00edas informaci\u00f3n personal a nuestro sitio web con el fin de publicarla, la publicaremos y podremos utilizar dicha informaci\u00f3n de acuerdo con los permisos que nos concedas.<br\/>Tu configuraci\u00f3n de privacidad puede utilizarse para limitar la publicaci\u00f3n de tu informaci\u00f3n en nuestro sitio web y puede ajustarse en tu configuraci\u00f3n de privacidad en el sitio web.<br\/>Sin tu consentimiento expl\u00edcito, no proporcionaremos tu informaci\u00f3n personal a terceros para su marketing directo, ni el de otros terceros.<br\/><br\/><strong>E. Divulgaci\u00f3n de tus datos personales<\/strong><br\/>Podemos revelar tus datos personales a cualquiera de nuestros empleados, directivos, aseguradores, asesores profesionales, agentes, proveedores o subcontratistas en la medida en que sea razonablemente necesario para los fines establecidos en esta pol\u00edtica.<br\/>Podemos revelar tus datos personales a cualquier miembro de nuestro grupo de empresas (es decir, nuestras filiales, nuestra sociedad matriz y todas sus filiales) en la medida en que sea razonablemente necesario para los fines establecidos en esta pol\u00edtica.<br\/>Podemos revelar tu informaci\u00f3n personal:<br\/>1. En la medida en que la ley nos obligue a ello;<br\/>2. En relaci\u00f3n con cualquier procedimiento judicial en curso o futuro;<br\/>3. Para establecer, ejercer o defender nuestros derechos legales (incluido el suministro de informaci\u00f3n a terceros con fines de prevenci\u00f3n del fraude y reducci\u00f3n del riesgo crediticio);<br\/>4. Al comprador (o posible comprador) de cualquier negocio o activo en nuestro poder que deseemos (o estemos considerando vender); y<br\/>5. A cualquier persona que creamos razonablemente que forma parte integrante de un tribunal u otra autoridad que tenga jurisdicci\u00f3n sobre la divulgaci\u00f3n de dicha informaci\u00f3n personal si, en nuestra opini\u00f3n, es probable que dicho tribunal o autoridad exija la divulgaci\u00f3n de dicha informaci\u00f3n personal.<br\/>Salvo que se disponga lo contrario en esta pol\u00edtica, no compartiremos tu informaci\u00f3n personal con terceros.<br\/><br\/><strong>F. Transferencias internacionales de datos<\/strong><br\/>1. La informaci\u00f3n que recogemos puede ser almacenada, procesada y transferida en cualquier pa\u00eds en el que operemos, con el fin de permitirnos utilizar la informaci\u00f3n de acuerdo con esta pol\u00edtica.<br\/>2. La informaci\u00f3n que recogemos puede ser transferida a los siguientes pa\u00edses que no tienen leyes de protecci\u00f3n de datos equivalentes a las del Espacio Econ\u00f3mico Europeo: Estados Unidos de Am\u00e9rica, Rusia, Jap\u00f3n, China e India.<br\/>3. La informaci\u00f3n personal que publiques en nuestro sitio web o env\u00edes para su publicaci\u00f3n puede estar disponible, a trav\u00e9s de Internet, en todo el mundo. No podemos evitar el uso o mal uso de esta informaci\u00f3n por parte de terceros.<br\/>4. Aceptas expresamente la transferencia de informaci\u00f3n personal descrita en esta Secci\u00f3n F.<br\/><br\/><strong>G. Conservaci\u00f3n de tus datos personales<\/strong><br\/>1. Esta Secci\u00f3n G detalla nuestras pol\u00edticas y procedimientos de conservaci\u00f3n de datos, dise\u00f1ados para ayudarnos a cumplir con nuestras obligaciones legales relativas a la conservaci\u00f3n y eliminaci\u00f3n de informaci\u00f3n personal.<br\/>2. La informaci\u00f3n personal que procesamos para cualquier fin no se conserva durante m\u00e1s tiempo del necesario para ese fin o fines.<br\/>3. Sin perjuicio de lo dispuesto en la Secci\u00f3n G-2, en general eliminaremos los datos personales de estas categor\u00edas en la fecha y hora especificadas a continuaci\u00f3n: a. Este tipo de datos personales ser\u00e1n eliminados b. {ENTRAR FECHA\/HORA}; y<br\/>{INTRODUCE OTRAS FECHAS\/HORAS}.<br\/>4. Sin perjuicio de otras disposiciones de esta Secci\u00f3n G, conservaremos los documentos (incluidos los documentos electr\u00f3nicos) que contengan datos personales: a. En la medida en que la ley nos obligue a ello;<br\/>b. Si creemos que los documentos pueden ser relevantes para cualquier procedimiento judicial pendiente o potencial; y<br\/>c. Para establecer, ejercer o defender nuestros derechos legales (incluido el suministro de informaci\u00f3n a terceros con fines de prevenci\u00f3n del fraude y reducci\u00f3n del riesgo crediticio).<br\/><br\/><strong>H. Seguridad de tu informaci\u00f3n personal<\/strong><br\/>1. Tomaremos las precauciones t\u00e9cnicas y organizativas razonables para evitar la p\u00e9rdida, el uso indebido o la alteraci\u00f3n de tus datos personales.<br\/>2. Almacenaremos cualquier informaci\u00f3n personal que nos proporciones en servidores seguros (protegidos con contrase\u00f1a y con cortafuegos).<br\/>3. Todas las transacciones financieras electr\u00f3nicas realizadas a trav\u00e9s de nuestro sitio web estar\u00e1n protegidas por tecnolog\u00edas de encriptaci\u00f3n.<br\/>4. Reconoces que la transmisi\u00f3n de informaci\u00f3n a trav\u00e9s de Internet es intr\u00ednsecamente insegura, y que no podemos garantizar la seguridad de tus datos enviados a trav\u00e9s de Internet.<br\/>5. Eres responsable de mantener la confidencialidad de la contrase\u00f1a que utilizas para acceder a nuestro sitio web; no te pediremos tu contrase\u00f1a (excepto cuando te conectes a nuestro sitio web).<br\/><br\/><strong>I. Enmiendas<\/strong><br\/>De vez en cuando, podemos actualizar esta pol\u00edtica publicando una nueva versi\u00f3n en nuestro sitio web. Debes consultar esta p\u00e1gina peri\u00f3dicamente para asegurarte de que est\u00e1s al tanto de cualquier cambio en esta pol\u00edtica. Podemos notificarte cambios en esta pol\u00edtica por correo electr\u00f3nico o a trav\u00e9s del servicio de mensajer\u00eda privada de nuestro sitio web.<br\/><br\/><strong>J. Tus derechos<\/strong><br\/>Puedes pedirnos que te proporcionemos cualquier informaci\u00f3n personal que tengamos sobre ti; La transferencia de dicha informaci\u00f3n estar\u00e1 sujeta a las siguientes condiciones:<br\/>1. Pago de tasas {ENTER TASAS SI PROCEDE}; y<br\/>2. Presentaci\u00f3n de una prueba suficiente de tu identidad {ADJUSTA EL TEXTO PARA REFLEJAR TU POL\u00cdTICA} (a estos efectos, generalmente aceptamos una fotocopia compulsada ante notario de tu pasaporte m\u00e1s una copia original de una factura de servicios p\u00fablicos en la que conste tu direcci\u00f3n actual).<br\/>Podemos conservar la informaci\u00f3n personal que solicites en la medida en que lo permita la ley.<br\/>Puedes pedirnos en cualquier momento que no procesemos tus datos personales con fines de marketing.<br\/>En la pr\u00e1ctica, expresar\u00e1s expresamente y por adelantado tu consentimiento para que utilicemos tus datos personales con fines de marketing o te daremos la oportunidad de rechazar el uso de tus datos personales con fines de marketing.<br\/><br\/><strong>K. Sitios web de terceros<\/strong><br\/>Nuestro sitio web contiene hiperv\u00ednculos a sitios web de terceros e informaci\u00f3n sobre ellos. No tenemos ning\u00fan control sobre estos sitios y no somos responsables de sus pol\u00edticas o pr\u00e1cticas de privacidad. <br\/><br\/><strong>L. Actualizaci\u00f3n de la informaci\u00f3n<\/strong><br\/>Por favor, av\u00edsanos si la informaci\u00f3n personal que tenemos sobre ti necesita ser corregida o actualizada.<br\/><br\/><strong>M. Galletas<\/strong><br\/>Nuestro sitio web utiliza cookies. Una cookie es un fichero que contiene un identificador (una cadena de letras y n\u00fameros) enviado por un servidor web a un navegador web y almacenado por \u00e9ste. El identificador se devuelve al servidor cada vez que el navegador solicita una p\u00e1gina al servidor. Las cookies pueden ser &#8220;persistentes&#8221; o &#8220;de sesi\u00f3n&#8221;: una cookie persistente es almacenada por el navegador y sigue siendo v\u00e1lida hasta su fecha de caducidad, a menos que sea eliminada por el usuario antes de esa fecha de caducidad; En cuanto a una cookie de sesi\u00f3n, caduca al final de la sesi\u00f3n del usuario, cuando se cierra el navegador. Por lo general, las cookies no contienen informaci\u00f3n que pueda utilizarse para identificar personalmente a un usuario, pero la informaci\u00f3n personal que almacenamos sobre ti puede estar vinculada a la informaci\u00f3n almacenada en las cookies y obtenida por \u00e9stas. S\u00f3lo utilizamos cookies de sesi\u00f3n \/ cookies persistentes \/ cookies de sesi\u00f3n y cookies persistentes en nuestro sitio web.}<br\/>1. Los nombres de las cookies que utilizamos en nuestro sitio web y los fines para los que las utilizamos se describen a continuaci\u00f3n: a. Utilizamos Google Analytics y Adwords en nuestro sitio web para: {INCLUIR TODAS LAS FORMAS EN QUE SE UTILIZAN LAS COOKIES EN TU SITIO} reconocer un ordenador cuando un usuario visita el sitio web\/ realizar un seguimiento de los usuarios mientras navegan por el sitio web\/ permitir el uso de un carrito de la compra en el sitio web\/ mejorar el uso de un sitio web\/ analizar el uso del sitio web\/ administrar el sitio web\/ prevenir el fraude y mejorar la seguridad del sitio web\/ personalizar el sitio web para cada usuario\/ enviar anuncios dirigidos que puedan ser de inter\u00e9s para determinados usuarios (describe tus otros fines);<br\/>2. La mayor\u00eda de los navegadores te permiten rechazar o aceptar cookies. Como qu\u00e9: a. con Internet Explorer (versi\u00f3n 10), puedes bloquear las cookies utilizando la configuraci\u00f3n de anulaci\u00f3n de la gesti\u00f3n de cookies disponible haciendo clic en &#8220;Herramientas&#8221;, &#8220;Opciones de Internet&#8221;, &#8220;Privacidad&#8221; y, a continuaci\u00f3n, &#8220;Avanzadas&#8221;;<br\/>b. con Firefox (versi\u00f3n 24), puedes bloquear todas las cookies haciendo clic en &#8220;Herramientas&#8221;, &#8220;Opciones&#8221;, &#8220;Privacidad&#8221; y, a continuaci\u00f3n, seleccionando &#8220;Usar configuraci\u00f3n personalizada para el historial&#8221; en el men\u00fa desplegable y desmarcando &#8220;Aceptar cookies de sitios&#8221;; y<br\/>c. Con Chrome (versi\u00f3n 29), puedes bloquear todas las cookies yendo al men\u00fa &#8220;Personalizar y controlar&#8221; y haciendo clic en &#8220;Configuraci\u00f3n&#8221;, &#8220;Mostrar configuraci\u00f3n avanzada&#8221; y &#8220;Configuraci\u00f3n de contenido&#8221; y, a continuaci\u00f3n, seleccionando &#8220;Impedir que los sitios establezcan datos&#8221; en el apartado &#8220;Cookies&#8221;.<br\/>Bloquear todas las cookies tendr\u00e1 un impacto negativo en el uso de muchos sitios web. Si bloqueas las cookies, no podr\u00e1s utilizar todas las funciones de nuestro sitio web. <br\/>3. Puedes eliminar las cookies que ya est\u00e1n almacenadas en tu ordenador. Ejemplo: a. con Internet Explorer (versi\u00f3n 10), tienes que eliminar el archivo cookie manualmente (puedes encontrar instrucciones sobre c\u00f3mo hacerlo aqu\u00ed <a href=\"http:\/\/support.microsoft.com\/kb\/278835\" target=\"_blank\" rel=\"noreferrer noopener\">http:\/\/support.microsoft.com\/kb\/278835)<\/a>;<br\/>b. con Firefox (versi\u00f3n 24), puedes eliminar las cookies haciendo clic en &#8220;Herramientas&#8221;, &#8220;Opciones&#8221; y &#8220;Privacidad&#8221;, luego seleccionando &#8220;Usar configuraci\u00f3n personalizada para el historial&#8221; y haciendo clic en &#8220;Mostrar cookies&#8221;, y luego en &#8220;Eliminar todas las cookies&#8221;; y<br\/>c. Con Chrome (versi\u00f3n 29), puedes eliminar todas las cookies yendo al men\u00fa &#8220;Personalizar y controlar&#8221; y haciendo clic en &#8220;Configuraci\u00f3n&#8221;, &#8220;Mostrar configuraci\u00f3n avanzada&#8221; y &#8220;Eliminar datos de navegaci\u00f3n&#8221;, luego en &#8220;Eliminar cookies y datos de complementos de otros sitios&#8221; antes de hacer clic en &#8220;Eliminar datos de navegaci\u00f3n&#8221;.<br\/>4. Eliminar las cookies tendr\u00e1 un impacto negativo en el uso de muchos sitios web.<\/p>\n<\/div><\/div>\n\n<\/div><\/div>","protected":false},"excerpt":{"rendered":"<p>A. Introducci\u00f3n 1. La privacidad de los visitantes de nuestro sitio web es muy importante para nosotros, y nos comprometemos a protegerla. Esta pol\u00edtica detalla lo que hacemos con tu informaci\u00f3n personal.2. Consentir nuestro uso de cookies de acuerdo con esta pol\u00edtica en tu primera visita a nuestro sitio web nos permite utilizar cookies cada&#8230;<\/p>\n","protected":false},"author":1,"featured_media":0,"parent":0,"menu_order":0,"comment_status":"closed","ping_status":"closed","template":"","meta":{"_kad_blocks_custom_css":"","_kad_blocks_head_custom_js":"","_kad_blocks_body_custom_js":"","_kad_blocks_footer_custom_js":"","_kad_post_transparent":"","_kad_post_title":"hide","_kad_post_layout":"","_kad_post_sidebar_id":"","_kad_post_content_style":"","_kad_post_vertical_padding":"","_kad_post_feature":"","_kad_post_feature_position":"","_kad_post_header":false,"_kad_post_footer":false,"_kad_post_classname":"","_joinchat":[],"footnotes":""},"class_list":["post-18820","page","type-page","status-publish","hentry"],"wpml_language":null,"taxonomy_info":[],"featured_image_src_large":false,"author_info":{"display_name":"grivas","author_link":"https:\/\/youngexplorersclub.ch\/es\/author\/grivas\/"},"comment_info":"","_links":{"self":[{"href":"https:\/\/youngexplorersclub.ch\/es\/wp-json\/wp\/v2\/pages\/18820","targetHints":{"allow":["GET"]}}],"collection":[{"href":"https:\/\/youngexplorersclub.ch\/es\/wp-json\/wp\/v2\/pages"}],"about":[{"href":"https:\/\/youngexplorersclub.ch\/es\/wp-json\/wp\/v2\/types\/page"}],"author":[{"embeddable":true,"href":"https:\/\/youngexplorersclub.ch\/es\/wp-json\/wp\/v2\/users\/1"}],"replies":[{"embeddable":true,"href":"https:\/\/youngexplorersclub.ch\/es\/wp-json\/wp\/v2\/comments?post=18820"}],"version-history":[{"count":0,"href":"https:\/\/youngexplorersclub.ch\/es\/wp-json\/wp\/v2\/pages\/18820\/revisions"}],"wp:attachment":[{"href":"https:\/\/youngexplorersclub.ch\/es\/wp-json\/wp\/v2\/media?parent=18820"}],"curies":[{"name":"wp","href":"https:\/\/api.w.org\/{rel}","templated":true}]}}