{"id":23327,"date":"2024-06-02T21:53:18","date_gmt":"2024-06-02T21:53:18","guid":{"rendered":"https:\/\/youngexplorersclub.ch\/boletin\/"},"modified":"2025-05-02T14:17:42","modified_gmt":"2025-05-02T14:17:42","slug":"boletin","status":"publish","type":"page","link":"https:\/\/youngexplorersclub.ch\/es\/boletin\/","title":{"rendered":"Bolet\u00edn"},"content":{"rendered":"<style>.kb-row-layout-id23327_491059-79 > .kt-row-column-wrap{align-content:start;}:where(.kb-row-layout-id23327_491059-79 > .kt-row-column-wrap) > .wp-block-kadence-column{justify-content:start;}.kb-row-layout-id23327_491059-79 > .kt-row-column-wrap{column-gap:var(--global-kb-gap-lg, 4rem);row-gap:var(--global-kb-gap-md, 2rem);max-width:var( --global-content-width, 1340px );padding-left:var(--global-content-edge-padding);padding-right:var(--global-content-edge-padding);padding-top:24px;padding-left:300px;grid-template-columns:minmax(0, 1fr);}.kb-row-layout-id23327_491059-79 > .kt-row-layout-overlay{opacity:0.30;}.kb-row-layout-id23327_491059-79 ,.kb-row-layout-id23327_491059-79 h1,.kb-row-layout-id23327_491059-79 h2,.kb-row-layout-id23327_491059-79 h3,.kb-row-layout-id23327_491059-79 h4,.kb-row-layout-id23327_491059-79 h5,.kb-row-layout-id23327_491059-79 h6{color:var(--global-palette3, #1A202C);}.kb-row-layout-id23327_491059-79 a{color:var(--global-palette5, #4A5568);}.kb-row-layout-id23327_491059-79 a:hover{color:var(--global-palette6, #718096);}@media all and (max-width: 1024px){.kb-row-layout-id23327_491059-79 > .kt-row-column-wrap{padding-top:var(--global-kb-spacing-4xl, 8rem);grid-template-columns:minmax(0, 1fr);}}@media all and (max-width: 767px){.kb-row-layout-id23327_491059-79 > .kt-row-column-wrap{padding-top:0px;padding-bottom:48px;padding-left:10px;grid-template-columns:minmax(0, 1fr);}}<\/style><div class=\"kb-row-layout-wrap kb-row-layout-id23327_491059-79 alignnone wp-block-kadence-rowlayout\"><div class=\"kt-row-column-wrap kt-has-1-columns kt-row-layout-equal kt-tab-layout-inherit kt-mobile-layout-row kt-row-valign-top kb-theme-content-width\">\n<style>.kadence-column23327_d690c2-4f > .kt-inside-inner-col,.kadence-column23327_d690c2-4f > .kt-inside-inner-col:before{border-top-left-radius:0px;border-top-right-radius:0px;border-bottom-right-radius:0px;border-bottom-left-radius:0px;}.kadence-column23327_d690c2-4f > .kt-inside-inner-col{column-gap:var(--global-kb-gap-sm, 1rem);}.kadence-column23327_d690c2-4f > .kt-inside-inner-col{flex-direction:column;}.kadence-column23327_d690c2-4f > .kt-inside-inner-col > .aligncenter{width:100%;}.kadence-column23327_d690c2-4f > .kt-inside-inner-col:before{opacity:0.3;}.kadence-column23327_d690c2-4f{position:relative;}@media all and (max-width: 1024px){.kadence-column23327_d690c2-4f > .kt-inside-inner-col{flex-direction:column;justify-content:center;}}@media all and (max-width: 767px){.kadence-column23327_d690c2-4f > .kt-inside-inner-col{flex-direction:column;justify-content:center;}}<\/style>\n<div class=\"wp-block-kadence-column kadence-column23327_d690c2-4f kb-section-dir-vertical\"><div class=\"kt-inside-inner-col\"><style>.wp-block-kadence-advancedheading.kt-adv-heading23327_d6a788-97, .wp-block-kadence-advancedheading.kt-adv-heading23327_d6a788-97[data-kb-block=\"kb-adv-heading23327_d6a788-97\"]{max-width:1140px;text-align:left;font-size:26px;line-height:25px;font-weight:700;font-style:normal;font-family:Roboto;}.wp-block-kadence-advancedheading.kt-adv-heading23327_d6a788-97 mark.kt-highlight, .wp-block-kadence-advancedheading.kt-adv-heading23327_d6a788-97[data-kb-block=\"kb-adv-heading23327_d6a788-97\"] mark.kt-highlight{font-style:normal;color:#f76a0c;-webkit-box-decoration-break:clone;box-decoration-break:clone;padding-top:0px;padding-right:0px;padding-bottom:0px;padding-left:0px;}.wp-block-kadence-advancedheading.kt-adv-heading23327_d6a788-97 img.kb-inline-image, .wp-block-kadence-advancedheading.kt-adv-heading23327_d6a788-97[data-kb-block=\"kb-adv-heading23327_d6a788-97\"] img.kb-inline-image{width:150px;vertical-align:baseline;}@media all and (max-width: 767px){.wp-block-kadence-advancedheading.kt-adv-heading23327_d6a788-97, .wp-block-kadence-advancedheading.kt-adv-heading23327_d6a788-97[data-kb-block=\"kb-adv-heading23327_d6a788-97\"]{font-size:25px;}}<\/style>\n<h1 class=\"kt-adv-heading23327_d6a788-97 wp-block-kadence-advancedheading\" data-kb-block=\"kb-adv-heading23327_d6a788-97\">Suscripci\u00f3n al bolet\u00edn:<\/h1>\n\n\n<style>.wp-block-kadence-spacer.kt-block-spacer-23327_00eb3e-2d .kt-block-spacer{height:6px;}.wp-block-kadence-spacer.kt-block-spacer-23327_00eb3e-2d .kt-divider{border-top-width:3px;height:1px;border-top-color:var(--global-palette1, #3182CE);width:12%;border-top-style:solid;}<\/style>\n<div class=\"wp-block-kadence-spacer aligncenter kt-block-spacer-23327_00eb3e-2d\"><div class=\"kt-block-spacer kt-block-spacer-halign-left\"><hr class=\"kt-divider\"\/><\/div><\/div>\n<\/div><\/div>\n\n<\/div><\/div>\n\n<style>.kb-row-layout-id23327_6fbb31-b9 > .kt-row-column-wrap{align-content:start;}:where(.kb-row-layout-id23327_6fbb31-b9 > .kt-row-column-wrap) > .wp-block-kadence-column{justify-content:start;}.kb-row-layout-id23327_6fbb31-b9 > .kt-row-column-wrap{column-gap:var(--global-kb-gap-md, 2rem);row-gap:var(--global-kb-gap-md, 2rem);padding-top:var(--global-kb-spacing-lg, 3rem);padding-bottom:var(--global-kb-spacing-lg, 3rem);grid-template-columns:minmax(0, 1fr) minmax(0, 2fr) minmax(0, 1fr);}.kb-row-layout-id23327_6fbb31-b9 > .kt-row-layout-overlay{opacity:0.30;}@media all and (max-width: 1024px){.kb-row-layout-id23327_6fbb31-b9 > .kt-row-column-wrap > div:not(.added-for-specificity){grid-column:initial;}}@media all and (max-width: 1024px){.kb-row-layout-id23327_6fbb31-b9 > .kt-row-column-wrap{grid-template-columns:repeat(3, minmax(0, 1fr));}}@media all and (max-width: 767px){.kb-row-layout-id23327_6fbb31-b9 > .kt-row-column-wrap{padding-top:0px;grid-template-columns:minmax(0, 1fr);}.kb-row-layout-id23327_6fbb31-b9 > .kt-row-column-wrap > div:not(.added-for-specificity){grid-column:initial;}}<\/style><div class=\"kb-row-layout-wrap kb-row-layout-id23327_6fbb31-b9 alignnone wp-block-kadence-rowlayout\"><div class=\"kt-row-column-wrap kt-has-3-columns kt-row-layout-equal kt-tab-layout-inherit kt-mobile-layout-row kt-row-valign-top\">\n<style>.kadence-column23327_79c1a6-a6 > .kt-inside-inner-col,.kadence-column23327_79c1a6-a6 > .kt-inside-inner-col:before{border-top-left-radius:0px;border-top-right-radius:0px;border-bottom-right-radius:0px;border-bottom-left-radius:0px;}.kadence-column23327_79c1a6-a6 > .kt-inside-inner-col{column-gap:var(--global-kb-gap-sm, 1rem);}.kadence-column23327_79c1a6-a6 > .kt-inside-inner-col{flex-direction:column;}.kadence-column23327_79c1a6-a6 > .kt-inside-inner-col > .aligncenter{width:100%;}.kadence-column23327_79c1a6-a6 > .kt-inside-inner-col:before{opacity:0.3;}.kadence-column23327_79c1a6-a6{position:relative;}@media all and (max-width: 1024px){.kadence-column23327_79c1a6-a6 > .kt-inside-inner-col{flex-direction:column;justify-content:center;}}@media all and (max-width: 767px){.kadence-column23327_79c1a6-a6 > .kt-inside-inner-col{flex-direction:column;justify-content:center;}}<\/style>\n<div class=\"wp-block-kadence-column kadence-column23327_79c1a6-a6\"><div class=\"kt-inside-inner-col\"><\/div><\/div>\n\n\n<style>.kadence-column23327_0df0f6-61 > .kt-inside-inner-col,.kadence-column23327_0df0f6-61 > .kt-inside-inner-col:before{border-top-left-radius:0px;border-top-right-radius:0px;border-bottom-right-radius:0px;border-bottom-left-radius:0px;}.kadence-column23327_0df0f6-61 > .kt-inside-inner-col{column-gap:var(--global-kb-gap-sm, 1rem);}.kadence-column23327_0df0f6-61 > .kt-inside-inner-col{flex-direction:column;}.kadence-column23327_0df0f6-61 > .kt-inside-inner-col > .aligncenter{width:100%;}.kadence-column23327_0df0f6-61 > .kt-inside-inner-col:before{opacity:0.3;}.kadence-column23327_0df0f6-61{position:relative;}@media all and (max-width: 1024px){.kadence-column23327_0df0f6-61 > .kt-inside-inner-col{flex-direction:column;justify-content:center;}}@media all and (max-width: 767px){.kadence-column23327_0df0f6-61 > .kt-inside-inner-col{flex-direction:column;justify-content:center;}}<\/style>\n<div class=\"wp-block-kadence-column kadence-column23327_0df0f6-61\"><div class=\"kt-inside-inner-col\"><style>.kadence-column23327_9f8206-1b > .kt-inside-inner-col{display:flex;}.kadence-column23327_9f8206-1b > .kt-inside-inner-col{padding-top:20px;padding-right:20px;padding-bottom:20px;padding-left:20px;}.kadence-column23327_9f8206-1b > .kt-inside-inner-col{box-shadow:0px 0px 20px 5px rgba(0, 0, 0, 0.2);}.kadence-column23327_9f8206-1b > .kt-inside-inner-col,.kadence-column23327_9f8206-1b > .kt-inside-inner-col:before{border-top-left-radius:0px;border-top-right-radius:0px;border-bottom-right-radius:0px;border-bottom-left-radius:0px;}.kadence-column23327_9f8206-1b > .kt-inside-inner-col{column-gap:var(--global-kb-gap-sm, 1rem);}.kadence-column23327_9f8206-1b > .kt-inside-inner-col{flex-direction:column;justify-content:center;}.kadence-column23327_9f8206-1b > .kt-inside-inner-col > .aligncenter{width:100%;}.kt-row-column-wrap > .kadence-column23327_9f8206-1b{align-self:center;}.kt-inner-column-height-full:not(.kt-has-1-columns) > .wp-block-kadence-column.kadence-column23327_9f8206-1b{align-self:auto;}.kt-inner-column-height-full:not(.kt-has-1-columns) > .wp-block-kadence-column.kadence-column23327_9f8206-1b > .kt-inside-inner-col{flex-direction:column;justify-content:center;}.kadence-column23327_9f8206-1b > .kt-inside-inner-col:before{opacity:0.3;}.kadence-column23327_9f8206-1b{position:relative;}@media all and (max-width: 1024px){.kt-row-column-wrap > .kadence-column23327_9f8206-1b{align-self:center;}}@media all and (max-width: 1024px){.kt-inner-column-height-full:not(.kt-has-1-columns) > .wp-block-kadence-column.kadence-column23327_9f8206-1b{align-self:auto;}}@media all and (max-width: 1024px){.kt-inner-column-height-full:not(.kt-has-1-columns) > .wp-block-kadence-column.kadence-column23327_9f8206-1b > .kt-inside-inner-col{flex-direction:column;justify-content:center;}}@media all and (max-width: 1024px){.kadence-column23327_9f8206-1b > .kt-inside-inner-col{flex-direction:column;justify-content:center;}}@media all and (max-width: 767px){.kt-row-column-wrap > .kadence-column23327_9f8206-1b{align-self:center;}.kt-inner-column-height-full:not(.kt-has-1-columns) > .wp-block-kadence-column.kadence-column23327_9f8206-1b{align-self:auto;}.kt-inner-column-height-full:not(.kt-has-1-columns) > .wp-block-kadence-column.kadence-column23327_9f8206-1b > .kt-inside-inner-col{flex-direction:column;justify-content:center;}.kadence-column23327_9f8206-1b > .kt-inside-inner-col{flex-direction:column;justify-content:center;}}<\/style>\n<div class=\"wp-block-kadence-column kadence-column23327_9f8206-1b kb-section-dir-vertical inner-column-1\"><div class=\"kt-inside-inner-col\"><style>.wp-block-kadence-advancedheading.kt-adv-heading23327_a5829f-e6, .wp-block-kadence-advancedheading.kt-adv-heading23327_a5829f-e6[data-kb-block=\"kb-adv-heading23327_a5829f-e6\"]{text-align:center;font-size:26px;font-weight:600;font-style:normal;font-family:Roboto;text-transform:uppercase;}.wp-block-kadence-advancedheading.kt-adv-heading23327_a5829f-e6 mark.kt-highlight, .wp-block-kadence-advancedheading.kt-adv-heading23327_a5829f-e6[data-kb-block=\"kb-adv-heading23327_a5829f-e6\"] mark.kt-highlight{font-style:normal;color:#f76a0c;-webkit-box-decoration-break:clone;box-decoration-break:clone;padding-top:0px;padding-right:0px;padding-bottom:0px;padding-left:0px;}.wp-block-kadence-advancedheading.kt-adv-heading23327_a5829f-e6 img.kb-inline-image, .wp-block-kadence-advancedheading.kt-adv-heading23327_a5829f-e6[data-kb-block=\"kb-adv-heading23327_a5829f-e6\"] img.kb-inline-image{width:150px;vertical-align:baseline;}@media all and (max-width: 767px){.wp-block-kadence-advancedheading.kt-adv-heading23327_a5829f-e6, .wp-block-kadence-advancedheading.kt-adv-heading23327_a5829f-e6[data-kb-block=\"kb-adv-heading23327_a5829f-e6\"]{font-size:20px;}}<\/style>\n<h2 class=\"kt-adv-heading23327_a5829f-e6 wp-block-kadence-advancedheading\" data-kb-block=\"kb-adv-heading23327_a5829f-e6\">Inscripci\u00f3n:<\/h2>\n\n\n<style>.wp-block-kadence-advancedheading.kt-adv-heading23327_0e28aa-67, .wp-block-kadence-advancedheading.kt-adv-heading23327_0e28aa-67[data-kb-block=\"kb-adv-heading23327_0e28aa-67\"]{padding-bottom:10px;text-align:center;font-size:12px;font-weight:400;font-style:normal;font-family:Roboto;text-transform:uppercase;}.wp-block-kadence-advancedheading.kt-adv-heading23327_0e28aa-67 mark.kt-highlight, .wp-block-kadence-advancedheading.kt-adv-heading23327_0e28aa-67[data-kb-block=\"kb-adv-heading23327_0e28aa-67\"] mark.kt-highlight{font-style:normal;color:#f76a0c;-webkit-box-decoration-break:clone;box-decoration-break:clone;padding-top:0px;padding-right:0px;padding-bottom:0px;padding-left:0px;}.wp-block-kadence-advancedheading.kt-adv-heading23327_0e28aa-67 img.kb-inline-image, .wp-block-kadence-advancedheading.kt-adv-heading23327_0e28aa-67[data-kb-block=\"kb-adv-heading23327_0e28aa-67\"] img.kb-inline-image{width:150px;vertical-align:baseline;}<\/style>\n<h2 class=\"kt-adv-heading23327_0e28aa-67 wp-block-kadence-advancedheading has-theme-palette-1-color has-text-color\" data-kb-block=\"kb-adv-heading23327_0e28aa-67\">No enviamos spam ni correos electr\u00f3nicos no deseados.<\/h2>\n\n\n<style>.wp-block-kadence-form.kadence-form-23327_0bded2-3c.kb-form-wrap{margin-bottom:0px;}.kadence-form-23327_0bded2-3c .kb-form .kadence-blocks-form-field .kb-text-style-field, .kadence-form-23327_0bded2-3c .kb-form .kadence-blocks-form-field .kb-select-style-field{font-size:15px;background:var(--global-palette8, #F7FAFC);border-color:var(--global-palette9, #ffffff);}.kadence-form-23327_0bded2-3c .kb-form .kadence-blocks-form-field .kb-forms-submit{width:143px;}.kadence-form-23327_0bded2-3c .kb-form .kadence-blocks-form-field .kb-forms-submit{padding-top:1px;padding-right:1px;padding-bottom:1px;padding-left:1px;}.kadence-form-23327_0bded2-3c .kb-form .kadence-blocks-form-field .kb-forms-submit{font-size:16px;letter-spacing:0.5px;text-transform:uppercase;font-family:Inter;font-style:normal;font-weight:500;}.kb-form input.kadence-blocks-field.verify{opacity:0.0;position:absolute;top:0.0;left:0.0;width:0.0;height:0.0;z-index:-1;}@media all and (max-width: 767px){.kadence-form-23327_0bded2-3c .kb-form .kadence-blocks-form-field .kb-forms-submit{font-size:var(--global-kb-font-size-sm, 0.9rem);line-height:25px;}}<\/style>\n<div class=\"wp-block-kadence-form kadence-form-23327_0bded2-3c kb-form-wrap\"><form class=\"kb-form\" action=\"\" method=\"post\"><div class=\"kadence-blocks-form-field kb-field-desk-width-100 kb-input-size-standard\"><input name=\"kb_field_0\" id=\"kb_field_23327_0bded2-3c_0\" data-label=\"Email\" type=\"email\" placeholder=\"Email Address\" value=\"\" data-type=\"email\" class=\"kb-field kb-text-style-field kb-email-field kb-field-0\" data-required=\"yes\"\/><\/div><input type=\"hidden\" name=\"_kb_form_id\" value=\"23327_0bded2-3c\"\/><input type=\"hidden\" name=\"_kb_form_post_id\" value=\"23327\"\/><input type=\"hidden\" name=\"action\" value=\"kb_process_ajax_submit\"\/><label class=\"kadence-verify-label\">Email<input class=\"kadence-blocks-field verify\" type=\"text\" name=\"_kb_verify_email\" autocomplete=\"new-password\" aria-hidden=\"true\" placeholder=\"Email\" tabindex=\"-1\" data-1p-ignore=\"true\" data-lpignore=\"true\" \/><\/label><div class=\"kadence-blocks-form-field kb-submit-field kb-field-desk-width-50\"><button class=\"kb-forms-submit button kb-button-size-custom kb-button-width-fixed\">Subscribe Now<\/button><\/div><\/form><\/div>\n<noscript><div class=\"kadence-blocks-form-message kadence-blocks-form-warning\">Activar JavaScript en tu navegador para enviar el formulario<\/div><style>.kadence-form-23327_0bded2-3c .kadence-blocks-form-field.kb-submit-field { display: none; }<\/style><\/noscript><\/div><\/div>\n\n\n<style>.kadence-column23327_314a48-bc > .kt-inside-inner-col,.kadence-column23327_314a48-bc > .kt-inside-inner-col:before{border-top-left-radius:0px;border-top-right-radius:0px;border-bottom-right-radius:0px;border-bottom-left-radius:0px;}.kadence-column23327_314a48-bc > .kt-inside-inner-col{column-gap:var(--global-kb-gap-sm, 1rem);}.kadence-column23327_314a48-bc > .kt-inside-inner-col{flex-direction:column;}.kadence-column23327_314a48-bc > .kt-inside-inner-col > .aligncenter{width:100%;}.kadence-column23327_314a48-bc > .kt-inside-inner-col:before{opacity:0.3;}.kadence-column23327_314a48-bc{position:relative;}@media all and (max-width: 1024px){.kadence-column23327_314a48-bc > .kt-inside-inner-col{flex-direction:column;justify-content:center;}}@media all and (max-width: 767px){.kadence-column23327_314a48-bc > .kt-inside-inner-col{flex-direction:column;justify-content:center;}}<\/style>\n<div class=\"wp-block-kadence-column kadence-column23327_314a48-bc\"><div class=\"kt-inside-inner-col\"><\/div><\/div>\n<\/div><\/div>\n\n\n<style>.kadence-column23327_8f740a-87 > .kt-inside-inner-col,.kadence-column23327_8f740a-87 > .kt-inside-inner-col:before{border-top-left-radius:0px;border-top-right-radius:0px;border-bottom-right-radius:0px;border-bottom-left-radius:0px;}.kadence-column23327_8f740a-87 > .kt-inside-inner-col{column-gap:var(--global-kb-gap-sm, 1rem);}.kadence-column23327_8f740a-87 > .kt-inside-inner-col{flex-direction:column;}.kadence-column23327_8f740a-87 > .kt-inside-inner-col > .aligncenter{width:100%;}.kadence-column23327_8f740a-87 > .kt-inside-inner-col:before{opacity:0.3;}.kadence-column23327_8f740a-87{position:relative;}@media all and (max-width: 1024px){.kadence-column23327_8f740a-87 > .kt-inside-inner-col{flex-direction:column;justify-content:center;}}@media all and (max-width: 767px){.kadence-column23327_8f740a-87 > .kt-inside-inner-col{flex-direction:column;justify-content:center;}}<\/style>\n<div class=\"wp-block-kadence-column kadence-column23327_8f740a-87\"><div class=\"kt-inside-inner-col\"><\/div><\/div>\n\n<\/div><\/div>\n\n<style>.kb-row-layout-id23327_86b9b3-1b > .kt-row-column-wrap{align-content:center;}:where(.kb-row-layout-id23327_86b9b3-1b > .kt-row-column-wrap) > .wp-block-kadence-column{justify-content:center;}.kb-row-layout-id23327_86b9b3-1b > .kt-row-column-wrap{column-gap:var(--global-kb-gap-md, 2rem);row-gap:var(--global-kb-gap-md, 2rem);max-width:var( --global-content-width, 1340px );padding-left:var(--global-content-edge-padding);padding-right:var(--global-content-edge-padding);padding-top:24px;padding-right:50px;padding-left:50px;grid-template-columns:minmax(0, 1fr);}.kb-row-layout-id23327_86b9b3-1b > .kt-row-layout-overlay{opacity:0.30;}@media all and (max-width: 1024px){.kb-row-layout-id23327_86b9b3-1b > .kt-row-column-wrap{grid-template-columns:minmax(0, 1fr);}}@media all and (max-width: 767px){.kb-row-layout-id23327_86b9b3-1b > .kt-row-column-wrap{padding-right:10px;padding-left:10px;grid-template-columns:minmax(0, 1fr);}}<\/style><div class=\"kb-row-layout-wrap kb-row-layout-id23327_86b9b3-1b alignfull wp-block-kadence-rowlayout\"><div class=\"kt-row-column-wrap kt-has-1-columns kt-row-layout-equal kt-tab-layout-inherit kt-mobile-layout-row kt-row-valign-middle kb-theme-content-width\">\n<style>.kadence-column23327_c5d3f3-c9 > .kt-inside-inner-col,.kadence-column23327_c5d3f3-c9 > .kt-inside-inner-col:before{border-top-left-radius:0px;border-top-right-radius:0px;border-bottom-right-radius:0px;border-bottom-left-radius:0px;}.kadence-column23327_c5d3f3-c9 > .kt-inside-inner-col{column-gap:var(--global-kb-gap-sm, 1rem);}.kadence-column23327_c5d3f3-c9 > .kt-inside-inner-col{flex-direction:column;}.kadence-column23327_c5d3f3-c9 > .kt-inside-inner-col > .aligncenter{width:100%;}.kadence-column23327_c5d3f3-c9 > .kt-inside-inner-col:before{opacity:0.3;}.kadence-column23327_c5d3f3-c9{position:relative;}@media all and (max-width: 1024px){.kadence-column23327_c5d3f3-c9 > .kt-inside-inner-col{flex-direction:column;justify-content:center;}}@media all and (max-width: 767px){.kadence-column23327_c5d3f3-c9 > .kt-inside-inner-col{flex-direction:column;justify-content:center;}}<\/style>\n<div class=\"wp-block-kadence-column kadence-column23327_c5d3f3-c9\"><div class=\"kt-inside-inner-col\"><style>.wp-block-kadence-advancedgallery.kb-gallery-wrap-id-23327_d85c43-b5{padding-top:var(--global-kb-spacing-md, 2rem);}.wp-block-kadence-advancedgallery .kb-gallery-type-grid.kb-gallery-id-23327_d85c43-b5{margin:-2px;}.kb-gallery-type-grid.kb-gallery-id-23327_d85c43-b5 .kadence-blocks-gallery-item{padding:2px;}.kb-gallery-id-23327_d85c43-b5 .kadence-blocks-gallery-item .kb-gal-image-radius, .kb-gallery-id-23327_d85c43-b5 .kb-slide-item .kb-gal-image-radius img{border-radius:0px 0px 0px 0px;;}<\/style><div class=\"kb-gallery-wrap-id-23327_d85c43-b5 alignnone wp-block-kadence-advancedgallery\"><ul class=\"kb-gallery-ul kb-gallery-non-static kb-gallery-type-grid kb-gallery-id-23327_d85c43-b5 kb-gallery-caption-style-bottom-hover kb-gallery-filter-none\" data-image-filter=\"none\" data-item-selector=\".kadence-blocks-gallery-item\" data-lightbox-caption=\"true\" data-columns-xxl=\"4\" data-columns-xl=\"4\" data-columns-md=\"4\" data-columns-sm=\"3\" data-columns-xs=\"2\" data-columns-ss=\"2\"><li class=\"kadence-blocks-gallery-item\" tabindex=\"0\"><div class=\"kadence-blocks-gallery-item-inner\"><figure class=\"kb-gallery-figure kadence-blocks-gallery-item-hide-caption\"><div class=\"kb-gal-image-radius\"><div class=\"kb-gallery-image-contain kadence-blocks-gallery-intrinsic kb-gallery-image-ratio-land32 kb-has-image-ratio-land32\" ><img decoding=\"async\" src=\"https:\/\/youngexplorersclub.tungool.com\/wp-content\/uploads\/2025\/04\/gopr3191site-gallery-1024x679-1.webp\" width=\"1024\" height=\"679\" alt=\"Summer camp Switzerland, International summer camp\" data-full-image=\"https:\/\/youngexplorersclub.tungool.com\/wp-content\/uploads\/2025\/04\/gopr3191site-gallery-1024x679-1.webp\" data-light-image=\"https:\/\/youngexplorersclub.tungool.com\/wp-content\/uploads\/2025\/04\/gopr3191site-gallery-1024x679-1.webp\" data-id=\"35185\" class=\"wp-image-35185\" title=\"\"><\/div><\/div><\/figure><\/div><\/li><li class=\"kadence-blocks-gallery-item\" tabindex=\"0\"><div class=\"kadence-blocks-gallery-item-inner\"><figure class=\"kb-gallery-figure kadence-blocks-gallery-item-hide-caption\"><div class=\"kb-gal-image-radius\"><div class=\"kb-gallery-image-contain kadence-blocks-gallery-intrinsic kb-gallery-image-ratio-land32 kb-has-image-ratio-land32\" ><img decoding=\"async\" src=\"https:\/\/youngexplorersclub.tungool.com\/wp-content\/uploads\/2025\/04\/gopr3141site-gallery-1024x679-1.webp\" width=\"1024\" height=\"679\" alt=\"Summer camp Switzerland, International summer camp\" data-full-image=\"https:\/\/youngexplorersclub.tungool.com\/wp-content\/uploads\/2025\/04\/gopr3141site-gallery-1024x679-1.webp\" data-light-image=\"https:\/\/youngexplorersclub.tungool.com\/wp-content\/uploads\/2025\/04\/gopr3141site-gallery-1024x679-1.webp\" data-id=\"35186\" class=\"wp-image-35186\" title=\"\"><\/div><\/div><\/figure><\/div><\/li><li class=\"kadence-blocks-gallery-item\" tabindex=\"0\"><div class=\"kadence-blocks-gallery-item-inner\"><figure class=\"kb-gallery-figure kadence-blocks-gallery-item-hide-caption\"><div class=\"kb-gal-image-radius\"><div class=\"kb-gallery-image-contain kadence-blocks-gallery-intrinsic kb-gallery-image-ratio-land32 kb-has-image-ratio-land32\" ><img decoding=\"async\" src=\"https:\/\/youngexplorersclub.tungool.com\/wp-content\/uploads\/2025\/04\/dsc1953site-gallery-1024x679-1.webp\" width=\"1024\" height=\"679\" alt=\"Summer camp Switzerland, International summer camp\" data-full-image=\"https:\/\/youngexplorersclub.tungool.com\/wp-content\/uploads\/2025\/04\/dsc1953site-gallery-1024x679-1.webp\" data-light-image=\"https:\/\/youngexplorersclub.tungool.com\/wp-content\/uploads\/2025\/04\/dsc1953site-gallery-1024x679-1.webp\" data-id=\"35187\" class=\"wp-image-35187\" title=\"\"><\/div><\/div><\/figure><\/div><\/li><li class=\"kadence-blocks-gallery-item\" tabindex=\"0\"><div class=\"kadence-blocks-gallery-item-inner\"><figure class=\"kb-gallery-figure kadence-blocks-gallery-item-hide-caption\"><div class=\"kb-gal-image-radius\"><div class=\"kb-gallery-image-contain kadence-blocks-gallery-intrinsic kb-gallery-image-ratio-land32 kb-has-image-ratio-land32\" ><img decoding=\"async\" src=\"https:\/\/youngexplorersclub.tungool.com\/wp-content\/uploads\/2025\/04\/dsc0879site-gallery-1024x679-1.webp\" width=\"1024\" height=\"679\" alt=\"Summer camp Switzerland, International summer camp\" data-full-image=\"https:\/\/youngexplorersclub.tungool.com\/wp-content\/uploads\/2025\/04\/dsc0879site-gallery-1024x679-1.webp\" data-light-image=\"https:\/\/youngexplorersclub.tungool.com\/wp-content\/uploads\/2025\/04\/dsc0879site-gallery-1024x679-1.webp\" data-id=\"35188\" class=\"wp-image-35188\" title=\"\"><\/div><\/div><\/figure><\/div><\/li><\/ul><\/div><\/div><\/div>\n\n<\/div><\/div>","protected":false},"excerpt":{"rendered":"<p>Suscripci\u00f3n al bolet\u00edn: Inscripci\u00f3n: No enviamos spam ni correos electr\u00f3nicos no deseados.<\/p>\n","protected":false},"author":1,"featured_media":0,"parent":0,"menu_order":0,"comment_status":"closed","ping_status":"closed","template":"","meta":{"_kad_blocks_custom_css":"","_kad_blocks_head_custom_js":"","_kad_blocks_body_custom_js":"","_kad_blocks_footer_custom_js":"","_kad_post_transparent":"","_kad_post_title":"hide","_kad_post_layout":"fullwidth","_kad_post_sidebar_id":"","_kad_post_content_style":"","_kad_post_vertical_padding":"","_kad_post_feature":"","_kad_post_feature_position":"","_kad_post_header":false,"_kad_post_footer":false,"_kad_post_classname":"","_joinchat":[],"footnotes":""},"class_list":["post-23327","page","type-page","status-publish","hentry"],"wpml_language":null,"taxonomy_info":[],"featured_image_src_large":false,"author_info":{"display_name":"grivas","author_link":"https:\/\/youngexplorersclub.ch\/es\/author\/grivas\/"},"comment_info":"","_links":{"self":[{"href":"https:\/\/youngexplorersclub.ch\/es\/wp-json\/wp\/v2\/pages\/23327","targetHints":{"allow":["GET"]}}],"collection":[{"href":"https:\/\/youngexplorersclub.ch\/es\/wp-json\/wp\/v2\/pages"}],"about":[{"href":"https:\/\/youngexplorersclub.ch\/es\/wp-json\/wp\/v2\/types\/page"}],"author":[{"embeddable":true,"href":"https:\/\/youngexplorersclub.ch\/es\/wp-json\/wp\/v2\/users\/1"}],"replies":[{"embeddable":true,"href":"https:\/\/youngexplorersclub.ch\/es\/wp-json\/wp\/v2\/comments?post=23327"}],"version-history":[{"count":0,"href":"https:\/\/youngexplorersclub.ch\/es\/wp-json\/wp\/v2\/pages\/23327\/revisions"}],"wp:attachment":[{"href":"https:\/\/youngexplorersclub.ch\/es\/wp-json\/wp\/v2\/media?parent=23327"}],"curies":[{"name":"wp","href":"https:\/\/api.w.org\/{rel}","templated":true}]}}