{"id":6064,"date":"2019-02-04T16:04:48","date_gmt":"2019-02-04T16:04:48","guid":{"rendered":"https:\/\/xtrail.select-themes.com\/?page_id=3"},"modified":"2025-08-06T05:50:15","modified_gmt":"2025-08-06T05:50:15","slug":"confidentialite","status":"publish","type":"page","link":"https:\/\/youngexplorersclub.ch\/fr\/confidentialite\/","title":{"rendered":"Politique de confidentialit\u00e9"},"content":{"rendered":"<style>.kb-row-layout-wrap.wp-block-kadence-rowlayout.kb-row-layout-id29919_0b6a66-51{margin-top:-15px;margin-bottom:0px;}.kb-row-layout-id29919_0b6a66-51 > .kt-row-column-wrap{align-content:center;}:where(.kb-row-layout-id29919_0b6a66-51 > .kt-row-column-wrap) > .wp-block-kadence-column{justify-content:center;}.kb-row-layout-id29919_0b6a66-51 > .kt-row-column-wrap{column-gap:var(--global-kb-gap-md, 2rem);row-gap:var(--global-kb-gap-md, 2rem);max-width:1920px;margin-left:auto;margin-right:auto;padding-top:0px;padding-right:0px;padding-left:30px;grid-template-columns:minmax(0, 1fr);}.kb-row-layout-id29919_0b6a66-51 > .kt-row-layout-overlay{opacity:0.30;}@media all and (max-width: 1024px){.kb-row-layout-id29919_0b6a66-51 > .kt-row-column-wrap{grid-template-columns:minmax(0, 1fr);}}@media all and (max-width: 767px){.kb-row-layout-wrap.wp-block-kadence-rowlayout.kb-row-layout-id29919_0b6a66-51{margin-top:-25px;}.kb-row-layout-id29919_0b6a66-51 > .kt-row-column-wrap{padding-top:0px;padding-right:10px;padding-bottom:20px;padding-left:10px;grid-template-columns:minmax(0, 1fr);}}<\/style><div class=\"kb-row-layout-wrap kb-row-layout-id29919_0b6a66-51 alignfull wp-block-kadence-rowlayout\"><div class=\"kt-row-column-wrap kt-has-1-columns kt-row-layout-equal kt-tab-layout-inherit kt-mobile-layout-row kt-row-valign-middle\">\n<style>.kadence-column29919_4c3f97-29 > .kt-inside-inner-col{padding-top:0px;padding-right:0px;padding-bottom:0px;padding-left:0px;}.kadence-column29919_4c3f97-29 > .kt-inside-inner-col,.kadence-column29919_4c3f97-29 > .kt-inside-inner-col:before{border-top-left-radius:0px;border-top-right-radius:0px;border-bottom-right-radius:0px;border-bottom-left-radius:0px;}.kadence-column29919_4c3f97-29 > .kt-inside-inner-col{column-gap:var(--global-kb-gap-sm, 1rem);}.kadence-column29919_4c3f97-29 > .kt-inside-inner-col{flex-direction:column;}.kadence-column29919_4c3f97-29 > .kt-inside-inner-col > .aligncenter{width:100%;}.kadence-column29919_4c3f97-29 > .kt-inside-inner-col:before{opacity:0.3;}.kadence-column29919_4c3f97-29{position:relative;}@media all and (max-width: 1024px){.kadence-column29919_4c3f97-29 > .kt-inside-inner-col{flex-direction:column;justify-content:center;}}@media all and (max-width: 767px){.kadence-column29919_4c3f97-29 > .kt-inside-inner-col{flex-direction:column;justify-content:center;}}<\/style>\n<div class=\"wp-block-kadence-column kadence-column29919_4c3f97-29\"><div class=\"kt-inside-inner-col\"><style>.wp-block-kadence-advancedheading.kt-adv-heading29919_0a2a7f-e3, .wp-block-kadence-advancedheading.kt-adv-heading29919_0a2a7f-e3[data-kb-block=\"kb-adv-heading29919_0a2a7f-e3\"]{padding-top:0px;padding-right:10px;padding-bottom:0px;padding-left:10px;font-size:18px;font-weight:500;font-style:normal;font-family:Nunito;}.wp-block-kadence-advancedheading.kt-adv-heading29919_0a2a7f-e3 mark.kt-highlight, .wp-block-kadence-advancedheading.kt-adv-heading29919_0a2a7f-e3[data-kb-block=\"kb-adv-heading29919_0a2a7f-e3\"] mark.kt-highlight{font-style:normal;color:#f76a0c;-webkit-box-decoration-break:clone;box-decoration-break:clone;padding-top:0px;padding-right:0px;padding-bottom:0px;padding-left:0px;}.wp-block-kadence-advancedheading.kt-adv-heading29919_0a2a7f-e3 img.kb-inline-image, .wp-block-kadence-advancedheading.kt-adv-heading29919_0a2a7f-e3[data-kb-block=\"kb-adv-heading29919_0a2a7f-e3\"] img.kb-inline-image{width:150px;vertical-align:baseline;}@media all and (max-width: 767px){.wp-block-kadence-advancedheading.kt-adv-heading29919_0a2a7f-e3, .wp-block-kadence-advancedheading.kt-adv-heading29919_0a2a7f-e3[data-kb-block=\"kb-adv-heading29919_0a2a7f-e3\"]{padding-right:0px;padding-left:0px;font-size:15px;}}<\/style>\n<p class=\"kt-adv-heading29919_0a2a7f-e3 wp-block-kadence-advancedheading has-theme-palette-3-color has-text-color\" data-kb-block=\"kb-adv-heading29919_0a2a7f-e3\"><strong>A. Introduction<\/strong><br\/><br\/>1. La vie priv\u00e9e des visiteurs de notre site web est tr\u00e8s importante pour nous et nous nous engageons \u00e0 la prot\u00e9ger. Cette politique d\u00e9taille ce que nous faisons de vos informations personnelles.<br\/>2. Le fait de consentir \u00e0 l&#8217;utilisation de cookies conform\u00e9ment \u00e0 la pr\u00e9sente politique lors de votre premi\u00e8re visite sur notre site web nous permet d&#8217;utiliser des cookies \u00e0 chaque fois que vous visitez notre site.<br\/><br\/><strong>B. Source<\/strong><br\/>Ce document a \u00e9t\u00e9 cr\u00e9\u00e9 \u00e0 partir d&#8217;un mod\u00e8le de SEQ Legal (seqlegal.com).<br\/>et a \u00e9t\u00e9 modifi\u00e9 par Website Planet ( <a href=\"https:\/\/www.websiteplanet.com\/\" target=\"_blank\" rel=\"noreferrer noopener\">www.websiteplanet.com<\/a> )<br\/><br\/><strong>C. Collecte d&#8217;informations personnelles<\/strong><br\/>Les types d&#8217;informations personnelles suivants peuvent \u00eatre collect\u00e9s, stock\u00e9s et utilis\u00e9s :<br\/>1. Informations sur votre ordinateur, y compris votre adresse IP, votre situation g\u00e9ographique, le type et la version de votre navigateur et votre syst\u00e8me d&#8217;exploitation ;<br\/>2. Informations sur vos visites et votre utilisation de ce site web, y compris la source de r\u00e9f\u00e9rence, la dur\u00e9e de la visite, les pages consult\u00e9es et les chemins de navigation du site web ;<br\/>3. Des informations telles que votre adresse \u00e9lectronique, que vous nous fournissez lorsque vous vous inscrivez sur le site ;<br\/>4. Les informations que vous saisissez lorsque vous cr\u00e9ez un profil sur notre site web, telles que votre nom, votre photo de profil, votre sexe, votre date de naissance, votre statut relationnel, vos centres d&#8217;int\u00e9r\u00eat et vos passe-temps, votre formation et vos ant\u00e9c\u00e9dents professionnels ;<br\/>5. Des informations telles que votre nom et votre adresse \u00e9lectronique, que vous saisissez pour vous abonner \u00e0 nos courriels et\/ou bulletins d&#8217;information ;<br\/>6. Les informations que vous saisissez lorsque vous utilisez les services de notre site web ;<br\/>7. Informations g\u00e9n\u00e9r\u00e9es lorsque vous utilisez notre site, y compris quand, \u00e0 quelle fr\u00e9quence et dans quelles circonstances vous l&#8217;utilisez ;<br\/>8. Les informations relatives aux achats que vous effectuez, aux services que vous utilisez ou aux transactions que vous r\u00e9alisez sur notre site, notamment votre nom, votre adresse, votre num\u00e9ro de t\u00e9l\u00e9phone, votre adresse \u00e9lectronique et vos informations bancaires ;<br\/>9. Les informations que vous publiez sur notre site web dans l&#8217;intention de les diffuser sur l&#8217;internet, ce qui inclut votre nom d&#8217;utilisateur, vos photos de profil et le contenu de vos messages ;<br\/>10. Les informations contenues dans les communications que vous nous envoyez par courrier \u00e9lectronique ou sur notre site web, y compris leur contenu et les m\u00e9tadonn\u00e9es ;<br\/>11. Toute autre information personnelle que vous nous fournissez.<br\/>Avant de nous divulguer des informations personnelles concernant une autre personne, vous devez obtenir le consentement de cette personne en ce qui concerne la divulgation et le traitement de ces informations personnelles selon les termes de la pr\u00e9sente politique.<br\/><br\/><strong>D. Utilisation de vos donn\u00e9es personnelles<\/strong><br\/>Les informations personnelles qui nous sont fournies par l&#8217;interm\u00e9diaire de notre site web seront utilis\u00e9es aux fins d\u00e9crites dans la pr\u00e9sente politique ou dans les pages correspondantes du site. Nous pouvons utiliser vos informations personnelles pour : <br\/>1. Administrer notre site web et nos activit\u00e9s ;<br\/>2. Personnaliser notre site web pour vous ;<br\/>3. Pour vous permettre d&#8217;utiliser les services offerts sur notre site web ;<br\/>4. Vous envoyer des marchandises achet\u00e9es sur notre site ;<br\/>5. Vous fournir les services achet\u00e9s sur notre site ;<br\/>6. Vous envoyer des relev\u00e9s, des factures et des rappels de paiement, et collecter vos paiements ;<br\/>7. Vous envoyer des communications marketing non commerciales ;<br\/>8. Vous envoyer les notifications par courrier \u00e9lectronique que vous avez express\u00e9ment demand\u00e9es ;<br\/>9. Vous envoyer notre lettre d&#8217;information par courrier \u00e9lectronique, si vous en avez fait la demande (vous pouvez \u00e0 tout moment nous informer de votre souhait de ne plus recevoir notre lettre d&#8217;information) ;<br\/>10. Vous envoyer des communications marketing relatives \u00e0 nos activit\u00e9s ou \u00e0 des soci\u00e9t\u00e9s tierces soigneusement s\u00e9lectionn\u00e9es qui, selon nous, pourraient vous int\u00e9resser, sous forme d&#8217;affichage ou, si vous avez express\u00e9ment donn\u00e9 votre accord, par courrier \u00e9lectronique ou par une technologie similaire (vous pouvez nous informer \u00e0 tout moment que vous ne souhaitez plus recevoir de communications marketing) ;<br\/>11. Fournir \u00e0 des tiers des informations statistiques sur nos utilisateurs (sans que ces tiers puissent identifier un utilisateur individuel \u00e0 l&#8217;aide de ces informations) ;<br\/>12. Traiter les demandes de renseignements et les plaintes relatives \u00e0 votre site web, formul\u00e9es par vous ou \u00e0 votre sujet ;<br\/>13. Maintenir la s\u00e9curit\u00e9 de notre site web et pr\u00e9venir la fraude ;<br\/>14. V\u00e9rifier le respect des conditions g\u00e9n\u00e9rales qui r\u00e9gissent l&#8217;utilisation de notre site web (y compris le contr\u00f4le des messages priv\u00e9s envoy\u00e9s par le biais du service de messagerie priv\u00e9e de notre site web) ; et<br\/>15. Autres utilisations.<br\/>Si vous soumettez des informations personnelles sur notre site web \u00e0 des fins de publication, nous les publierons et pourrons utiliser ces informations conform\u00e9ment aux autorisations que vous nous avez accord\u00e9es.<br\/>Vos param\u00e8tres de confidentialit\u00e9 peuvent \u00eatre utilis\u00e9s pour limiter la publication de vos informations sur notre site web et peuvent \u00eatre ajust\u00e9s dans vos param\u00e8tres de confidentialit\u00e9 sur le site web.<br\/>Sans votre consentement explicite, nous ne fournirons pas vos informations personnelles \u00e0 des tiers pour leur marketing direct ou celui d&#8217;autres tiers.<br\/><br\/><strong>E. Divulgation de vos informations personnelles<\/strong><br\/>Nous pouvons divulguer vos informations personnelles \u00e0 l&#8217;un de nos employ\u00e9s, dirigeants, assureurs, conseillers professionnels, agents, fournisseurs ou sous-traitants dans la mesure o\u00f9 cela est raisonnablement n\u00e9cessaire aux fins \u00e9nonc\u00e9es dans la pr\u00e9sente politique.<br\/>Nous pouvons divulguer vos informations personnelles \u00e0 tout membre de notre groupe de soci\u00e9t\u00e9s (c&#8217;est-\u00e0-dire nos filiales, notre soci\u00e9t\u00e9 holding ultime et toutes ses filiales) dans la mesure o\u00f9 cela est raisonnablement n\u00e9cessaire aux fins \u00e9nonc\u00e9es dans la pr\u00e9sente politique.<br\/>Nous pouvons divulguer vos informations personnelles :<br\/>1. Dans la mesure o\u00f9 la loi nous y oblige ;<br\/>2. Dans le cadre de toute proc\u00e9dure judiciaire en cours ou \u00e0 venir ;<br\/>3. \u00c9tablir, exercer ou d\u00e9fendre nos droits l\u00e9gaux (y compris fournir des informations \u00e0 des tiers \u00e0 des fins de pr\u00e9vention de la fraude et de r\u00e9duction du risque de cr\u00e9dit) ;<br\/>4. \u00e0 l&#8217;acheteur (ou \u00e0 l&#8217;acheteur potentiel) de toute entreprise ou de tout actif en notre possession que nous souhaitons vendre (ou que nous envisageons de vendre) ; et<br\/>5. \u00c0 toute personne dont nous pensons raisonnablement qu&#8217;elle fait partie int\u00e9grante d&#8217;un tribunal ou d&#8217;une autre autorit\u00e9 ayant comp\u00e9tence sur la divulgation de ces informations personnelles si, \u00e0 notre avis, ce tribunal ou cette autorit\u00e9 est susceptible d&#8217;exiger la divulgation de ces informations personnelles.<br\/>Sauf disposition contraire dans la pr\u00e9sente politique, nous ne partagerons pas vos informations personnelles avec des tiers.<br\/><br\/><strong>F. Transferts internationaux de donn\u00e9es<\/strong><br\/>1. Les informations que nous recueillons peuvent \u00eatre stock\u00e9es, trait\u00e9es et transf\u00e9r\u00e9es dans tout pays dans lequel nous op\u00e9rons, afin de nous permettre d&#8217;utiliser ces informations conform\u00e9ment \u00e0 la pr\u00e9sente politique.<br\/>2. Les informations que nous collectons peuvent \u00eatre transf\u00e9r\u00e9es vers les pays suivants qui ne disposent pas de lois sur la protection des donn\u00e9es \u00e9quivalentes \u00e0 celles de l&#8217;Espace \u00e9conomique europ\u00e9en : les \u00c9tats-Unis d&#8217;Am\u00e9rique, la Russie, le Japon, la Chine et l&#8217;Inde.<br\/>3. Les informations personnelles que vous publiez sur notre site web ou que vous soumettez pour publication peuvent \u00eatre disponibles, via l&#8217;internet, dans le monde entier. Nous ne pouvons pas emp\u00eacher l&#8217;utilisation ou l&#8217;abus de ces informations par des tiers.<br\/>4. Vous acceptez express\u00e9ment le transfert de donn\u00e9es \u00e0 caract\u00e8re personnel d\u00e9crit dans la pr\u00e9sente section F.<br\/><br\/><strong>G. Conservation de vos donn\u00e9es personnelles<\/strong><br\/>1. La pr\u00e9sente section G d\u00e9taille nos politiques et proc\u00e9dures de conservation des donn\u00e9es, con\u00e7ues pour nous aider \u00e0 respecter nos obligations l\u00e9gales en mati\u00e8re de conservation et de suppression des informations \u00e0 caract\u00e8re personnel.<br\/>2. Les informations personnelles que nous traitons \u00e0 quelque fin que ce soit ne sont pas conserv\u00e9es plus longtemps qu&#8217;il n&#8217;est n\u00e9cessaire pour cette ou ces fins.<br\/>3. Sans pr\u00e9judice de la section G-2, nous supprimerons g\u00e9n\u00e9ralement les donn\u00e9es \u00e0 caract\u00e8re personnel relevant de ces cat\u00e9gories \u00e0 la date et \u00e0 l&#8217;heure indiqu\u00e9es ci-dessous : a. Ce type de donn\u00e9es \u00e0 caract\u00e8re personnel sera supprim\u00e9 b. {ENTER DATE\/HEURE} ; et<br\/>{ENTRER D&#8217;AUTRES DATES\/HEURES}.<br\/>4. Nonobstant les autres dispositions de la pr\u00e9sente section G, nous conserverons les documents (y compris les documents \u00e9lectroniques) contenant des donn\u00e9es \u00e0 caract\u00e8re personnel : a. Dans la mesure o\u00f9 la loi nous y oblige ;<br\/>b. Si nous pensons que les documents peuvent \u00eatre pertinents dans le cadre d&#8217;une proc\u00e9dure judiciaire en cours ou potentielle ; et<br\/>c. Pour \u00e9tablir, exercer ou d\u00e9fendre nos droits l\u00e9gaux (y compris la fourniture d&#8217;informations \u00e0 des tiers \u00e0 des fins de pr\u00e9vention de la fraude et de r\u00e9duction du risque de cr\u00e9dit).<br\/><br\/><strong>H. S\u00e9curit\u00e9 de vos donn\u00e9es personnelles<\/strong><br\/>1. Nous prendrons des pr\u00e9cautions techniques et organisationnelles raisonnables pour \u00e9viter la perte, l&#8217;utilisation abusive ou l&#8217;alt\u00e9ration de vos informations personnelles.<br\/>2. Nous stockons toutes les informations personnelles que vous nous fournissez sur des serveurs s\u00e9curis\u00e9s (prot\u00e9g\u00e9s par un mot de passe et un pare-feu).<br\/>3. Toutes les transactions financi\u00e8res \u00e9lectroniques effectu\u00e9es par l&#8217;interm\u00e9diaire de notre site web seront prot\u00e9g\u00e9es par des technologies de cryptage.<br\/>4. Vous reconnaissez que la transmission d&#8217;informations sur Internet n&#8217;est pas s\u00fbre par nature et que nous ne pouvons pas garantir la s\u00e9curit\u00e9 de vos donn\u00e9es envoy\u00e9es sur Internet.<br\/>5. Vous \u00eates responsable de la confidentialit\u00e9 du mot de passe que vous utilisez pour acc\u00e9der \u00e0 notre site web ; nous ne vous demanderons pas votre mot de passe (sauf lorsque vous vous connectez \u00e0 notre site web).<br\/><br\/><strong>I. Amendements<\/strong><br\/>De temps \u00e0 autre, nous pouvons mettre \u00e0 jour cette politique en publiant une nouvelle version sur notre site web. Nous vous conseillons de consulter r\u00e9guli\u00e8rement cette page afin de prendre connaissance de toute modification apport\u00e9e \u00e0 la pr\u00e9sente politique. Nous pouvons vous informer des modifications apport\u00e9es \u00e0 la pr\u00e9sente politique par courrier \u00e9lectronique ou par le biais du service de messagerie priv\u00e9e de notre site web.<br\/><br\/><strong>J. Vos droits<\/strong><br\/>Vous pouvez nous demander de vous fournir toute information personnelle que nous d\u00e9tenons \u00e0 votre sujet ; le transfert de ces informations sera soumis aux conditions suivantes :<br\/>1. Paiement de la taxe {ENTER LA TAXE LE CAS \u00c9CH\u00c9ANT} ; et<br\/>2. Pr\u00e9sentation d&#8217;une preuve suffisante de votre identit\u00e9 {ADJUST TEXT TO REFLECT YOUR POLICY} (\u00e0 cette fin, nous acceptons g\u00e9n\u00e9ralement une photocopie certifi\u00e9e par un notaire de votre passeport ainsi que l&#8217;original d&#8217;une facture d&#8217;\u00e9lectricit\u00e9 indiquant votre adresse actuelle).<br\/>Nous pouvons conserver les informations personnelles que vous demandez dans la mesure o\u00f9 la loi le permet.<br\/>Vous pouvez nous demander \u00e0 tout moment de ne pas traiter vos informations personnelles \u00e0 des fins de marketing.<br\/>Dans la pratique, vous exprimerez express\u00e9ment et pr\u00e9alablement votre consentement \u00e0 l&#8217;utilisation de vos donn\u00e9es personnelles \u00e0 des fins de marketing ou vous aurez la possibilit\u00e9 de refuser l&#8217;utilisation de vos donn\u00e9es personnelles \u00e0 des fins de marketing.<br\/><br\/><strong>K. Sites web de tiers<\/strong><br\/>Notre site web contient des hyperliens vers des sites web de tiers et des informations les concernant. Nous n&#8217;avons aucun contr\u00f4le sur ces sites et ne sommes pas responsables de leurs politiques ou pratiques en mati\u00e8re de protection de la vie priv\u00e9e. <br\/><br\/><strong>L. Mise \u00e0 jour des informations<\/strong><br\/>Veuillez nous faire savoir si les informations personnelles que nous d\u00e9tenons \u00e0 votre sujet doivent \u00eatre corrig\u00e9es ou mises \u00e0 jour.<br\/><br\/><strong>M. Biscuits<\/strong><br\/>Notre site web utilise des cookies. Un cookie est un fichier contenant un identifiant (une cha\u00eene de lettres et de chiffres) envoy\u00e9 par un serveur web \u00e0 un navigateur web et stock\u00e9 par ce dernier. L&#8217;identifiant est ensuite renvoy\u00e9 au serveur chaque fois que le navigateur demande une page au serveur. Les cookies peuvent \u00eatre &#8220;persistants&#8221; ou &#8220;de session&#8221; : un cookie persistant est stock\u00e9 par le navigateur et reste valide jusqu&#8217;\u00e0 sa date d&#8217;expiration, sauf s&#8217;il est supprim\u00e9 par l&#8217;utilisateur avant cette date d&#8217;expiration ; quant au cookie de session, il expire \u00e0 la fin de la session de l&#8217;utilisateur, lorsque le navigateur est ferm\u00e9. Les cookies ne contiennent g\u00e9n\u00e9ralement pas d&#8217;informations permettant d&#8217;identifier personnellement un utilisateur, mais les informations personnelles que nous stockons \u00e0 votre sujet peuvent \u00eatre li\u00e9es aux informations stock\u00e9es dans les cookies et obtenues par ces derniers. Nous n&#8217;utilisons que des cookies de session \/ des cookies persistants \/ des cookies de session et des cookies persistants sur notre site web.}<br\/>1. Les noms des cookies que nous utilisons sur notre site web et les raisons pour lesquelles nous les utilisons sont d\u00e9crits ci-dessous : a. Nous utilisons Google Analytics et Adwords sur notre site web pour : {INCLURE TOUTES LES FA\u00c7ONS D&#8217;UTILISER LES COOKIES SUR VOTRE SITE} reconna\u00eetre un ordinateur lorsqu&#8217;un utilisateur visite le site web\/ suivre les utilisateurs lorsqu&#8217;ils naviguent sur le site web\/ permettre l&#8217;utilisation d&#8217;un panier d&#8217;achat sur le site web\/ am\u00e9liorer l&#8217;utilisation d&#8217;un site web\/ analyser l&#8217;utilisation du site web\/ administrer le site web\/ pr\u00e9venir la fraude et am\u00e9liorer la s\u00e9curit\u00e9 du site web\/ personnaliser le site web pour chaque utilisateur\/ envoyer des publicit\u00e9s cibl\u00e9es susceptibles d&#8217;int\u00e9resser certains utilisateurs (d\u00e9crivez vos autres finalit\u00e9s) ;<br\/>2. La plupart des navigateurs vous permettent de refuser ou d&#8217;accepter les cookies. Comme quoi : a. avec Internet Explorer (version 10), vous pouvez bloquer les cookies en utilisant les param\u00e8tres de gestion des cookies disponibles en cliquant sur &#8220;Outils&#8221;, &#8220;Options Internet&#8221;, &#8220;Confidentialit\u00e9&#8221; puis &#8220;Avanc\u00e9&#8221; ;<br\/>b. avec Firefox (version 24), vous pouvez bloquer tous les cookies en cliquant sur &#8220;Outils&#8221;, &#8220;Options&#8221;, &#8220;Confidentialit\u00e9&#8221;, puis en s\u00e9lectionnant &#8220;Utiliser les param\u00e8tres personnalis\u00e9s pour l&#8217;historique&#8221; dans le menu d\u00e9roulant et en d\u00e9cochant &#8220;Accepter les cookies des sites&#8221; ; et<br\/>c. Avec Chrome (version 29), vous pouvez bloquer tous les cookies en allant dans le menu &#8220;Personnaliser et contr\u00f4ler&#8221;, puis en cliquant sur &#8220;Param\u00e8tres&#8221;, &#8220;Afficher les param\u00e8tres avanc\u00e9s&#8221; et &#8220;Param\u00e8tres de contenu&#8221;, puis en s\u00e9lectionnant &#8220;Emp\u00eacher les sites de d\u00e9finir des donn\u00e9es&#8221; dans la rubrique &#8220;Cookies&#8221;.<br\/>Le blocage de tous les cookies aura un impact n\u00e9gatif sur l&#8217;utilisation de nombreux sites web. Si vous bloquez les cookies, vous ne pourrez pas utiliser toutes les fonctionnalit\u00e9s de notre site web. <br\/>3. Vous pouvez supprimer les cookies d\u00e9j\u00e0 stock\u00e9s sur votre ordinateur. Exemple : a. avec Internet Explorer (version 10), vous devez supprimer manuellement le fichier cookie (vous trouverez des instructions \u00e0 ce sujet ici <a href=\"http:\/\/support.microsoft.com\/kb\/278835\" target=\"_blank\" rel=\"noreferrer noopener\">http:\/\/support.microsoft.com\/kb\/278835) ;<\/a><br\/>b. avec Firefox (version 24), vous pouvez supprimer les cookies en cliquant sur &#8220;Outils&#8221;, &#8220;Options&#8221; et &#8220;Vie priv\u00e9e&#8221;, puis en s\u00e9lectionnant &#8220;Utiliser les param\u00e8tres personnalis\u00e9s pour l&#8217;historique&#8221; et en cliquant sur &#8220;Afficher les cookies&#8221;, puis sur &#8220;Supprimer tous les cookies&#8221; ; et<br\/>c. Avec Chrome (version 29), vous pouvez supprimer tous les cookies en allant dans le menu &#8220;Personnaliser et contr\u00f4ler&#8221; puis en cliquant sur &#8220;Param\u00e8tres&#8221;, &#8220;Afficher les param\u00e8tres avanc\u00e9s&#8221; et &#8220;Supprimer les donn\u00e9es de navigation&#8221; puis &#8220;Supprimer les cookies et les donn\u00e9es des modules compl\u00e9mentaires provenant d&#8217;autres sites&#8221; avant de cliquer sur &#8220;Supprimer les donn\u00e9es de navigation&#8221;.<br\/>4. La suppression des cookies aura un impact n\u00e9gatif sur l&#8217;utilisation de nombreux sites web.<\/p>\n<\/div><\/div>\n\n<\/div><\/div>","protected":false},"excerpt":{"rendered":"<p>A. Introduction 1. La vie priv\u00e9e des visiteurs de notre site web est tr\u00e8s importante pour nous et nous nous engageons \u00e0 la prot\u00e9ger. Cette politique d\u00e9taille ce que nous faisons de vos informations personnelles.2. Le fait de consentir \u00e0 l&#8217;utilisation de cookies conform\u00e9ment \u00e0 la pr\u00e9sente politique lors de votre premi\u00e8re visite sur notre&#8230;<\/p>\n","protected":false},"author":1,"featured_media":0,"parent":0,"menu_order":0,"comment_status":"closed","ping_status":"closed","template":"","meta":{"_kad_blocks_custom_css":"","_kad_blocks_head_custom_js":"","_kad_blocks_body_custom_js":"","_kad_blocks_footer_custom_js":"","_kad_post_transparent":"disable","_kad_post_title":"hide","_kad_post_layout":"fullwidth","_kad_post_sidebar_id":"","_kad_post_content_style":"","_kad_post_vertical_padding":"","_kad_post_feature":"","_kad_post_feature_position":"","_kad_post_header":false,"_kad_post_footer":false,"_kad_post_classname":"","_joinchat":[],"footnotes":""},"class_list":["post-6064","page","type-page","status-publish","hentry"],"wpml_language":null,"taxonomy_info":[],"featured_image_src_large":false,"author_info":{"display_name":"grivas","author_link":"https:\/\/youngexplorersclub.ch\/fr\/author\/grivas\/"},"comment_info":"","_links":{"self":[{"href":"https:\/\/youngexplorersclub.ch\/fr\/wp-json\/wp\/v2\/pages\/6064","targetHints":{"allow":["GET"]}}],"collection":[{"href":"https:\/\/youngexplorersclub.ch\/fr\/wp-json\/wp\/v2\/pages"}],"about":[{"href":"https:\/\/youngexplorersclub.ch\/fr\/wp-json\/wp\/v2\/types\/page"}],"author":[{"embeddable":true,"href":"https:\/\/youngexplorersclub.ch\/fr\/wp-json\/wp\/v2\/users\/1"}],"replies":[{"embeddable":true,"href":"https:\/\/youngexplorersclub.ch\/fr\/wp-json\/wp\/v2\/comments?post=6064"}],"version-history":[{"count":0,"href":"https:\/\/youngexplorersclub.ch\/fr\/wp-json\/wp\/v2\/pages\/6064\/revisions"}],"wp:attachment":[{"href":"https:\/\/youngexplorersclub.ch\/fr\/wp-json\/wp\/v2\/media?parent=6064"}],"curies":[{"name":"wp","href":"https:\/\/api.w.org\/{rel}","templated":true}]}}