{"id":30369,"date":"2024-06-02T21:53:18","date_gmt":"2024-06-02T21:53:18","guid":{"rendered":"https:\/\/youngexplorersclub.ch\/boletim-informativo\/"},"modified":"2025-08-06T07:06:04","modified_gmt":"2025-08-06T07:06:04","slug":"boletim-informativo","status":"publish","type":"page","link":"https:\/\/youngexplorersclub.ch\/pt-br\/boletim-informativo\/","title":{"rendered":"Boletim informativo"},"content":{"rendered":"<style>.kb-row-layout-id23334_5dc56f-e9 > .kt-row-column-wrap{align-content:start;}:where(.kb-row-layout-id23334_5dc56f-e9 > .kt-row-column-wrap) > .wp-block-kadence-column{justify-content:start;}.kb-row-layout-id23334_5dc56f-e9 > .kt-row-column-wrap{column-gap:var(--global-kb-gap-md, 2rem);row-gap:var(--global-kb-gap-md, 2rem);max-width:var( --global-content-width, 1340px );padding-left:var(--global-content-edge-padding);padding-right:var(--global-content-edge-padding);padding-top:0px;padding-bottom:55px;grid-template-columns:minmax(0, 1fr) minmax(0, 2fr) minmax(0, 1fr);}.kb-row-layout-id23334_5dc56f-e9 > .kt-row-layout-overlay{opacity:0.30;}@media all and (max-width: 1024px){.kb-row-layout-id23334_5dc56f-e9 > .kt-row-column-wrap > div:not(.added-for-specificity){grid-column:initial;}}@media all and (max-width: 1024px){.kb-row-layout-id23334_5dc56f-e9 > .kt-row-column-wrap{grid-template-columns:repeat(3, minmax(0, 1fr));}}@media all and (max-width: 767px){.kb-row-layout-id23334_5dc56f-e9 > .kt-row-column-wrap{padding-top:0px;padding-right:20px;padding-bottom:0px;padding-left:20px;grid-template-columns:minmax(0, 1fr);}.kb-row-layout-id23334_5dc56f-e9 > .kt-row-column-wrap > div:not(.added-for-specificity){grid-column:initial;}}<\/style><div class=\"kb-row-layout-wrap kb-row-layout-id23334_5dc56f-e9 alignfull wp-block-kadence-rowlayout\"><div class=\"kt-row-column-wrap kt-has-3-columns kt-row-layout-equal kt-tab-layout-inherit kt-mobile-layout-row kt-row-valign-top kb-theme-content-width\">\n<style>.kadence-column23334_125351-fc > .kt-inside-inner-col,.kadence-column23334_125351-fc > .kt-inside-inner-col:before{border-top-left-radius:0px;border-top-right-radius:0px;border-bottom-right-radius:0px;border-bottom-left-radius:0px;}.kadence-column23334_125351-fc > .kt-inside-inner-col{column-gap:var(--global-kb-gap-sm, 1rem);}.kadence-column23334_125351-fc > .kt-inside-inner-col{flex-direction:column;}.kadence-column23334_125351-fc > .kt-inside-inner-col > .aligncenter{width:100%;}.kadence-column23334_125351-fc > .kt-inside-inner-col:before{opacity:0.3;}.kadence-column23334_125351-fc{position:relative;}@media all and (max-width: 1024px){.kadence-column23334_125351-fc > .kt-inside-inner-col{flex-direction:column;justify-content:center;}}@media all and (max-width: 767px){.kadence-column23334_125351-fc > .kt-inside-inner-col{flex-direction:column;justify-content:center;}}<\/style>\n<div class=\"wp-block-kadence-column kadence-column23334_125351-fc\"><div class=\"kt-inside-inner-col\"><\/div><\/div>\n\n\n<style>.kadence-column23334_700e15-fa > .kt-inside-inner-col,.kadence-column23334_700e15-fa > .kt-inside-inner-col:before{border-top-left-radius:0px;border-top-right-radius:0px;border-bottom-right-radius:0px;border-bottom-left-radius:0px;}.kadence-column23334_700e15-fa > .kt-inside-inner-col{column-gap:var(--global-kb-gap-sm, 1rem);}.kadence-column23334_700e15-fa > .kt-inside-inner-col{flex-direction:column;}.kadence-column23334_700e15-fa > .kt-inside-inner-col > .aligncenter{width:100%;}.kadence-column23334_700e15-fa > .kt-inside-inner-col:before{opacity:0.3;}.kadence-column23334_700e15-fa{position:relative;}@media all and (max-width: 1024px){.kadence-column23334_700e15-fa > .kt-inside-inner-col{flex-direction:column;justify-content:center;}}@media all and (max-width: 767px){.kadence-column23334_700e15-fa > .kt-inside-inner-col{flex-direction:column;justify-content:center;}}<\/style>\n<div class=\"wp-block-kadence-column kadence-column23334_700e15-fa kb-section-dir-vertical\"><div class=\"kt-inside-inner-col\"><style>.kadence-column23334_58b84d-59{max-width:800px;margin-left:auto;margin-right:auto;}.wp-block-kadence-column.kb-section-dir-horizontal:not(.kb-section-md-dir-vertical)>.kt-inside-inner-col>.kadence-column23334_58b84d-59{-webkit-flex:0 1 800px;flex:0 1 800px;max-width:unset;margin-left:unset;margin-right:unset;}.kadence-column23334_58b84d-59 > .kt-inside-inner-col,.kadence-column23334_58b84d-59 > .kt-inside-inner-col:before{border-top-left-radius:0px;border-top-right-radius:0px;border-bottom-right-radius:0px;border-bottom-left-radius:0px;}.kadence-column23334_58b84d-59 > .kt-inside-inner-col{column-gap:var(--global-kb-gap-sm, 1rem);}.kadence-column23334_58b84d-59 > .kt-inside-inner-col{flex-direction:column;}.kadence-column23334_58b84d-59 > .kt-inside-inner-col > .aligncenter{width:100%;}.kadence-column23334_58b84d-59 > .kt-inside-inner-col:before{opacity:0.3;}.kadence-column23334_58b84d-59{position:relative;}@media all and (min-width: 1025px){.wp-block-kadence-column.kb-section-dir-horizontal>.kt-inside-inner-col>.kadence-column23334_58b84d-59{-webkit-flex:0 1 800px;flex:0 1 800px;max-width:unset;margin-left:unset;margin-right:unset;}}@media all and (max-width: 1024px){.kadence-column23334_58b84d-59 > .kt-inside-inner-col{flex-direction:column;justify-content:center;}}@media all and (max-width: 767px){.wp-block-kadence-column.kb-section-sm-dir-vertical:not(.kb-section-sm-dir-horizontal):not(.kb-section-sm-dir-specificity)>.kt-inside-inner-col>.kadence-column23334_58b84d-59{max-width:800px;-webkit-flex:1;flex:1;margin-left:auto;margin-right:auto;}.kadence-column23334_58b84d-59 > .kt-inside-inner-col{flex-direction:column;justify-content:center;}}<\/style>\n<div class=\"wp-block-kadence-column kadence-column23334_58b84d-59\"><div class=\"kt-inside-inner-col\"><style>.wp-block-kadence-advancedheading.kt-adv-heading23334_074eb1-8b, .wp-block-kadence-advancedheading.kt-adv-heading23334_074eb1-8b[data-kb-block=\"kb-adv-heading23334_074eb1-8b\"]{max-width:1140px;margin-right:auto;margin-left:auto;padding-bottom:10px;text-align:center;font-weight:700;font-style:normal;font-family:Roboto;}.wp-block-kadence-advancedheading.kt-adv-heading23334_074eb1-8b mark.kt-highlight, .wp-block-kadence-advancedheading.kt-adv-heading23334_074eb1-8b[data-kb-block=\"kb-adv-heading23334_074eb1-8b\"] mark.kt-highlight{font-style:normal;color:#f76a0c;-webkit-box-decoration-break:clone;box-decoration-break:clone;padding-top:0px;padding-right:0px;padding-bottom:0px;padding-left:0px;}.wp-block-kadence-advancedheading.kt-adv-heading23334_074eb1-8b img.kb-inline-image, .wp-block-kadence-advancedheading.kt-adv-heading23334_074eb1-8b[data-kb-block=\"kb-adv-heading23334_074eb1-8b\"] img.kb-inline-image{width:150px;vertical-align:baseline;}<\/style>\n<h1 class=\"kt-adv-heading23334_074eb1-8b wp-block-kadence-advancedheading\" data-kb-block=\"kb-adv-heading23334_074eb1-8b\">Subscri\u00e7\u00e3o da newsletter:<\/h1>\n\n\n<style>.wp-block-kadence-spacer.kt-block-spacer-23334_51c52c-1e .kt-block-spacer{height:6px;}.wp-block-kadence-spacer.kt-block-spacer-23334_51c52c-1e .kt-divider{border-top-width:3px;height:1px;border-top-color:var(--global-palette1, #3182CE);width:75px;border-top-style:solid;}<\/style>\n<div class=\"wp-block-kadence-spacer aligncenter kt-block-spacer-23334_51c52c-1e\"><div class=\"kt-block-spacer kt-block-spacer-halign-center\"><hr class=\"kt-divider\"\/><\/div><\/div>\n<\/div><\/div>\n<\/div><\/div>\n\n\n<style>.kadence-column23334_25e7be-bf > .kt-inside-inner-col,.kadence-column23334_25e7be-bf > .kt-inside-inner-col:before{border-top-left-radius:0px;border-top-right-radius:0px;border-bottom-right-radius:0px;border-bottom-left-radius:0px;}.kadence-column23334_25e7be-bf > .kt-inside-inner-col{column-gap:var(--global-kb-gap-sm, 1rem);}.kadence-column23334_25e7be-bf > .kt-inside-inner-col{flex-direction:column;}.kadence-column23334_25e7be-bf > .kt-inside-inner-col > .aligncenter{width:100%;}.kadence-column23334_25e7be-bf > .kt-inside-inner-col:before{opacity:0.3;}.kadence-column23334_25e7be-bf{position:relative;}@media all and (max-width: 1024px){.kadence-column23334_25e7be-bf > .kt-inside-inner-col{flex-direction:column;justify-content:center;}}@media all and (max-width: 767px){.kadence-column23334_25e7be-bf > .kt-inside-inner-col{flex-direction:column;justify-content:center;}}<\/style>\n<div class=\"wp-block-kadence-column kadence-column23334_25e7be-bf\"><div class=\"kt-inside-inner-col\"><\/div><\/div>\n\n<\/div><\/div><style>.kb-row-layout-id23334_0bb80b-f0 > .kt-row-column-wrap{align-content:start;}:where(.kb-row-layout-id23334_0bb80b-f0 > .kt-row-column-wrap) > .wp-block-kadence-column{justify-content:start;}.kb-row-layout-id23334_0bb80b-f0 > .kt-row-column-wrap{column-gap:var(--global-kb-gap-md, 2rem);row-gap:var(--global-kb-gap-md, 2rem);max-width:var( --global-content-width, 1340px );padding-left:var(--global-content-edge-padding);padding-right:var(--global-content-edge-padding);padding-top:0px;padding-bottom:0px;grid-template-columns:minmax(0, 1fr) minmax(0, 2fr) minmax(0, 1fr);}.kb-row-layout-id23334_0bb80b-f0 > .kt-row-layout-overlay{opacity:0.30;}@media all and (max-width: 1024px){.kb-row-layout-id23334_0bb80b-f0 > .kt-row-column-wrap > div:not(.added-for-specificity){grid-column:initial;}}@media all and (max-width: 1024px){.kb-row-layout-id23334_0bb80b-f0 > .kt-row-column-wrap{grid-template-columns:repeat(3, minmax(0, 1fr));}}@media all and (max-width: 767px){.kb-row-layout-id23334_0bb80b-f0 > .kt-row-column-wrap{padding-top:0px;padding-right:20px;padding-left:20px;grid-template-columns:minmax(0, 1fr);}.kb-row-layout-id23334_0bb80b-f0 > .kt-row-column-wrap > div:not(.added-for-specificity){grid-column:initial;}}<\/style><div class=\"kb-row-layout-wrap kb-row-layout-id23334_0bb80b-f0 alignfull wp-block-kadence-rowlayout\"><div class=\"kt-row-column-wrap kt-has-3-columns kt-row-layout-equal kt-tab-layout-inherit kt-mobile-layout-row kt-row-valign-top kb-theme-content-width\">\n<style>.kadence-column23334_654873-d2 > .kt-inside-inner-col,.kadence-column23334_654873-d2 > .kt-inside-inner-col:before{border-top-left-radius:0px;border-top-right-radius:0px;border-bottom-right-radius:0px;border-bottom-left-radius:0px;}.kadence-column23334_654873-d2 > .kt-inside-inner-col{column-gap:var(--global-kb-gap-sm, 1rem);}.kadence-column23334_654873-d2 > .kt-inside-inner-col{flex-direction:column;}.kadence-column23334_654873-d2 > .kt-inside-inner-col > .aligncenter{width:100%;}.kadence-column23334_654873-d2 > .kt-inside-inner-col:before{opacity:0.3;}.kadence-column23334_654873-d2{position:relative;}@media all and (max-width: 1024px){.kadence-column23334_654873-d2 > .kt-inside-inner-col{flex-direction:column;justify-content:center;}}@media all and (max-width: 767px){.kadence-column23334_654873-d2 > .kt-inside-inner-col{flex-direction:column;justify-content:center;}}<\/style>\n<div class=\"wp-block-kadence-column kadence-column23334_654873-d2\"><div class=\"kt-inside-inner-col\"><\/div><\/div>\n\n\n<style>.kadence-column23334_b6ccc4-96 > .kt-inside-inner-col,.kadence-column23334_b6ccc4-96 > .kt-inside-inner-col:before{border-top-left-radius:0px;border-top-right-radius:0px;border-bottom-right-radius:0px;border-bottom-left-radius:0px;}.kadence-column23334_b6ccc4-96 > .kt-inside-inner-col{column-gap:var(--global-kb-gap-sm, 1rem);}.kadence-column23334_b6ccc4-96 > .kt-inside-inner-col{flex-direction:column;}.kadence-column23334_b6ccc4-96 > .kt-inside-inner-col > .aligncenter{width:100%;}.kadence-column23334_b6ccc4-96 > .kt-inside-inner-col:before{opacity:0.3;}.kadence-column23334_b6ccc4-96{position:relative;}@media all and (max-width: 1024px){.kadence-column23334_b6ccc4-96 > .kt-inside-inner-col{flex-direction:column;justify-content:center;}}@media all and (max-width: 767px){.kadence-column23334_b6ccc4-96 > .kt-inside-inner-col{flex-direction:column;justify-content:center;}}<\/style>\n<div class=\"wp-block-kadence-column kadence-column23334_b6ccc4-96\"><div class=\"kt-inside-inner-col\"><style>.kadence-column23334_5abf79-61 > .kt-inside-inner-col{display:flex;}.kadence-column23334_5abf79-61{max-width:800px;margin-left:auto;margin-right:auto;}.wp-block-kadence-column.kb-section-dir-horizontal:not(.kb-section-md-dir-vertical)>.kt-inside-inner-col>.kadence-column23334_5abf79-61{-webkit-flex:0 1 800px;flex:0 1 800px;max-width:unset;margin-left:unset;margin-right:unset;}.kadence-column23334_5abf79-61 > .kt-inside-inner-col{padding-top:20px;padding-right:20px;padding-bottom:20px;padding-left:20px;}.kadence-column23334_5abf79-61 > .kt-inside-inner-col{box-shadow:0px 0px 60px -20px #000000;}.kadence-column23334_5abf79-61 > .kt-inside-inner-col,.kadence-column23334_5abf79-61 > .kt-inside-inner-col:before{border-top-left-radius:0px;border-top-right-radius:0px;border-bottom-right-radius:0px;border-bottom-left-radius:0px;}.kadence-column23334_5abf79-61 > .kt-inside-inner-col{column-gap:var(--global-kb-gap-sm, 1rem);}.kadence-column23334_5abf79-61 > .kt-inside-inner-col{flex-direction:column;justify-content:center;}.kadence-column23334_5abf79-61 > .kt-inside-inner-col > .aligncenter{width:100%;}.kt-row-column-wrap > .kadence-column23334_5abf79-61{align-self:center;}.kt-inner-column-height-full:not(.kt-has-1-columns) > .wp-block-kadence-column.kadence-column23334_5abf79-61{align-self:auto;}.kt-inner-column-height-full:not(.kt-has-1-columns) > .wp-block-kadence-column.kadence-column23334_5abf79-61 > .kt-inside-inner-col{flex-direction:column;justify-content:center;}.kadence-column23334_5abf79-61 > .kt-inside-inner-col:before{opacity:0.3;}.kadence-column23334_5abf79-61{position:relative;}@media all and (min-width: 1025px){.wp-block-kadence-column.kb-section-dir-horizontal>.kt-inside-inner-col>.kadence-column23334_5abf79-61{-webkit-flex:0 1 800px;flex:0 1 800px;max-width:unset;margin-left:unset;margin-right:unset;}}@media all and (max-width: 1024px){.kt-row-column-wrap > .kadence-column23334_5abf79-61{align-self:center;}}@media all and (max-width: 1024px){.kt-inner-column-height-full:not(.kt-has-1-columns) > .wp-block-kadence-column.kadence-column23334_5abf79-61{align-self:auto;}}@media all and (max-width: 1024px){.kt-inner-column-height-full:not(.kt-has-1-columns) > .wp-block-kadence-column.kadence-column23334_5abf79-61 > .kt-inside-inner-col{flex-direction:column;justify-content:center;}}@media all and (max-width: 1024px){.kadence-column23334_5abf79-61 > .kt-inside-inner-col{flex-direction:column;justify-content:center;}}@media all and (max-width: 767px){.kt-row-column-wrap > .kadence-column23334_5abf79-61{align-self:center;}.kt-inner-column-height-full:not(.kt-has-1-columns) > .wp-block-kadence-column.kadence-column23334_5abf79-61{align-self:auto;}.kt-inner-column-height-full:not(.kt-has-1-columns) > .wp-block-kadence-column.kadence-column23334_5abf79-61 > .kt-inside-inner-col{flex-direction:column;justify-content:center;}.wp-block-kadence-column.kb-section-sm-dir-vertical:not(.kb-section-sm-dir-horizontal):not(.kb-section-sm-dir-specificity)>.kt-inside-inner-col>.kadence-column23334_5abf79-61{max-width:800px;-webkit-flex:1;flex:1;margin-left:auto;margin-right:auto;}.kadence-column23334_5abf79-61 > .kt-inside-inner-col{flex-direction:column;justify-content:center;}}<\/style>\n<div class=\"wp-block-kadence-column kadence-column23334_5abf79-61 kb-section-dir-vertical inner-column-1\"><div class=\"kt-inside-inner-col\"><style>.wp-block-kadence-advancedheading.kt-adv-heading23334_7a7f9a-b1, .wp-block-kadence-advancedheading.kt-adv-heading23334_7a7f9a-b1[data-kb-block=\"kb-adv-heading23334_7a7f9a-b1\"]{text-align:center;font-weight:600;font-style:normal;font-family:Roboto;text-transform:uppercase;}.wp-block-kadence-advancedheading.kt-adv-heading23334_7a7f9a-b1 mark.kt-highlight, .wp-block-kadence-advancedheading.kt-adv-heading23334_7a7f9a-b1[data-kb-block=\"kb-adv-heading23334_7a7f9a-b1\"] mark.kt-highlight{font-style:normal;color:#f76a0c;-webkit-box-decoration-break:clone;box-decoration-break:clone;padding-top:0px;padding-right:0px;padding-bottom:0px;padding-left:0px;}.wp-block-kadence-advancedheading.kt-adv-heading23334_7a7f9a-b1 img.kb-inline-image, .wp-block-kadence-advancedheading.kt-adv-heading23334_7a7f9a-b1[data-kb-block=\"kb-adv-heading23334_7a7f9a-b1\"] img.kb-inline-image{width:150px;vertical-align:baseline;}<\/style>\n<h3 class=\"kt-adv-heading23334_7a7f9a-b1 wp-block-kadence-advancedheading\" data-kb-block=\"kb-adv-heading23334_7a7f9a-b1\">Regista-te:<\/h3>\n\n\n<style>.wp-block-kadence-advancedheading.kt-adv-heading23334_d7d0f3-b1, .wp-block-kadence-advancedheading.kt-adv-heading23334_d7d0f3-b1[data-kb-block=\"kb-adv-heading23334_d7d0f3-b1\"]{padding-bottom:10px;text-align:center;font-weight:400;font-style:normal;font-family:Roboto;text-transform:uppercase;}.wp-block-kadence-advancedheading.kt-adv-heading23334_d7d0f3-b1 mark.kt-highlight, .wp-block-kadence-advancedheading.kt-adv-heading23334_d7d0f3-b1[data-kb-block=\"kb-adv-heading23334_d7d0f3-b1\"] mark.kt-highlight{font-style:normal;color:#f76a0c;-webkit-box-decoration-break:clone;box-decoration-break:clone;padding-top:0px;padding-right:0px;padding-bottom:0px;padding-left:0px;}.wp-block-kadence-advancedheading.kt-adv-heading23334_d7d0f3-b1 img.kb-inline-image, .wp-block-kadence-advancedheading.kt-adv-heading23334_d7d0f3-b1[data-kb-block=\"kb-adv-heading23334_d7d0f3-b1\"] img.kb-inline-image{width:150px;vertical-align:baseline;}@media all and (max-width: 767px){.wp-block-kadence-advancedheading.kt-adv-heading23334_d7d0f3-b1, .wp-block-kadence-advancedheading.kt-adv-heading23334_d7d0f3-b1[data-kb-block=\"kb-adv-heading23334_d7d0f3-b1\"]{font-size:12px;}}<\/style>\n<h5 class=\"kt-adv-heading23334_d7d0f3-b1 wp-block-kadence-advancedheading has-theme-palette-1-color has-text-color\" data-kb-block=\"kb-adv-heading23334_d7d0f3-b1\">Nunca enviamos spam ou e-mails indesej\u00e1veis.<\/h5>\n\n\n<style>.wp-block-kadence-form.kadence-form-23334_1a9b2b-53.kb-form-wrap{margin-bottom:0px;}.kadence-form-23334_1a9b2b-53 .kb-form .kadence-blocks-form-field .kb-text-style-field, .kadence-form-23334_1a9b2b-53 .kb-form .kadence-blocks-form-field .kb-select-style-field{font-size:15px;background:var(--global-palette8, #F7FAFC);border-color:var(--global-palette9, #ffffff);}.kadence-form-23334_1a9b2b-53 .kb-form .kadence-blocks-form-field .kb-forms-submit{width:143px;}.kadence-form-23334_1a9b2b-53 .kb-form .kadence-blocks-form-field .kb-forms-submit{padding-top:1px;padding-right:1px;padding-bottom:1px;padding-left:1px;}.kadence-form-23334_1a9b2b-53 .kb-form .kadence-blocks-form-field .kb-forms-submit{font-size:16px;letter-spacing:0.5px;text-transform:uppercase;font-family:Inter;font-style:normal;font-weight:500;}.kb-form input.kadence-blocks-field.verify{opacity:0.0;position:absolute;top:0.0;left:0.0;width:0.0;height:0.0;z-index:-1;}@media all and (max-width: 767px){.kadence-form-23334_1a9b2b-53 .kb-form .kadence-blocks-form-field .kb-forms-submit{font-size:var(--global-kb-font-size-sm, 0.9rem);line-height:25px;}}<\/style>\n<div class=\"wp-block-kadence-form kadence-form-23334_1a9b2b-53 kb-form-wrap\"><form class=\"kb-form\" action=\"\" method=\"post\"><div class=\"kadence-blocks-form-field kb-field-desk-width-100 kb-input-size-standard\"><input name=\"kb_field_0\" id=\"kb_field_23334_1a9b2b-53_0\" data-label=\"Correio eletr&#xF3;nico\" type=\"email\" placeholder=\"Endere&#xE7;o de e-mail\" value=\"\" data-type=\"email\" class=\"kb-field kb-text-style-field kb-email-field kb-field-0\" data-required=\"yes\"\/><\/div><input type=\"hidden\" name=\"_kb_form_id\" value=\"23334_1a9b2b-53\"\/><input type=\"hidden\" name=\"_kb_form_post_id\" value=\"30369\"\/><input type=\"hidden\" name=\"action\" value=\"kb_process_ajax_submit\"\/><label class=\"kadence-verify-label\">Email<input class=\"kadence-blocks-field verify\" type=\"text\" name=\"_kb_verify_email\" autocomplete=\"new-password\" aria-hidden=\"true\" placeholder=\"Email\" tabindex=\"-1\" data-1p-ignore=\"true\" data-lpignore=\"true\" \/><\/label><div class=\"kadence-blocks-form-field kb-submit-field kb-field-desk-width-50\"><button class=\"kb-forms-submit button kb-button-size-custom kb-button-width-fixed\">Subscreve agora<\/button><\/div><\/form><\/div>\n<noscript><div class=\"kadence-blocks-form-message kadence-blocks-form-warning\">Please enable JavaScript in your browser to submit the form<\/div><style>.kadence-form-23334_1a9b2b-53 .kadence-blocks-form-field.kb-submit-field { display: none; }<\/style><\/noscript><\/div><\/div>\n\n\n<style>.kadence-column23334_6c218b-09 > .kt-inside-inner-col,.kadence-column23334_6c218b-09 > .kt-inside-inner-col:before{border-top-left-radius:0px;border-top-right-radius:0px;border-bottom-right-radius:0px;border-bottom-left-radius:0px;}.kadence-column23334_6c218b-09 > .kt-inside-inner-col{column-gap:var(--global-kb-gap-sm, 1rem);}.kadence-column23334_6c218b-09 > .kt-inside-inner-col{flex-direction:column;}.kadence-column23334_6c218b-09 > .kt-inside-inner-col > .aligncenter{width:100%;}.kadence-column23334_6c218b-09 > .kt-inside-inner-col:before{opacity:0.3;}.kadence-column23334_6c218b-09{position:relative;}@media all and (max-width: 1024px){.kadence-column23334_6c218b-09 > .kt-inside-inner-col{flex-direction:column;justify-content:center;}}@media all and (max-width: 767px){.kadence-column23334_6c218b-09 > .kt-inside-inner-col{flex-direction:column;justify-content:center;}}<\/style>\n<div class=\"wp-block-kadence-column kadence-column23334_6c218b-09\"><div class=\"kt-inside-inner-col\"><\/div><\/div>\n<\/div><\/div>\n\n\n<style>.kadence-column23334_970373-e6 > .kt-inside-inner-col,.kadence-column23334_970373-e6 > .kt-inside-inner-col:before{border-top-left-radius:0px;border-top-right-radius:0px;border-bottom-right-radius:0px;border-bottom-left-radius:0px;}.kadence-column23334_970373-e6 > .kt-inside-inner-col{column-gap:var(--global-kb-gap-sm, 1rem);}.kadence-column23334_970373-e6 > .kt-inside-inner-col{flex-direction:column;}.kadence-column23334_970373-e6 > .kt-inside-inner-col > .aligncenter{width:100%;}.kadence-column23334_970373-e6 > .kt-inside-inner-col:before{opacity:0.3;}.kadence-column23334_970373-e6{position:relative;}@media all and (max-width: 1024px){.kadence-column23334_970373-e6 > .kt-inside-inner-col{flex-direction:column;justify-content:center;}}@media all and (max-width: 767px){.kadence-column23334_970373-e6 > .kt-inside-inner-col{flex-direction:column;justify-content:center;}}<\/style>\n<div class=\"wp-block-kadence-column kadence-column23334_970373-e6\"><div class=\"kt-inside-inner-col\"><\/div><\/div>\n\n<\/div><\/div>","protected":false},"excerpt":{"rendered":"<p>Subscri\u00e7\u00e3o da newsletter: Regista-te: Nunca enviamos spam ou e-mails indesej\u00e1veis.<\/p>\n","protected":false},"author":1,"featured_media":0,"parent":0,"menu_order":0,"comment_status":"closed","ping_status":"closed","template":"","meta":{"_kad_blocks_custom_css":"","_kad_blocks_head_custom_js":"","_kad_blocks_body_custom_js":"","_kad_blocks_footer_custom_js":"","_kad_post_transparent":"","_kad_post_title":"","_kad_post_layout":"","_kad_post_sidebar_id":"","_kad_post_content_style":"","_kad_post_vertical_padding":"","_kad_post_feature":"","_kad_post_feature_position":"","_kad_post_header":false,"_kad_post_footer":false,"_kad_post_classname":"","_joinchat":[],"footnotes":""},"class_list":["post-30369","page","type-page","status-publish","hentry"],"wpml_language":null,"taxonomy_info":[],"featured_image_src_large":false,"author_info":{"display_name":"grivas","author_link":"https:\/\/youngexplorersclub.ch\/pt-br\/author\/grivas\/"},"comment_info":"","_links":{"self":[{"href":"https:\/\/youngexplorersclub.ch\/pt-br\/wp-json\/wp\/v2\/pages\/30369","targetHints":{"allow":["GET"]}}],"collection":[{"href":"https:\/\/youngexplorersclub.ch\/pt-br\/wp-json\/wp\/v2\/pages"}],"about":[{"href":"https:\/\/youngexplorersclub.ch\/pt-br\/wp-json\/wp\/v2\/types\/page"}],"author":[{"embeddable":true,"href":"https:\/\/youngexplorersclub.ch\/pt-br\/wp-json\/wp\/v2\/users\/1"}],"replies":[{"embeddable":true,"href":"https:\/\/youngexplorersclub.ch\/pt-br\/wp-json\/wp\/v2\/comments?post=30369"}],"version-history":[{"count":0,"href":"https:\/\/youngexplorersclub.ch\/pt-br\/wp-json\/wp\/v2\/pages\/30369\/revisions"}],"wp:attachment":[{"href":"https:\/\/youngexplorersclub.ch\/pt-br\/wp-json\/wp\/v2\/media?parent=30369"}],"curies":[{"name":"wp","href":"https:\/\/api.w.org\/{rel}","templated":true}]}}