{"id":30382,"date":"2025-01-23T18:26:22","date_gmt":"2025-01-23T18:26:22","guid":{"rendered":"https:\/\/youngexplorersclub.ch\/pagina-de-formulario-do-folheto\/"},"modified":"2026-01-16T12:50:40","modified_gmt":"2026-01-16T12:50:40","slug":"pagina-de-formulario-do-folheto","status":"publish","type":"page","link":"https:\/\/youngexplorersclub.ch\/pt-br\/pagina-de-formulario-do-folheto\/","title":{"rendered":"P\u00e1gina do formul\u00e1rio da brochura"},"content":{"rendered":"<style>.kb-row-layout-wrap.wp-block-kadence-rowlayout.kb-row-layout-id29891_2651d7-18{margin-top:-10px;}.kb-row-layout-id29891_2651d7-18 > .kt-row-column-wrap{align-content:start;}:where(.kb-row-layout-id29891_2651d7-18 > .kt-row-column-wrap) > .wp-block-kadence-column{justify-content:start;}.kb-row-layout-id29891_2651d7-18 > .kt-row-column-wrap{column-gap:var(--global-kb-gap-lg, 4rem);row-gap:var(--global-kb-gap-md, 2rem);max-width:900px;margin-left:auto;margin-right:auto;padding-top:0px;grid-template-columns:minmax(0, 1fr);}.kb-row-layout-id29891_2651d7-18 > .kt-row-layout-overlay{opacity:0.30;}.kb-row-layout-id29891_2651d7-18 ,.kb-row-layout-id29891_2651d7-18 h1,.kb-row-layout-id29891_2651d7-18 h2,.kb-row-layout-id29891_2651d7-18 h3,.kb-row-layout-id29891_2651d7-18 h4,.kb-row-layout-id29891_2651d7-18 h5,.kb-row-layout-id29891_2651d7-18 h6{color:var(--global-palette3, #1A202C);}.kb-row-layout-id29891_2651d7-18 a{color:var(--global-palette5, #4A5568);}.kb-row-layout-id29891_2651d7-18 a:hover{color:var(--global-palette6, #718096);}@media all and (max-width: 1024px){.kb-row-layout-id29891_2651d7-18 > .kt-row-column-wrap{padding-top:var(--global-kb-spacing-4xl, 8rem);grid-template-columns:minmax(0, 1fr);}}@media all and (max-width: 767px){.kb-row-layout-wrap.wp-block-kadence-rowlayout.kb-row-layout-id29891_2651d7-18{margin-top:30px;}.kb-row-layout-id29891_2651d7-18 > .kt-row-column-wrap{padding-top:0px;padding-bottom:0px;grid-template-columns:minmax(0, 1fr);}}<\/style><div class=\"kb-row-layout-wrap kb-row-layout-id29891_2651d7-18 alignfull wp-block-kadence-rowlayout\"><div class=\"kt-row-column-wrap kt-has-1-columns kt-row-layout-equal kt-tab-layout-inherit kt-mobile-layout-row kt-row-valign-top\">\n<style>.kadence-column29891_efc7c7-d9 > .kt-inside-inner-col{padding-top:0px;}.kadence-column29891_efc7c7-d9 > .kt-inside-inner-col{border-top:0px solid var(--global-palette3, #1A202C);border-right:0px solid var(--global-palette3, #1A202C);border-left:0px solid var(--global-palette3, #1A202C);}.kadence-column29891_efc7c7-d9 > .kt-inside-inner-col,.kadence-column29891_efc7c7-d9 > .kt-inside-inner-col:before{border-top-left-radius:0px;border-top-right-radius:0px;border-bottom-left-radius:0px;}.kadence-column29891_efc7c7-d9 > .kt-inside-inner-col{column-gap:var(--global-kb-gap-sm, 1rem);}.kadence-column29891_efc7c7-d9 > .kt-inside-inner-col{flex-direction:column;}.kadence-column29891_efc7c7-d9 > .kt-inside-inner-col > .aligncenter{width:100%;}.kadence-column29891_efc7c7-d9 > .kt-inside-inner-col:before{opacity:0.3;}.kadence-column29891_efc7c7-d9{position:relative;}@media all and (max-width: 1024px){.kadence-column29891_efc7c7-d9 > .kt-inside-inner-col{border-top:0px solid var(--global-palette3, #1A202C);border-right:0px solid var(--global-palette3, #1A202C);border-left:0px solid var(--global-palette3, #1A202C);flex-direction:column;justify-content:center;}}@media all and (max-width: 767px){.kadence-column29891_efc7c7-d9 > .kt-inside-inner-col{border-top:0px solid var(--global-palette3, #1A202C);border-right:0px solid var(--global-palette3, #1A202C);border-left:0px solid var(--global-palette3, #1A202C);flex-direction:column;justify-content:center;}}<\/style>\n<div class=\"wp-block-kadence-column kadence-column29891_efc7c7-d9 kb-section-dir-vertical\"><div class=\"kt-inside-inner-col\"><style>.kadence-column29891_cc68ed-d1 > .kt-inside-inner-col,.kadence-column29891_cc68ed-d1 > .kt-inside-inner-col:before{border-top-left-radius:0px;border-top-right-radius:0px;border-bottom-right-radius:0px;border-bottom-left-radius:0px;}.kadence-column29891_cc68ed-d1 > .kt-inside-inner-col{column-gap:var(--global-kb-gap-sm, 1rem);}.kadence-column29891_cc68ed-d1 > .kt-inside-inner-col{flex-direction:column;}.kadence-column29891_cc68ed-d1 > .kt-inside-inner-col > .aligncenter{width:100%;}.kadence-column29891_cc68ed-d1 > .kt-inside-inner-col:before{opacity:0.3;}.kadence-column29891_cc68ed-d1{position:relative;}@media all and (max-width: 1024px){.kadence-column29891_cc68ed-d1 > .kt-inside-inner-col{flex-direction:column;justify-content:center;}}@media all and (max-width: 767px){.kadence-column29891_cc68ed-d1 > .kt-inside-inner-col{flex-direction:column;justify-content:center;}}<\/style>\n<div class=\"wp-block-kadence-column kadence-column29891_cc68ed-d1 kvs-sm-false\"><div class=\"kt-inside-inner-col\"><style>.wp-block-kadence-advancedheading.kt-adv-heading29891_c8cbb4-3a, .wp-block-kadence-advancedheading.kt-adv-heading29891_c8cbb4-3a[data-kb-block=\"kb-adv-heading29891_c8cbb4-3a\"]{max-width:1300px;margin-right:auto;margin-left:auto;text-align:center;font-size:120px;line-height:100px;font-weight:700;font-style:normal;font-family:'Roboto Condensed';text-transform:uppercase;letter-spacing:0.5px;color:#f0ece8;}.wp-block-kadence-advancedheading.kt-adv-heading29891_c8cbb4-3a mark.kt-highlight, .wp-block-kadence-advancedheading.kt-adv-heading29891_c8cbb4-3a[data-kb-block=\"kb-adv-heading29891_c8cbb4-3a\"] mark.kt-highlight{font-style:normal;color:#f76a0c;-webkit-box-decoration-break:clone;box-decoration-break:clone;padding-top:0px;padding-right:0px;padding-bottom:0px;padding-left:0px;}.wp-block-kadence-advancedheading.kt-adv-heading29891_c8cbb4-3a img.kb-inline-image, .wp-block-kadence-advancedheading.kt-adv-heading29891_c8cbb4-3a[data-kb-block=\"kb-adv-heading29891_c8cbb4-3a\"] img.kb-inline-image{width:150px;vertical-align:baseline;}<\/style>\n<h1 class=\"kt-adv-heading29891_c8cbb4-3a wp-block-kadence-advancedheading\" data-kb-block=\"kb-adv-heading29891_c8cbb4-3a\"><strong>Brochura 2026<\/strong><\/h1>\n<\/div><\/div>\n\n\n<style>.kb-row-layout-wrap.wp-block-kadence-rowlayout.kb-row-layout-id29891_3f9d80-e3{margin-top:-40px;}.kb-row-layout-id29891_3f9d80-e3 > .kt-row-column-wrap{align-content:start;}:where(.kb-row-layout-id29891_3f9d80-e3 > .kt-row-column-wrap) > .wp-block-kadence-column{justify-content:start;}.kb-row-layout-id29891_3f9d80-e3 > .kt-row-column-wrap{column-gap:var(--global-kb-gap-md, 2rem);row-gap:var(--global-kb-gap-none, 0rem );padding-bottom:20px;grid-template-columns:minmax(0, 1fr);}.kb-row-layout-id29891_3f9d80-e3 > .kt-row-layout-overlay{opacity:0.30;}@media all and (max-width: 1024px){.kb-row-layout-id29891_3f9d80-e3 > .kt-row-column-wrap{grid-template-columns:minmax(0, 1fr);}}@media all and (max-width: 767px){.kb-row-layout-wrap.wp-block-kadence-rowlayout.kb-row-layout-id29891_3f9d80-e3{margin-top:0px;}.kb-row-layout-id29891_3f9d80-e3 > .kt-row-column-wrap{column-gap:5px;padding-bottom:10px;grid-template-columns:minmax(0, 1fr);}}<\/style><div class=\"kb-row-layout-wrap kb-row-layout-id29891_3f9d80-e3 alignnone wp-block-kadence-rowlayout\"><div class=\"kt-row-column-wrap kt-has-2-columns kt-row-layout-row kt-tab-layout-inherit kt-mobile-layout-row kt-row-valign-top\">\n<style>.kadence-column29891_2d1369-52 > .kt-inside-inner-col{padding-top:5px;}.kadence-column29891_2d1369-52 > .kt-inside-inner-col,.kadence-column29891_2d1369-52 > .kt-inside-inner-col:before{border-top-left-radius:0px;border-top-right-radius:0px;border-bottom-right-radius:0px;border-bottom-left-radius:0px;}.kadence-column29891_2d1369-52 > .kt-inside-inner-col{column-gap:var(--global-kb-gap-sm, 1rem);}.kadence-column29891_2d1369-52 > .kt-inside-inner-col{flex-direction:column;}.kadence-column29891_2d1369-52 > .kt-inside-inner-col > .aligncenter{width:100%;}.kadence-column29891_2d1369-52 > .kt-inside-inner-col:before{opacity:0.3;}.kadence-column29891_2d1369-52{position:relative;}@media all and (max-width: 1024px){.kadence-column29891_2d1369-52 > .kt-inside-inner-col{flex-direction:column;justify-content:center;}}@media all and (max-width: 767px){.kadence-column29891_2d1369-52 > .kt-inside-inner-col{flex-direction:column;justify-content:center;}}<\/style>\n<div class=\"wp-block-kadence-column kadence-column29891_2d1369-52\"><div class=\"kt-inside-inner-col\"><style>.wp-block-kadence-advancedheading.kt-adv-heading29891_d9eb94-8e, .wp-block-kadence-advancedheading.kt-adv-heading29891_d9eb94-8e[data-kb-block=\"kb-adv-heading29891_d9eb94-8e\"]{text-align:center;font-weight:700;font-style:normal;font-family:Roboto;}.wp-block-kadence-advancedheading.kt-adv-heading29891_d9eb94-8e mark.kt-highlight, .wp-block-kadence-advancedheading.kt-adv-heading29891_d9eb94-8e[data-kb-block=\"kb-adv-heading29891_d9eb94-8e\"] mark.kt-highlight{font-style:normal;color:#f76a0c;-webkit-box-decoration-break:clone;box-decoration-break:clone;padding-top:0px;padding-right:0px;padding-bottom:0px;padding-left:0px;}.wp-block-kadence-advancedheading.kt-adv-heading29891_d9eb94-8e img.kb-inline-image, .wp-block-kadence-advancedheading.kt-adv-heading29891_d9eb94-8e[data-kb-block=\"kb-adv-heading29891_d9eb94-8e\"] img.kb-inline-image{width:150px;vertical-align:baseline;}@media all and (max-width: 767px){.wp-block-kadence-advancedheading.kt-adv-heading29891_d9eb94-8e, .wp-block-kadence-advancedheading.kt-adv-heading29891_d9eb94-8e[data-kb-block=\"kb-adv-heading29891_d9eb94-8e\"]{font-size:20px;text-align:center!important;}}<\/style>\n<h2 class=\"kt-adv-heading29891_d9eb94-8e wp-block-kadence-advancedheading\" data-kb-block=\"kb-adv-heading29891_d9eb94-8e\">descarrega agora a brochura 2026<\/h2>\n<\/div><\/div>\n\n\n<style>.kadence-column29891_1870de-22 > .kt-inside-inner-col,.kadence-column29891_1870de-22 > .kt-inside-inner-col:before{border-top-left-radius:0px;border-top-right-radius:0px;border-bottom-right-radius:0px;border-bottom-left-radius:0px;}.kadence-column29891_1870de-22 > .kt-inside-inner-col{column-gap:var(--global-kb-gap-sm, 1rem);}.kadence-column29891_1870de-22 > .kt-inside-inner-col{flex-direction:column;}.kadence-column29891_1870de-22 > .kt-inside-inner-col > .aligncenter{width:100%;}.kadence-column29891_1870de-22 > .kt-inside-inner-col:before{opacity:0.3;}.kadence-column29891_1870de-22{position:relative;}@media all and (max-width: 1024px){.kadence-column29891_1870de-22 > .kt-inside-inner-col{flex-direction:column;justify-content:center;}}@media all and (max-width: 767px){.kadence-column29891_1870de-22 > .kt-inside-inner-col{flex-direction:column;justify-content:center;}}<\/style>\n<div class=\"wp-block-kadence-column kadence-column29891_1870de-22\"><div class=\"kt-inside-inner-col\"><\/div><\/div>\n\n<\/div><\/div>\n\n<style>.wp-block-kadence-advancedheading.kt-adv-heading29891_811aa9-9f, .wp-block-kadence-advancedheading.kt-adv-heading29891_811aa9-9f[data-kb-block=\"kb-adv-heading29891_811aa9-9f\"]{max-width:600px;margin-right:auto;margin-left:auto;padding-bottom:20px;text-align:center;font-size:16px;line-height:25px;font-weight:500;font-style:normal;font-family:Nunito;}.wp-block-kadence-advancedheading.kt-adv-heading29891_811aa9-9f mark.kt-highlight, .wp-block-kadence-advancedheading.kt-adv-heading29891_811aa9-9f[data-kb-block=\"kb-adv-heading29891_811aa9-9f\"] mark.kt-highlight{font-style:normal;color:#f76a0c;-webkit-box-decoration-break:clone;box-decoration-break:clone;padding-top:0px;padding-right:0px;padding-bottom:0px;padding-left:0px;}.wp-block-kadence-advancedheading.kt-adv-heading29891_811aa9-9f img.kb-inline-image, .wp-block-kadence-advancedheading.kt-adv-heading29891_811aa9-9f[data-kb-block=\"kb-adv-heading29891_811aa9-9f\"] img.kb-inline-image{width:150px;vertical-align:baseline;}<\/style>\n<div class=\"kt-adv-heading29891_811aa9-9f wp-block-kadence-advancedheading\" data-kb-block=\"kb-adv-heading29891_811aa9-9f\">A life changing adventure. To explore, learn and have fun.<\/div>\n<\/div><\/div>\n\n<\/div><\/div><style id=\"wpforms-css-vars-32356-block-bf2e95e9-9f08-4ba9-9653-8d8cd8b6c088\">\n\t\t\t\t#wpforms-32356.wpforms-block-bf2e95e9-9f08-4ba9-9653-8d8cd8b6c088 {\n\t\t\t\t--wpforms-field-size-input-height: 43px;\n--wpforms-field-size-input-spacing: 15px;\n--wpforms-field-size-font-size: 16px;\n--wpforms-field-size-line-height: 19px;\n--wpforms-field-size-padding-h: 14px;\n--wpforms-field-size-checkbox-size: 16px;\n--wpforms-field-size-sublabel-spacing: 5px;\n--wpforms-field-size-icon-size: 1;\n--wpforms-label-size-font-size: 16px;\n--wpforms-label-size-line-height: 19px;\n--wpforms-label-size-sublabel-font-size: 14px;\n--wpforms-label-size-sublabel-line-height: 17px;\n--wpforms-button-size-font-size: 17px;\n--wpforms-button-size-height: 41px;\n--wpforms-button-size-padding-h: 15px;\n--wpforms-button-size-margin-top: 10px;\n--wpforms-container-shadow-size-box-shadow: none;\n\t\t\t}\n\t\t\t<\/style><div class=\"wpforms-container wpforms-container-save-resume wpforms-block wpforms-block-bf2e95e9-9f08-4ba9-9653-8d8cd8b6c088 wpforms-lead-forms-container wpforms-render-modern\" id=\"wpforms-32356\"><form id=\"wpforms-form-32356\" class=\"wpforms-validate wpforms-form wpforms-ajax-form\" data-formid=\"32356\" method=\"post\" enctype=\"multipart\/form-data\" action=\"\/pt-br\/wp-json\/wp\/v2\/pages\/30382\" data-token=\"4549dfd229032073009bb354b5f57db5\" data-token-time=\"1775564063\"><noscript class=\"wpforms-error-noscript\">Ative o JavaScript no seu navegador para preencher este formul\u00e1rio.<\/noscript><div id=\"wpforms-error-noscript\" style=\"display: none;\">Ative o JavaScript no seu navegador para preencher este formul\u00e1rio.<\/div><div class=\"wpforms-field-container\"><div id=\"wpforms-32356-field_2-container\" class=\"wpforms-field wpforms-field-email\" data-field-id=\"2\"><label class=\"wpforms-field-label\" for=\"wpforms-32356-field_2\">Endere\u00e7o de e-mail <span class=\"wpforms-required-label\" aria-hidden=\"true\">*<\/span><\/label><input type=\"email\" id=\"wpforms-32356-field_2\" class=\"wpforms-field-large wpforms-field-required\" name=\"wpforms[fields][2]\" spellcheck=\"false\" aria-errormessage=\"wpforms-32356-field_2-error\" required><\/div><div id=\"wpforms-32356-field_3-container\" class=\"wpforms-field wpforms-field-phone\" data-field-id=\"3\"><label class=\"wpforms-field-label\" for=\"wpforms-32356-field_3\">N\u00famero de telefone <span class=\"wpforms-required-label\" aria-hidden=\"true\">*<\/span><\/label><input type=\"tel\" id=\"wpforms-32356-field_3\" class=\"wpforms-field-large wpforms-field-required wpforms-smart-phone-field\" data-rule-smart-phone-field=\"true\" name=\"wpforms[fields][3]\" aria-label=\"N\u00famero de telefone\" aria-errormessage=\"wpforms-32356-field_3-error\" required><\/div><div id=\"wpforms-32356-field_26-container\" class=\"wpforms-field wpforms-field-radio wpforms-list-inline\" data-field-id=\"26\"><fieldset><legend class=\"wpforms-field-label\">Comunica\u00e7\u00e3o Prefer\u00eancia lingu\u00edstica <span class=\"wpforms-required-label\" aria-hidden=\"true\">*<\/span><\/legend><ul id=\"wpforms-32356-field_26\" class=\"wpforms-field-required\"><li class=\"choice-1 depth-1\"><input type=\"radio\" id=\"wpforms-32356-field_26_1\" class=\"wpforms-screen-reader-element\" name=\"wpforms[fields][26]\" value=\"Ingl\u00eas\" aria-errormessage=\"wpforms-32356-field_26_1-error\" required ><label class=\"wpforms-field-label-inline\" for=\"wpforms-32356-field_26_1\">Ingl\u00eas<\/label><\/li><li class=\"choice-2 depth-1\"><input type=\"radio\" id=\"wpforms-32356-field_26_2\" class=\"wpforms-screen-reader-element\" name=\"wpforms[fields][26]\" value=\"Franc\u00eas\" aria-errormessage=\"wpforms-32356-field_26_2-error\" required ><label class=\"wpforms-field-label-inline\" for=\"wpforms-32356-field_26_2\">Franc\u00eas<\/label><\/li><\/ul><\/fieldset><\/div><\/div><!-- .wpforms-field-container --><div class=\"wpforms-recaptcha-container wpforms-is-recaptcha wpforms-is-recaptcha-type-v3\" ><input type=\"hidden\" name=\"wpforms[recaptcha]\" value=\"\"><\/div><div class=\"wpforms-submit-container\" ><input type=\"hidden\" name=\"wpforms[id]\" value=\"32356\"><input type=\"hidden\" name=\"page_title\" value=\"\"><input type=\"hidden\" name=\"page_url\" value=\"https:\/\/youngexplorersclub.ch\/pt-br\/wp-json\/wp\/v2\/pages\/30382\"><input type=\"hidden\" name=\"url_referer\" value=\"\"><button type=\"submit\" name=\"wpforms[submit]\" id=\"wpforms-submit-32356\" class=\"wpforms-submit\" data-alt-text=\"Espera, por favor...\" data-submit-text=\"Obt\u00e9m-no agora\" aria-live=\"assertive\" value=\"wpforms-submit\">Obt\u00e9m-no agora<\/button><img decoding=\"async\" src=\"https:\/\/youngexplorersclub.ch\/wp-content\/plugins\/wpforms\/assets\/images\/submit-spin.svg\" class=\"wpforms-submit-spinner\" style=\"display: none;\" width=\"26\" height=\"26\" alt=\"Carregando\" title=\"\"><\/div><\/form><\/div>  <!-- .wpforms-container --><style id=\"wpforms-lead-forms-inline-styles\">#wpforms-32356, #wpforms-locked-32356 {\n\t\t\t\t--wpforms-lead-forms-accent-color: 255, 136, 0;\n\t\t\t\t--wpforms-lead-forms-box-shadow: 0px 5px 30px rgba(0, 0, 0, 0.1);\n\t\t\t\t--wpforms-lead-forms-border-radius: 10px;\n\t\t\t\t--wpforms-lead-forms-container-background: #ffffff;\n\t\t\t\t--wpforms-lead-forms-container-background-color: #ffffff;\n\t\t\t\t--wpforms-lead-forms-field-border-color: #cccccc;\n\t\t\t\t--wpforms-lead-forms-primary-text-color: #444444;\n\t\t\t\t--wpforms-lead-forms-secondary-text-color: 119, 119, 119;\n\t\t\t}<\/style>","protected":false},"excerpt":{"rendered":"<p>Brochura 2026 descarrega agora a brochura 2026 A life changing adventure. To explore, learn and have fun.<\/p>\n","protected":false},"author":1,"featured_media":0,"parent":0,"menu_order":0,"comment_status":"closed","ping_status":"closed","template":"","meta":{"_kad_blocks_custom_css":"","_kad_blocks_head_custom_js":"","_kad_blocks_body_custom_js":"","_kad_blocks_footer_custom_js":"","_kad_post_transparent":"","_kad_post_title":"","_kad_post_layout":"","_kad_post_sidebar_id":"","_kad_post_content_style":"","_kad_post_vertical_padding":"","_kad_post_feature":"","_kad_post_feature_position":"","_kad_post_header":false,"_kad_post_footer":false,"_kad_post_classname":"","_joinchat":[],"footnotes":""},"class_list":["post-30382","page","type-page","status-publish","hentry"],"wpml_language":null,"taxonomy_info":[],"featured_image_src_large":false,"author_info":{"display_name":"grivas","author_link":"https:\/\/youngexplorersclub.ch\/pt-br\/author\/grivas\/"},"comment_info":"","_links":{"self":[{"href":"https:\/\/youngexplorersclub.ch\/pt-br\/wp-json\/wp\/v2\/pages\/30382","targetHints":{"allow":["GET"]}}],"collection":[{"href":"https:\/\/youngexplorersclub.ch\/pt-br\/wp-json\/wp\/v2\/pages"}],"about":[{"href":"https:\/\/youngexplorersclub.ch\/pt-br\/wp-json\/wp\/v2\/types\/page"}],"author":[{"embeddable":true,"href":"https:\/\/youngexplorersclub.ch\/pt-br\/wp-json\/wp\/v2\/users\/1"}],"replies":[{"embeddable":true,"href":"https:\/\/youngexplorersclub.ch\/pt-br\/wp-json\/wp\/v2\/comments?post=30382"}],"version-history":[{"count":3,"href":"https:\/\/youngexplorersclub.ch\/pt-br\/wp-json\/wp\/v2\/pages\/30382\/revisions"}],"predecessor-version":[{"id":67699,"href":"https:\/\/youngexplorersclub.ch\/pt-br\/wp-json\/wp\/v2\/pages\/30382\/revisions\/67699"}],"wp:attachment":[{"href":"https:\/\/youngexplorersclub.ch\/pt-br\/wp-json\/wp\/v2\/media?parent=30382"}],"curies":[{"name":"wp","href":"https:\/\/api.w.org\/{rel}","templated":true}]}}