{"id":33289,"date":"2019-02-04T16:04:48","date_gmt":"2019-02-04T16:04:48","guid":{"rendered":"https:\/\/youngexplorersclub.ch\/politica-de-privacidade\/"},"modified":"2025-08-06T07:47:17","modified_gmt":"2025-08-06T07:47:17","slug":"politica-de-privacidade","status":"publish","type":"page","link":"https:\/\/youngexplorersclub.ch\/pt-br\/politica-de-privacidade\/","title":{"rendered":"Pol\u00edtica de privacidade"},"content":{"rendered":"<style>.kb-row-layout-wrap.wp-block-kadence-rowlayout.kb-row-layout-id29919_0b6a66-51{margin-top:-15px;margin-bottom:0px;}.kb-row-layout-id29919_0b6a66-51 > .kt-row-column-wrap{align-content:center;}:where(.kb-row-layout-id29919_0b6a66-51 > .kt-row-column-wrap) > .wp-block-kadence-column{justify-content:center;}.kb-row-layout-id29919_0b6a66-51 > .kt-row-column-wrap{column-gap:var(--global-kb-gap-md, 2rem);row-gap:var(--global-kb-gap-md, 2rem);max-width:1920px;margin-left:auto;margin-right:auto;padding-top:0px;padding-right:0px;padding-left:30px;grid-template-columns:minmax(0, 1fr);}.kb-row-layout-id29919_0b6a66-51 > .kt-row-layout-overlay{opacity:0.30;}@media all and (max-width: 1024px){.kb-row-layout-id29919_0b6a66-51 > .kt-row-column-wrap{grid-template-columns:minmax(0, 1fr);}}@media all and (max-width: 767px){.kb-row-layout-wrap.wp-block-kadence-rowlayout.kb-row-layout-id29919_0b6a66-51{margin-top:-25px;}.kb-row-layout-id29919_0b6a66-51 > .kt-row-column-wrap{padding-top:0px;padding-right:20px;padding-bottom:20px;padding-left:20px;grid-template-columns:minmax(0, 1fr);}}<\/style><div class=\"kb-row-layout-wrap kb-row-layout-id29919_0b6a66-51 alignfull wp-block-kadence-rowlayout\"><div class=\"kt-row-column-wrap kt-has-1-columns kt-row-layout-equal kt-tab-layout-inherit kt-mobile-layout-row kt-row-valign-middle\">\n<style>.kadence-column29919_4c3f97-29 > .kt-inside-inner-col{padding-top:0px;padding-right:0px;padding-bottom:0px;padding-left:0px;}.kadence-column29919_4c3f97-29 > .kt-inside-inner-col,.kadence-column29919_4c3f97-29 > .kt-inside-inner-col:before{border-top-left-radius:0px;border-top-right-radius:0px;border-bottom-right-radius:0px;border-bottom-left-radius:0px;}.kadence-column29919_4c3f97-29 > .kt-inside-inner-col{column-gap:var(--global-kb-gap-sm, 1rem);}.kadence-column29919_4c3f97-29 > .kt-inside-inner-col{flex-direction:column;}.kadence-column29919_4c3f97-29 > .kt-inside-inner-col > .aligncenter{width:100%;}.kadence-column29919_4c3f97-29 > .kt-inside-inner-col:before{opacity:0.3;}.kadence-column29919_4c3f97-29{position:relative;}@media all and (max-width: 1024px){.kadence-column29919_4c3f97-29 > .kt-inside-inner-col{flex-direction:column;justify-content:center;}}@media all and (max-width: 767px){.kadence-column29919_4c3f97-29 > .kt-inside-inner-col{flex-direction:column;justify-content:center;}}<\/style>\n<div class=\"wp-block-kadence-column kadence-column29919_4c3f97-29\"><div class=\"kt-inside-inner-col\"><style>.wp-block-kadence-advancedheading.kt-adv-heading29919_0a2a7f-e3, .wp-block-kadence-advancedheading.kt-adv-heading29919_0a2a7f-e3[data-kb-block=\"kb-adv-heading29919_0a2a7f-e3\"]{padding-top:0px;padding-right:10px;padding-bottom:0px;padding-left:10px;font-size:18px;font-weight:500;font-style:normal;font-family:Nunito;}.wp-block-kadence-advancedheading.kt-adv-heading29919_0a2a7f-e3 mark.kt-highlight, .wp-block-kadence-advancedheading.kt-adv-heading29919_0a2a7f-e3[data-kb-block=\"kb-adv-heading29919_0a2a7f-e3\"] mark.kt-highlight{font-style:normal;color:#f76a0c;-webkit-box-decoration-break:clone;box-decoration-break:clone;padding-top:0px;padding-right:0px;padding-bottom:0px;padding-left:0px;}.wp-block-kadence-advancedheading.kt-adv-heading29919_0a2a7f-e3 img.kb-inline-image, .wp-block-kadence-advancedheading.kt-adv-heading29919_0a2a7f-e3[data-kb-block=\"kb-adv-heading29919_0a2a7f-e3\"] img.kb-inline-image{width:150px;vertical-align:baseline;}@media all and (max-width: 767px){.wp-block-kadence-advancedheading.kt-adv-heading29919_0a2a7f-e3, .wp-block-kadence-advancedheading.kt-adv-heading29919_0a2a7f-e3[data-kb-block=\"kb-adv-heading29919_0a2a7f-e3\"]{padding-right:0px;padding-left:0px;font-size:15px;}}<\/style>\n<p class=\"kt-adv-heading29919_0a2a7f-e3 wp-block-kadence-advancedheading has-theme-palette-3-color has-text-color\" data-kb-block=\"kb-adv-heading29919_0a2a7f-e3\"><strong>A. Introdu\u00e7\u00e3o<\/strong><br\/><br\/>1. A privacidade dos visitantes do nosso s\u00edtio Web \u00e9 muito importante para n\u00f3s e estamos empenhados em proteg\u00ea-la. Esta pol\u00edtica descreve o que fazemos com as tuas informa\u00e7\u00f5es pessoais.<br\/>2. O consentimento para a utiliza\u00e7\u00e3o de cookies de acordo com esta pol\u00edtica na tua primeira visita ao nosso s\u00edtio Web permite-nos utilizar cookies sempre que o fizeres.<br\/><br\/><strong>B. Fonte<\/strong><br\/>Este documento foi criado utilizando um modelo da SEQ Legal (seqlegal.com)<br\/>e foi modificado por Website Planet ( <a href=\"https:\/\/www.websiteplanet.com\/\" target=\"_blank\" rel=\"noreferrer noopener\">www.websiteplanet.com<\/a> )<br\/><br\/><strong>C. Recolha de informa\u00e7\u00f5es pessoais<\/strong><br\/>Os seguintes tipos de informa\u00e7\u00f5es pessoais podem ser recolhidos, armazenados e utilizados:<br\/>1. Informa\u00e7\u00f5es sobre o teu computador, incluindo o teu endere\u00e7o IP, localiza\u00e7\u00e3o geogr\u00e1fica, tipo e vers\u00e3o do browser e sistema operativo;<br\/>2. Informa\u00e7\u00f5es sobre as tuas visitas e a utiliza\u00e7\u00e3o deste s\u00edtio Web, incluindo a fonte de refer\u00eancia, a dura\u00e7\u00e3o da visita, as visualiza\u00e7\u00f5es de p\u00e1ginas e os percursos de navega\u00e7\u00e3o no s\u00edtio Web;<br\/>3. Informa\u00e7\u00f5es como o teu endere\u00e7o de e-mail, que nos forneces quando te registas no s\u00edtio;<br\/>4. Informa\u00e7\u00f5es que introduzes quando crias um perfil no nosso s\u00edtio Web, como o teu nome, fotografia de perfil, sexo, data de nascimento, estado de relacionamento, interesses e passatempos, forma\u00e7\u00e3o acad\u00e9mica e hist\u00f3rico profissional;<br\/>5. Informa\u00e7\u00f5es como o teu nome e endere\u00e7o de e-mail, que introduzes para subscrever os nossos e-mails e\/ou boletins informativos;<br\/>6. Informa\u00e7\u00f5es que introduzes quando utilizas os servi\u00e7os do nosso s\u00edtio Web;<br\/>7. Informa\u00e7\u00f5es geradas quando utilizas o nosso s\u00edtio, incluindo quando, com que frequ\u00eancia e em que circunst\u00e2ncias o utilizas;<br\/>8. Informa\u00e7\u00f5es relacionadas com as compras que fazes, os servi\u00e7os que utilizas ou as transac\u00e7\u00f5es que efectuas no nosso site, que incluem o teu nome, morada, n\u00famero de telefone, endere\u00e7o de e-mail e informa\u00e7\u00f5es banc\u00e1rias;<br\/>9. Informa\u00e7\u00f5es que publicas no nosso s\u00edtio Web com a inten\u00e7\u00e3o de as publicar na Internet, o que inclui o teu nome de utilizador, imagens de perfil e o conte\u00fado das tuas mensagens;<br\/>10. Informa\u00e7\u00f5es contidas em quaisquer comunica\u00e7\u00f5es que nos envies por e-mail ou no nosso s\u00edtio Web, incluindo o seu conte\u00fado e metadados;<br\/>11. Quaisquer outras informa\u00e7\u00f5es pessoais que nos forne\u00e7as.<br\/>Antes de nos divulgares informa\u00e7\u00f5es pessoais sobre outra pessoa, tens de obter o consentimento dessa pessoa relativamente \u00e0 divulga\u00e7\u00e3o e ao processamento dessas informa\u00e7\u00f5es pessoais nos termos da presente pol\u00edtica<br\/><br\/><strong>D. Utiliza\u00e7\u00e3o das tuas informa\u00e7\u00f5es pessoais<\/strong><br\/>As informa\u00e7\u00f5es pessoais que nos s\u00e3o fornecidas atrav\u00e9s do nosso s\u00edtio Web ser\u00e3o utilizadas para os fins descritos na presente pol\u00edtica ou nas p\u00e1ginas relevantes do s\u00edtio. Podemos utilizar as tuas informa\u00e7\u00f5es pessoais para: <br\/>1. Administrar o nosso s\u00edtio Web e a nossa atividade;<br\/>2. Personalizar o nosso site para ti;<br\/>3. Para permitir a tua utiliza\u00e7\u00e3o dos servi\u00e7os oferecidos no nosso s\u00edtio Web;<br\/>4. Enviar-te produtos comprados no nosso site;<br\/>5. Para te fornecer servi\u00e7os adquiridos no nosso site;<br\/>6. Enviar-te extractos, facturas e lembretes de pagamento, e cobrar os teus pagamentos;<br\/>7. Enviar-te comunica\u00e7\u00f5es de marketing que n\u00e3o sejam de marketing;<br\/>8. Enviar-te notifica\u00e7\u00f5es por e-mail que tenhas expressamente solicitado;<br\/>9. Enviar-te o nosso boletim informativo por e-mail, se o tiveres solicitado (podes informar-nos a qualquer momento do teu desejo de deixar de receber o nosso boletim informativo);<br\/>10. Enviar-te comunica\u00e7\u00f5es de marketing relacionadas com a nossa atividade ou com empresas terceiras cuidadosamente selecionadas que pensamos poderem ser do teu interesse, sob a forma de correio ou, se tiveres dado o teu consentimento expresso, por e-mail ou tecnologia semelhante (podes informar-nos a qualquer momento que j\u00e1 n\u00e3o desejas receber comunica\u00e7\u00f5es de marketing);<br\/>11. Fornecer informa\u00e7\u00f5es estat\u00edsticas sobre os nossos utilizadores a terceiros (sem que esses terceiros possam identificar um utilizador individual com essas informa\u00e7\u00f5es);<br\/>12. Para tratar de quest\u00f5es e queixas relacionadas com o teu s\u00edtio Web feitas por ti ou a teu respeito;<br\/>13. Manter a seguran\u00e7a do nosso s\u00edtio Web e evitar fraudes;<br\/>14. Verifica o cumprimento dos termos e condi\u00e7\u00f5es que regem a utiliza\u00e7\u00e3o do nosso s\u00edtio Web (incluindo a monitoriza\u00e7\u00e3o de mensagens privadas enviadas atrav\u00e9s do servi\u00e7o de mensagens privadas do nosso s\u00edtio Web); e<br\/>15. Outras utiliza\u00e7\u00f5es.<br\/>Se enviares informa\u00e7\u00f5es pessoais para o nosso s\u00edtio Web para fins de publica\u00e7\u00e3o, public\u00e1-las-emos e poderemos utilizar essas informa\u00e7\u00f5es de acordo com as autoriza\u00e7\u00f5es que nos concederes.<br\/>As tuas defini\u00e7\u00f5es de privacidade podem ser utilizadas para limitar a publica\u00e7\u00e3o das tuas informa\u00e7\u00f5es no nosso s\u00edtio Web e podem ser ajustadas nas tuas defini\u00e7\u00f5es de privacidade no s\u00edtio Web.<br\/>Sem o teu consentimento expl\u00edcito, n\u00e3o forneceremos as tuas informa\u00e7\u00f5es pessoais a terceiros para o seu marketing direto ou o de outros terceiros.<br\/><br\/><strong>E. Divulga\u00e7\u00e3o das tuas informa\u00e7\u00f5es pessoais<\/strong><br\/>Podemos divulgar as tuas informa\u00e7\u00f5es pessoais a qualquer um dos nossos funcion\u00e1rios, diretores, seguradoras, consultores profissionais, agentes, fornecedores ou subcontratantes na medida do razoavelmente necess\u00e1rio para os fins definidos nesta pol\u00edtica.<br\/>Podemos divulgar as tuas informa\u00e7\u00f5es pessoais a qualquer membro do nosso grupo de empresas (isto significa as nossas subsidi\u00e1rias, a nossa empresa-m\u00e3e e todas as suas subsidi\u00e1rias) na medida do razoavelmente necess\u00e1rio para os fins definidos nesta pol\u00edtica.<br\/>Podemos divulgar as tuas informa\u00e7\u00f5es pessoais:<br\/>1. Na medida em que tal nos seja exigido por lei;<br\/>2. Em rela\u00e7\u00e3o a qualquer processo judicial em curso ou futuro;<br\/>3. Para estabelecer, exercer ou defender os nossos direitos legais (incluindo o fornecimento de informa\u00e7\u00f5es a terceiros para efeitos de preven\u00e7\u00e3o de fraudes e redu\u00e7\u00e3o do risco de cr\u00e9dito);<br\/>4. Ao comprador (ou potencial comprador) de qualquer neg\u00f3cio ou ativo na nossa posse que desejemos (ou estejamos a considerar vender); e<br\/>5. A qualquer pessoa que acreditemos razoavelmente ser parte integrante de um tribunal ou outra autoridade com jurisdi\u00e7\u00e3o sobre a divulga\u00e7\u00e3o dessas informa\u00e7\u00f5es pessoais se, na nossa opini\u00e3o, for prov\u00e1vel que esse tribunal ou autoridade exija a divulga\u00e7\u00e3o dessas informa\u00e7\u00f5es pessoais.<br\/>Salvo disposi\u00e7\u00e3o em contr\u00e1rio na presente pol\u00edtica, n\u00e3o partilharemos as tuas informa\u00e7\u00f5es pessoais com terceiros.<br\/><br\/><strong>F. Transfer\u00eancias internacionais de dados<\/strong><br\/>1. As informa\u00e7\u00f5es que recolhemos podem ser armazenadas, processadas e transferidas em qualquer pa\u00eds em que operemos, de modo a permitir-nos utilizar as informa\u00e7\u00f5es de acordo com esta pol\u00edtica.<br\/>2. As informa\u00e7\u00f5es que recolhemos podem ser transferidas para os seguintes pa\u00edses que n\u00e3o t\u00eam leis de prote\u00e7\u00e3o de dados equivalentes \u00e0s do Espa\u00e7o Econ\u00f3mico Europeu: Estados Unidos da Am\u00e9rica, R\u00fassia, Jap\u00e3o, China e \u00cdndia.<br\/>3. As informa\u00e7\u00f5es pessoais que colocas no nosso s\u00edtio Web ou que submetes para publica\u00e7\u00e3o podem estar dispon\u00edveis, atrav\u00e9s da Internet, em todo o mundo. N\u00e3o podemos impedir a utiliza\u00e7\u00e3o ou a utiliza\u00e7\u00e3o incorrecta destas informa\u00e7\u00f5es por terceiros.<br\/>4. Concordas expressamente com a transfer\u00eancia de informa\u00e7\u00f5es pessoais descrita na presente sec\u00e7\u00e3o F.<br\/><br\/><strong>G. Reten\u00e7\u00e3o das tuas informa\u00e7\u00f5es pessoais<\/strong><br\/>1. Esta Sec\u00e7\u00e3o G descreve as nossas pol\u00edticas e procedimentos de reten\u00e7\u00e3o de dados, concebidos para nos ajudar a cumprir as nossas obriga\u00e7\u00f5es legais relativamente \u00e0 reten\u00e7\u00e3o e elimina\u00e7\u00e3o de informa\u00e7\u00f5es pessoais.<br\/>2. As informa\u00e7\u00f5es pessoais que tratamos para qualquer fim n\u00e3o s\u00e3o conservadas por mais tempo do que o necess\u00e1rio para esse fim ou fins.<br\/>3. Sem preju\u00edzo do disposto na Sec\u00e7\u00e3o G-2, os dados pessoais destas categorias ser\u00e3o geralmente eliminados na data e hora abaixo indicadas: a. Este tipo de dados pessoais ser\u00e1 apagado b. {ENTER DATE\/TIME}; e<br\/>{INSERE OUTRAS DATAS\/HORAS}.<br\/>4. N\u00e3o obstante as outras disposi\u00e7\u00f5es da presente Sec\u00e7\u00e3o G, conservaremos documentos (incluindo documentos electr\u00f3nicos) que contenham dados pessoais: a. Na medida em que tal nos seja exigido por lei;<br\/>b. Se acreditarmos que os documentos podem ser relevantes para qualquer processo judicial pendente ou potencial; e<br\/>c. Para estabelecer, exercer ou defender os nossos direitos legais (incluindo o fornecimento de informa\u00e7\u00f5es a terceiros para efeitos de preven\u00e7\u00e3o de fraudes e redu\u00e7\u00e3o do risco de cr\u00e9dito).<br\/><br\/><strong>H. Seguran\u00e7a das tuas informa\u00e7\u00f5es pessoais<\/strong><br\/>1. Tomaremos precau\u00e7\u00f5es t\u00e9cnicas e organizacionais razo\u00e1veis para evitar a perda, a utiliza\u00e7\u00e3o incorrecta ou a altera\u00e7\u00e3o das tuas informa\u00e7\u00f5es pessoais.<br\/>2. Armazenaremos todas as informa\u00e7\u00f5es pessoais que nos forneceres em servidores seguros (protegidos por palavra-passe e firewalls).<br\/>3. Todas as transac\u00e7\u00f5es financeiras electr\u00f3nicas efectuadas atrav\u00e9s do nosso s\u00edtio Web ser\u00e3o protegidas por tecnologias de encripta\u00e7\u00e3o.<br\/>4. Reconheces que a transmiss\u00e3o de informa\u00e7\u00f5es atrav\u00e9s da Internet \u00e9 inerentemente insegura e que n\u00e3o podemos garantir a seguran\u00e7a dos teus dados enviados atrav\u00e9s da Internet.<br\/>5. \u00c9s respons\u00e1vel por manter a confidencialidade da palavra-passe que utilizas para aceder ao nosso s\u00edtio Web; n\u00e3o te pediremos a tua palavra-passe (exceto quando iniciares sess\u00e3o no nosso s\u00edtio Web).<br\/><br\/><strong>I. Altera\u00e7\u00f5es<\/strong><br\/>Ocasionalmente, poderemos atualizar esta pol\u00edtica publicando uma nova vers\u00e3o no nosso s\u00edtio Web. Deves consultar esta p\u00e1gina periodicamente para te certificares de que tens conhecimento de quaisquer altera\u00e7\u00f5es a esta pol\u00edtica. Poderemos notificar-te de altera\u00e7\u00f5es a esta pol\u00edtica por correio eletr\u00f3nico ou atrav\u00e9s do servi\u00e7o de mensagens privadas do nosso s\u00edtio Web.<br\/><br\/><strong>J. Os teus direitos<\/strong><br\/>Podes pedir-nos que te forne\u00e7amos qualquer informa\u00e7\u00e3o pessoal que tenhamos sobre ti; a transfer\u00eancia dessa informa\u00e7\u00e3o estar\u00e1 sujeita \u00e0s seguintes condi\u00e7\u00f5es:<br\/>1. Pagamento da taxa {INCLUI AS TAXAS, SE APLIC\u00c1VEIS}; e<br\/>2. Apresenta\u00e7\u00e3o de prova suficiente da tua identidade {ADJUST TEXT TO REFLECT YOUR POLICY} (para este efeito, aceitamos geralmente uma fotoc\u00f3pia autenticada do teu passaporte e uma c\u00f3pia original de uma fatura de servi\u00e7os p\u00fablicos que indique a tua morada atual).<br\/>Podemos reter as informa\u00e7\u00f5es pessoais que solicitas at\u00e9 ao limite permitido por lei.<br\/>Podes pedir-nos, a qualquer momento, que n\u00e3o processemos as tuas informa\u00e7\u00f5es pessoais para fins de marketing.<br\/>Na pr\u00e1tica, o utilizador expressar\u00e1 previamente e de forma expressa o seu consentimento para utilizarmos as suas informa\u00e7\u00f5es pessoais para fins de marketing ou dar-lhe-emos a oportunidade de optar por n\u00e3o utilizar as suas informa\u00e7\u00f5es pessoais para fins de marketing.<br\/><br\/><strong>K. S\u00edtios Web de terceiros<\/strong><br\/>O nosso s\u00edtio Web cont\u00e9m hiperliga\u00e7\u00f5es para s\u00edtios Web de terceiros e informa\u00e7\u00f5es sobre os mesmos. N\u00e3o temos qualquer controlo sobre estes sites e n\u00e3o somos respons\u00e1veis pelas suas pol\u00edticas ou pr\u00e1ticas de privacidade. <br\/><br\/><strong>L. Atualizar informa\u00e7\u00f5es<\/strong><br\/>Informa-nos se as informa\u00e7\u00f5es pessoais que temos sobre ti precisam de ser corrigidas ou actualizadas.<br\/><br\/><strong>M. Biscoitos<\/strong><br\/>O nosso s\u00edtio Web utiliza cookies. Um cookie \u00e9 um ficheiro que cont\u00e9m um identificador (uma cadeia de letras e n\u00fameros) enviado por um servidor Web para um navegador Web e armazenado pelo navegador. O identificador \u00e9 ent\u00e3o enviado de volta para o servidor sempre que o navegador solicita uma p\u00e1gina do servidor. Os cookies podem ser &#8220;persistentes&#8221; ou de &#8220;sess\u00e3o&#8221;: um cookie persistente \u00e9 armazenado pelo navegador e permanece v\u00e1lido at\u00e9 \u00e0 sua data de expira\u00e7\u00e3o, a menos que seja apagado pelo utilizador antes dessa data de expira\u00e7\u00e3o; quanto a um cookie de sess\u00e3o, expira no final da sess\u00e3o do utilizador, quando o navegador \u00e9 fechado. Os cookies geralmente n\u00e3o cont\u00eam qualquer informa\u00e7\u00e3o que possa ser utilizada para identificar pessoalmente um utilizador, mas as informa\u00e7\u00f5es pessoais que armazenamos sobre ti podem estar ligadas \u00e0s informa\u00e7\u00f5es armazenadas nos cookies e obtidas pelos cookies. S\u00f3 utilizamos cookies de sess\u00e3o \/ cookies persistentes \/ cookies de sess\u00e3o e cookies persistentes no nosso s\u00edtio Web}.<br\/>1. Os nomes dos cookies que utilizamos no nosso s\u00edtio Web e as finalidades para as quais os utilizamos s\u00e3o descritos abaixo: a. Utilizamos o Google Analytics e o Adwords no nosso s\u00edtio Web para: {INCLUIR TODAS AS MANEIRAS EM QUE OS COOKIES S\u00c3O UTILIZADOS NO SEU SITE} reconhecer um computador quando um utilizador visita o site\/ rastrear os utilizadores \u00e0 medida que navegam no site\/ permitir a utiliza\u00e7\u00e3o de um carrinho de compras no site\/ melhorar a utiliza\u00e7\u00e3o de um site\/ analisar a utiliza\u00e7\u00e3o do site\/ administrar o site\/ evitar fraudes e melhorar a seguran\u00e7a do site\/ personalizar o site para cada utilizador\/ enviar an\u00fancios direcionados que possam ser do interesse de determinados utilizadores (descrever as suas outras finalidades);<br\/>2. A maioria dos browsers permite-te recusar ou aceitar cookies. Como o qu\u00ea: a. com o Internet Explorer (vers\u00e3o 10), podes bloquear os cookies utilizando as defini\u00e7\u00f5es de anula\u00e7\u00e3o da gest\u00e3o de cookies dispon\u00edveis clicando em &#8220;Ferramentas&#8221;, &#8220;Op\u00e7\u00f5es da Internet&#8221;, &#8220;Privacidade&#8221; e depois em &#8220;Avan\u00e7adas&#8221;;<br\/>b. com o Firefox (vers\u00e3o 24), podes bloquear todos os cookies clicando em &#8220;Ferramentas&#8221;, &#8220;Op\u00e7\u00f5es&#8221;, &#8220;Privacidade&#8221; e, em seguida, selecionando &#8220;Utilizar defini\u00e7\u00f5es personalizadas para o hist\u00f3rico&#8221; no menu pendente e desmarcando &#8220;Aceitar cookies de sites&#8221;; e<br\/>c. Com o Chrome (vers\u00e3o 29), podes bloquear todos os cookies acedendo ao menu &#8220;Personalizar e controlar&#8221; e clicando em &#8220;Defini\u00e7\u00f5es&#8221;, &#8220;Mostrar defini\u00e7\u00f5es avan\u00e7adas&#8221; e &#8220;Defini\u00e7\u00f5es de conte\u00fado&#8221; e, em seguida, selecionando &#8220;Impedir que os sites definam dados&#8221; na rubrica &#8220;Cookies&#8221;.<br\/>O bloqueio de todos os cookies ter\u00e1 um impacto negativo na utiliza\u00e7\u00e3o de muitos s\u00edtios Web. Se bloqueares os cookies, n\u00e3o poder\u00e1s utilizar todas as funcionalidades do nosso s\u00edtio Web. <br\/>3. Podes apagar os cookies que j\u00e1 est\u00e3o armazenados no teu computador. Exemplo: a. com o Internet Explorer (vers\u00e3o 10), tens de apagar o ficheiro cookie manualmente (podes encontrar instru\u00e7\u00f5es sobre como o fazer aqui <a href=\"http:\/\/support.microsoft.com\/kb\/278835\" target=\"_blank\" rel=\"noreferrer noopener\">http:\/\/support.microsoft.com\/kb\/278835)<\/a>;<br\/>b. No Firefox (vers\u00e3o 24), podes apagar os cookies clicando em &#8220;Ferramentas&#8221;, &#8220;Op\u00e7\u00f5es&#8221; e &#8220;Privacidade&#8221;, selecionando depois &#8220;Utilizar defini\u00e7\u00f5es personalizadas para o hist\u00f3rico&#8221; e clicando em &#8220;Mostrar cookies&#8221; e depois em &#8220;Apagar todos os cookies&#8221;; e<br\/>c. Com o Chrome (vers\u00e3o 29), podes apagar todos os cookies acedendo ao menu &#8220;Personalizar e controlar&#8221; e clicando em &#8220;Defini\u00e7\u00f5es&#8221;, &#8220;Mostrar defini\u00e7\u00f5es avan\u00e7adas&#8221; e &#8220;Apagar dados de navega\u00e7\u00e3o&#8221; e depois em &#8220;Apagar cookies e dados de complementos de outros sites&#8221; antes de clicar em &#8220;Apagar dados de navega\u00e7\u00e3o&#8221;.<br\/>4. A elimina\u00e7\u00e3o dos cookies ter\u00e1 um impacto negativo na utiliza\u00e7\u00e3o de muitos s\u00edtios Web.<\/p>\n<\/div><\/div>\n\n<\/div><\/div>","protected":false},"excerpt":{"rendered":"<p>A. Introdu\u00e7\u00e3o 1. A privacidade dos visitantes do nosso s\u00edtio Web \u00e9 muito importante para n\u00f3s e estamos empenhados em proteg\u00ea-la. Esta pol\u00edtica descreve o que fazemos com as tuas informa\u00e7\u00f5es pessoais.2. O consentimento para a utiliza\u00e7\u00e3o de cookies de acordo com esta pol\u00edtica na tua primeira visita ao nosso s\u00edtio Web permite-nos utilizar cookies&#8230;<\/p>\n","protected":false},"author":1,"featured_media":0,"parent":0,"menu_order":0,"comment_status":"closed","ping_status":"closed","template":"","meta":{"_kad_blocks_custom_css":"","_kad_blocks_head_custom_js":"","_kad_blocks_body_custom_js":"","_kad_blocks_footer_custom_js":"","_kad_post_transparent":"","_kad_post_title":"","_kad_post_layout":"","_kad_post_sidebar_id":"","_kad_post_content_style":"","_kad_post_vertical_padding":"","_kad_post_feature":"","_kad_post_feature_position":"","_kad_post_header":false,"_kad_post_footer":false,"_kad_post_classname":"","_joinchat":[],"footnotes":""},"class_list":["post-33289","page","type-page","status-publish","hentry"],"wpml_language":null,"taxonomy_info":[],"featured_image_src_large":false,"author_info":{"display_name":"grivas","author_link":"https:\/\/youngexplorersclub.ch\/pt-br\/author\/grivas\/"},"comment_info":"","_links":{"self":[{"href":"https:\/\/youngexplorersclub.ch\/pt-br\/wp-json\/wp\/v2\/pages\/33289","targetHints":{"allow":["GET"]}}],"collection":[{"href":"https:\/\/youngexplorersclub.ch\/pt-br\/wp-json\/wp\/v2\/pages"}],"about":[{"href":"https:\/\/youngexplorersclub.ch\/pt-br\/wp-json\/wp\/v2\/types\/page"}],"author":[{"embeddable":true,"href":"https:\/\/youngexplorersclub.ch\/pt-br\/wp-json\/wp\/v2\/users\/1"}],"replies":[{"embeddable":true,"href":"https:\/\/youngexplorersclub.ch\/pt-br\/wp-json\/wp\/v2\/comments?post=33289"}],"version-history":[{"count":0,"href":"https:\/\/youngexplorersclub.ch\/pt-br\/wp-json\/wp\/v2\/pages\/33289\/revisions"}],"wp:attachment":[{"href":"https:\/\/youngexplorersclub.ch\/pt-br\/wp-json\/wp\/v2\/media?parent=33289"}],"curies":[{"name":"wp","href":"https:\/\/api.w.org\/{rel}","templated":true}]}}